{"id":987514936,"date":"2023-02-21T11:24:51","date_gmt":"2023-02-21T16:24:51","guid":{"rendered":"https:\/\/pm4ngos.org\/badges\/"},"modified":"2024-05-17T00:13:55","modified_gmt":"2024-05-17T04:13:55","slug":"badges","status":"publish","type":"page","link":"https:\/\/pm4ngos.org\/pt-br\/alunos\/badges\/","title":{"rendered":"Badges"},"content":{"rendered":"<p>[et_pb_section fb_built=&#8221;1&#8243; admin_label=&#8221;Top Gradient&#8221; _builder_version=&#8221;4.21.0&#8243; _module_preset=&#8221;default&#8221; use_background_color_gradient=&#8221;on&#8221; background_color_gradient_stops=&#8221;#1bb3eb 0%|#ffffff 38%&#8221; positioning=&#8221;absolute&#8221; position_origin_a=&#8221;top_center&#8221; position_origin_f=&#8221;center_center&#8221; z_index=&#8221;1&#8243; locked=&#8221;off&#8221; collapsed=&#8221;on&#8221; global_colors_info=&#8221;{}&#8221;][et_pb_row _builder_version=&#8221;4.21.0&#8243; _module_preset=&#8221;default&#8221; global_colors_info=&#8221;{}&#8221;][et_pb_column type=&#8221;4_4&#8243; _builder_version=&#8221;4.21.0&#8243; _module_preset=&#8221;default&#8221; global_colors_info=&#8221;{}&#8221;][et_pb_text _builder_version=&#8221;4.20.4&#8243; _module_preset=&#8221;default&#8221; global_colors_info=&#8221;{}&#8221;][\/et_pb_text][\/et_pb_column][\/et_pb_row][\/et_pb_section][et_pb_section fb_built=&#8221;1&#8243; _builder_version=&#8221;4.20.2&#8243; _module_preset=&#8221;default&#8221; global_colors_info=&#8221;{}&#8221;][et_pb_row _builder_version=&#8221;4.20.2&#8243; _module_preset=&#8221;default&#8221; global_colors_info=&#8221;{}&#8221;][et_pb_column type=&#8221;4_4&#8243; _builder_version=&#8221;4.20.2&#8243; _module_preset=&#8221;default&#8221; global_colors_info=&#8221;{}&#8221;][et_pb_text _builder_version=&#8221;4.23.4&#8243; text_font=&#8221;Poppins||||||||&#8221; text_text_color=&#8221;#F8961E&#8221; text_font_size=&#8221;18px&#8221; text_line_height=&#8221;1.8em&#8221; header_font=&#8221;Poppins|600|||||||&#8221; header_text_color=&#8221;#ffffff&#8221; header_font_size=&#8221;48px&#8221; header_line_height=&#8221;1.4em&#8221; header_3_font=&#8221;Poppins|600|||||||&#8221; header_3_font_size=&#8221;36px&#8221; header_3_line_height=&#8221;1.4em&#8221; background_layout=&#8221;dark&#8221; max_width=&#8221;1080px&#8221; module_alignment=&#8221;left&#8221; custom_margin=&#8221;|-427px||||&#8221; custom_padding=&#8221;|0px||||&#8221; locked=&#8221;off&#8221; global_colors_info=&#8221;{}&#8221;]<\/p>\n<h3 class=\"hs-main-title\" style=\"text-align: center;\"><strong><span style=\"color: #f8961e;\">DPro Digital Badges<\/span><\/strong><\/h3>\n<nav role=\"navigation\" aria-label=\"Breadcrumbs\" class=\"breadcrumb-trail breadcrumbs\" itemprop=\"breadcrumb\"><\/nav>\n<p>[\/et_pb_text][dipi_text_highlighter text_highlighter_prefix=&#8221;Os badges digitais s\u00e3o representa\u00e7\u00f5es digitais seguras de suas&#8221; text_highlighter_text=&#8221;credenciais de desenvolvimento profissional&#8221; stroke_color=&#8221;#25ABE2&#8243; _builder_version=&#8221;4.23.4&#8243; _module_preset=&#8221;default&#8221; all_text_text_align=&#8221;center&#8221; all_text_line_height=&#8221;1.2em&#8221; hover_enabled=&#8221;0&#8243; global_colors_info=&#8221;{}&#8221; sticky_enabled=&#8221;0&#8243;][\/dipi_text_highlighter][\/et_pb_column][\/et_pb_row][et_pb_row _builder_version=&#8221;4.20.4&#8243; _module_preset=&#8221;default&#8221; min_height=&#8221;217.4px&#8221; global_colors_info=&#8221;{}&#8221;][et_pb_column type=&#8221;4_4&#8243; _builder_version=&#8221;4.20.4&#8243; _module_preset=&#8221;default&#8221; global_colors_info=&#8221;{}&#8221;][et_pb_text _builder_version=&#8221;4.20.4&#8243; _module_preset=&#8221;default&#8221; custom_padding=&#8221;||2px|||&#8221; global_colors_info=&#8221;{}&#8221;]<\/p>\n<p><span>Os badges digitais s\u00e3o micro-credenciais digitais padr\u00e3o, verific\u00e1veis, port\u00e1teis e compartilh\u00e1veis com informa\u00e7\u00f5es incorporadas sobre as habilidades e realiza\u00e7\u00f5es de seus destinat\u00e1rios. Eles foram desenvolvidos para tornar vis\u00edvel e reconhecer o que aprendemos e alcan\u00e7amos atrav\u00e9s do trabalho, escola, hobbies, voluntariado e v\u00e1rias outras atividades em nossas vidas.\u00a0 Eles podem ser usados para validar compet\u00eancias e realiza\u00e7\u00f5es, para motivar funcion\u00e1rios, volunt\u00e1rios e estudantes, para estabelecer caminhos de aprendizagem e monitorar metas de desenvolvimento individuais ou organizacionais. <\/span><\/p>\n<p><span>A partir de 16 de junho de 2021, os exames PM4NGOs s\u00e3o realizados em um sistema novo e independente, uma plataforma confi\u00e1vel e simples, com uma experi\u00eancia de usu\u00e1rio aprimorada, que garantir\u00e1 o aumento do alcance de nossas melhores pr\u00e1ticas e certifica\u00e7\u00f5es. <\/span><\/p>\n<p><span>Depois de passar com sucesso no exame DPro, voc\u00ea receber\u00e1 uma mensagem do nosso sistema de exame com um link para solicitar seu crach\u00e1. Voc\u00ea tamb\u00e9m pode solicitar o seu crach\u00e1 clicando nos crach\u00e1s abaixo:<\/span><\/p>\n<p>[\/et_pb_text][\/et_pb_column][\/et_pb_row][et_pb_row column_structure=&#8221;1_3,1_3,1_3&#8243; _builder_version=&#8221;4.20.4&#8243; _module_preset=&#8221;default&#8221; custom_margin=&#8221;-40px|auto||auto||&#8221; custom_padding=&#8221;||0px|||&#8221; global_colors_info=&#8221;{}&#8221;][et_pb_column type=&#8221;1_3&#8243; _builder_version=&#8221;4.20.4&#8243; _module_preset=&#8221;default&#8221; global_colors_info=&#8221;{}&#8221;][et_pb_image src=&#8221;https:\/\/pm4ngos.org\/wp-content\/uploads\/2023\/05\/Project-DPro-Foundation-Badge.png&#8221; title_text=&#8221;Project DPro Foundation Badge&#8221; url=&#8221;https:\/\/openbadgefactory.com\/c\/earnablebadge\/QYELK6a25CaKRV\/apply&#8221; url_new_window=&#8221;on&#8221; align=&#8221;center&#8221; _builder_version=&#8221;4.21.0&#8243; _module_preset=&#8221;default&#8221; max_height=&#8221;324px&#8221; global_colors_info=&#8221;{}&#8221;][\/et_pb_image][\/et_pb_column][et_pb_column type=&#8221;1_3&#8243; _builder_version=&#8221;4.20.4&#8243; _module_preset=&#8221;default&#8221; global_colors_info=&#8221;{}&#8221;][et_pb_image src=&#8221;https:\/\/pm4ngos.org\/wp-content\/uploads\/2023\/05\/Project-DPro-Practitioner-Badge.png&#8221; title_text=&#8221;Project DPro Practitioner Badge&#8221; url=&#8221;https:\/\/openbadgefactory.com\/c\/earnablebadge\/QYEPN2a25CaKV6\/apply&#8221; url_new_window=&#8221;on&#8221; align=&#8221;center&#8221; _builder_version=&#8221;4.21.0&#8243; _module_preset=&#8221;default&#8221; max_height=&#8221;324px&#8221; global_colors_info=&#8221;{}&#8221;][\/et_pb_image][\/et_pb_column][et_pb_column type=&#8221;1_3&#8243; _builder_version=&#8221;4.20.4&#8243; _module_preset=&#8221;default&#8221; global_colors_info=&#8221;{}&#8221;][et_pb_image src=&#8221;https:\/\/pm4ngos.org\/wp-content\/uploads\/2023\/05\/MEAL-DPro-Badge.png&#8221; title_text=&#8221;MEAL DPro Badge&#8221; url=&#8221;https:\/\/openbadgefactory.com\/c\/earnablebadge\/RHJ50VaGZ7a5AQ\/apply&#8221; url_new_window=&#8221;on&#8221; align=&#8221;center&#8221; _builder_version=&#8221;4.21.0&#8243; _module_preset=&#8221;default&#8221; max_height=&#8221;324px&#8221; global_colors_info=&#8221;{}&#8221;][\/et_pb_image][\/et_pb_column][\/et_pb_row][et_pb_row column_structure=&#8221;1_2,1_2&#8243; _builder_version=&#8221;4.20.4&#8243; _module_preset=&#8221;default&#8221; custom_margin=&#8221;-55px|auto||auto||&#8221; global_colors_info=&#8221;{}&#8221;][et_pb_column type=&#8221;1_2&#8243; _builder_version=&#8221;4.20.4&#8243; _module_preset=&#8221;default&#8221; global_colors_info=&#8221;{}&#8221;][et_pb_image src=&#8221;https:\/\/pm4ngos.org\/wp-content\/uploads\/2023\/05\/Program-DPro-Badge.png&#8221; title_text=&#8221;Program DPro Badge&#8221; url=&#8221;https:\/\/openbadgefactory.com\/c\/earnablebadge\/QYEQBMa256aCJU\/apply&#8221; url_new_window=&#8221;on&#8221; align=&#8221;right&#8221; _builder_version=&#8221;4.21.0&#8243; _module_preset=&#8221;default&#8221; width=&#8221;100%&#8221; module_alignment=&#8221;center&#8221; max_height=&#8221;322px&#8221; global_colors_info=&#8221;{}&#8221;][\/et_pb_image][\/et_pb_column][et_pb_column type=&#8221;1_2&#8243; _builder_version=&#8221;4.20.4&#8243; _module_preset=&#8221;default&#8221; global_colors_info=&#8221;{}&#8221;][et_pb_image src=&#8221;https:\/\/pm4ngos.org\/wp-content\/uploads\/2023\/05\/Finance-DPro-Badge.png&#8221; title_text=&#8221;Finance DPro Badge&#8221; url=&#8221;https:\/\/openbadgefactory.com\/c\/earnablebadge\/QYEQPQa256aCK2\/apply&#8221; url_new_window=&#8221;on&#8221; _builder_version=&#8221;4.21.0&#8243; _module_preset=&#8221;default&#8221; width=&#8221;100%&#8221; module_alignment=&#8221;center&#8221; max_height=&#8221;322px&#8221; global_colors_info=&#8221;{}&#8221;][\/et_pb_image][\/et_pb_column][\/et_pb_row][et_pb_row column_structure=&#8221;1_2,1_2&#8243; _builder_version=&#8221;4.20.4&#8243; _module_preset=&#8221;default&#8221; custom_margin=&#8221;-23px|auto||auto||&#8221; global_colors_info=&#8221;{}&#8221;][et_pb_column type=&#8221;1_2&#8243; _builder_version=&#8221;4.20.4&#8243; _module_preset=&#8221;default&#8221; global_colors_info=&#8221;{}&#8221;][et_pb_blurb title=&#8221;Onde posso colocar o meu badge?&#8221; use_icon=&#8221;on&#8221; font_icon=&#8221;&#xe108;||divi||400&#8243; icon_color=&#8221;#25ABE2&#8243; image_icon_background_color=&#8221;RGBA(255,255,255,0)&#8221; image_icon_width=&#8221;67px&#8221; content_max_width=&#8221;517px&#8221; _builder_version=&#8221;4.23.4&#8243; _module_preset=&#8221;default&#8221; background_color=&#8221;#FFFFFF&#8221; image_icon_custom_margin=&#8221;0px||||false|false&#8221; image_icon_custom_padding=&#8221;15px||||false|false&#8221; text_orientation=&#8221;center&#8221; custom_margin=&#8221;||0px||false|false&#8221; custom_padding=&#8221;0px||15px||false|false&#8221; animation_style=&#8221;fade&#8221; hover_enabled=&#8221;0&#8243; box_shadow_style=&#8221;preset1&#8243; global_colors_info=&#8221;{}&#8221; sticky_enabled=&#8221;0&#8243;]<\/p>\n<p style=\"text-align: center;\">Incorpore seu badge digital em uma assinatura de e-mail, site, perfil de m\u00eddia social ou um curr\u00edculo digital.<\/p>\n<p style=\"text-align: center;\">Com apenas um clique, empregadores, clientes e outras partes interessadas podem <strong>facilmente visualizar e verificar suas credenciais e habilidades.<\/strong><\/p>\n<p>[\/et_pb_blurb][\/et_pb_column][et_pb_column type=&#8221;1_2&#8243; _builder_version=&#8221;4.20.4&#8243; _module_preset=&#8221;default&#8221; global_colors_info=&#8221;{}&#8221;][et_pb_blurb title=&#8221;Dica principal!&#8221; use_icon=&#8221;on&#8221; font_icon=&#8221;&#xf560;||fa||900&#8243; icon_color=&#8221;#25ABE2&#8243; image_icon_background_color=&#8221;RGBA(255,255,255,0)&#8221; image_icon_width=&#8221;67px&#8221; content_max_width=&#8221;517px&#8221; _builder_version=&#8221;4.23.4&#8243; _module_preset=&#8221;default&#8221; background_color=&#8221;#FFFFFF&#8221; image_icon_custom_margin=&#8221;0px||||false|false&#8221; image_icon_custom_padding=&#8221;15px||||false|false&#8221; text_orientation=&#8221;center&#8221; custom_margin=&#8221;||0px||false|false&#8221; custom_padding=&#8221;0px|10px|15px|10px|false|false&#8221; animation_style=&#8221;fade&#8221; hover_enabled=&#8221;0&#8243; box_shadow_style=&#8221;preset1&#8243; global_colors_info=&#8221;{}&#8221; sticky_enabled=&#8221;0&#8243;]<\/p>\n<div class=\"elementor-element elementor-element-922d5c0 elementor-widget elementor-widget-text-editor\" data-id=\"922d5c0\" data-element_type=\"widget\" data-widget_type=\"text-editor.default\">\n<div class=\"elementor-widget-container\">\n<div class=\"elementor-text-editor elementor-clearfix\">\n<p><span>Marque o PM4NGOs e sua organiza\u00e7\u00e3o de treinamento em seu post para que eles possam ajud\u00e1-lo a #ShareYourSuccess! <\/span><\/p>\n<p><span>Se voc\u00ea tem o LinkedIn, ele pode ser facilmente compartilhado e ir\u00e1 mostrar suas habilidades para um p\u00fablico-alvo.<\/span><\/p>\n<\/div>\n<\/div>\n<\/div>\n<p>[\/et_pb_blurb][\/et_pb_column][\/et_pb_row][et_pb_row _builder_version=&#8221;4.20.4&#8243; _module_preset=&#8221;default&#8221; global_colors_info=&#8221;{}&#8221;][et_pb_column type=&#8221;4_4&#8243; _builder_version=&#8221;4.20.4&#8243; _module_preset=&#8221;default&#8221; global_colors_info=&#8221;{}&#8221;][dipi_fancy_text in_animation=&#8221;bounceInLeft&#8221; out_animation=&#8221;bounceOutLeft&#8221; _builder_version=&#8221;4.23.4&#8243; _module_preset=&#8221;default&#8221; all_text_align=&#8221;center&#8221; hover_enabled=&#8221;0&#8243; custom_css_main_element=&#8221;display: flex;||flex-direction: column;||justify-content: center;&#8221; global_colors_info=&#8221;{}&#8221; sticky_enabled=&#8221;0&#8243;][dipi_fancy_text_child text=&#8221;Siga as etapas no v\u00eddeo abaixo para solicitar seu badge&#8221; _builder_version=&#8221;4.23.4&#8243; _module_preset=&#8221;default&#8221; hover_enabled=&#8221;0&#8243; global_colors_info=&#8221;{}&#8221; sticky_enabled=&#8221;0&#8243;][\/dipi_fancy_text_child][\/dipi_fancy_text][et_pb_text _builder_version=&#8221;4.23.4&#8243; _module_preset=&#8221;default&#8221; hover_enabled=&#8221;0&#8243; global_colors_info=&#8221;{}&#8221; sticky_enabled=&#8221;0&#8243;]<\/p>\n<div class=\"elementor-element elementor-element-edf8a1b elementor-widget elementor-widget-text-editor\" data-id=\"edf8a1b\" data-element_type=\"widget\" data-widget_type=\"text-editor.default\">\n<div class=\"elementor-widget-container\">\n<div class=\"elementor-text-editor elementor-clearfix\">\n<p style=\"text-align: center;\">Se voc\u00ea tiver alguma d\u00favida ou solicita\u00e7\u00e3o, entre em contato com nossa equipe em <a href=\"mailto:exams@pm4ngos.org\">exams@pm4ngos.org<\/a>\u00a0<\/p>\n<\/div>\n<\/div>\n<\/div>\n<div class=\"elementor-element elementor-element-2221cba elementor-widget elementor-widget-image\" data-id=\"2221cba\" data-element_type=\"widget\" data-widget_type=\"image.default\">\n<div class=\"elementor-widget-container\" style=\"text-align: center;\"><\/div>\n<\/div>\n<p>[\/et_pb_text][\/et_pb_column][\/et_pb_row][et_pb_row _builder_version=&#8221;4.20.4&#8243; _module_preset=&#8221;default&#8221; global_colors_info=&#8221;{}&#8221;][et_pb_column type=&#8221;4_4&#8243; _builder_version=&#8221;4.20.4&#8243; _module_preset=&#8221;default&#8221; global_colors_info=&#8221;{}&#8221;][et_pb_video_slider _builder_version=&#8221;4.21.0&#8243; _module_preset=&#8221;default&#8221; global_colors_info=&#8221;{}&#8221;][et_pb_video_slider_item src=&#8221;https:\/\/www.youtube.com\/watch?v=Mvjlr4fGzUs&#038;list=PLtGSnyo4hvvclDELF-bl5hzsBOnKnhzHl&#038;index=2&#8243; _builder_version=&#8221;4.21.0&#8243; _module_preset=&#8221;default&#8221; global_colors_info=&#8221;{}&#8221; show_image_overlay=&#8221;off&#8221;][\/et_pb_video_slider_item][\/et_pb_video_slider][\/et_pb_column][\/et_pb_row][\/et_pb_section]<\/p>\n","protected":false},"excerpt":{"rendered":"<p>DPro Digital Badges <div class=\"et_pb_module dipi_text_highlighter dipi_text_highlighter_0\">\n\t\t\t\t\n\t\t\t\t\n\t\t\t\t\n\t\t\t\t\n\t\t\t\t\n\t\t\t\t\n\t\t\t\t<div class=\"et_pb_module_inner\">\n\t\t\t\t\t<h2 class=\"dipi-highlight-text-wrapper\" data-config=\"{&quot;animation_start&quot;:&quot;in_a_viewport&quot;,&quot;animation_start_viewport&quot;:&quot;75%&quot;,&quot;animation_delay&quot;:&quot;0ms&quot;,&quot;animation_duration&quot;:&quot;800ms&quot;,&quot;delay_after_animation&quot;:&quot;3000ms&quot;,&quot;repeat_mode&quot;:&quot;infinite&quot;,&quot;count_mode&quot;:&quot;everytime_in_viewport&quot;,&quot;animation_repeat_counts&quot;:&quot;3&quot;,&quot;reverse_animation&quot;:&quot;off&quot;,&quot;id&quot;:&quot;dipi_text_highlighter_0_wrapper&quot;}\">\n\t\t\t\t\t<span class=\"dipi-highlight-prefix-text dipi-text-affixes\">Os badges digitais s\u00e3o representa\u00e7\u00f5es digitais seguras de suas<\/span><span class=\"dipi-text-highlight-wrapper {&quot;animation_start&quot;:&quot;in_a_viewport&quot;,&quot;animation_start_viewport&quot;:&quot;75%&quot;,&quot;animation_delay&quot;:&quot;0ms&quot;,&quot;animation_duration&quot;:&quot;800ms&quot;,&quot;delay_after_animation&quot;:&quot;3000ms&quot;,&quot;repeat_mode&quot;:&quot;infinite&quot;,&quot;count_mode&quot;:&quot;everytime_in_viewport&quot;,&quot;animation_repeat_counts&quot;:&quot;3&quot;,&quot;reverse_animation&quot;:&quot;off&quot;,&quot;id&quot;:&quot;dipi_text_highlighter_0_wrapper&quot;}\"><span class=\"dipi-text-highlight-text dipi-text-highlight-text\">credenciais de desenvolvimento profissional<\/span><span class=\"dipi-text-highlight-svg\"><svg xmlns=\"http:\/\/www.w3.org\/2000\/svg\" viewBox=\"0 0 500 150\" preserveAspectRatio=\"none\"><path d=\"M7.7,145.6C109,125,299.9,116.2,401,121.3c42.1,2.2,87.6,11.8,87.3,25.7\"><\/path><\/svg><\/span><\/span>\n\t\t\t<\/h2>\n\t\t\t\t<\/div>\n\t\t\t<\/div>Os badges digitais s\u00e3o micro-credenciais digitais padr\u00e3o, verific\u00e1veis, port\u00e1teis e compartilh\u00e1veis com informa\u00e7\u00f5es incorporadas sobre as habilidades e realiza\u00e7\u00f5es de seus destinat\u00e1rios. Eles foram desenvolvidos para tornar vis\u00edvel e reconhecer o [&hellip;]<\/p>\n","protected":false},"author":1,"featured_media":987517456,"parent":987515625,"menu_order":0,"comment_status":"closed","ping_status":"closed","template":"","meta":{"_et_pb_use_builder":"on","_et_pb_old_content":"<!-- wp:divi\/placeholder \/-->","_et_gb_content_width":"","om_disable_all_campaigns":false,"_monsterinsights_skip_tracking":false,"_monsterinsights_sitenote_active":false,"_monsterinsights_sitenote_note":"","_monsterinsights_sitenote_category":0,"_uf_show_specific_survey":0,"_uf_disable_surveys":false,"footnotes":""},"dipi_cpt_category":[],"class_list":["post-987514936","page","type-page","status-publish","has-post-thumbnail","hentry"],"aioseo_notices":[],"_links":{"self":[{"href":"https:\/\/pm4ngos.org\/pt-br\/wp-json\/wp\/v2\/pages\/987514936","targetHints":{"allow":["GET"]}}],"collection":[{"href":"https:\/\/pm4ngos.org\/pt-br\/wp-json\/wp\/v2\/pages"}],"about":[{"href":"https:\/\/pm4ngos.org\/pt-br\/wp-json\/wp\/v2\/types\/page"}],"author":[{"embeddable":true,"href":"https:\/\/pm4ngos.org\/pt-br\/wp-json\/wp\/v2\/users\/1"}],"replies":[{"embeddable":true,"href":"https:\/\/pm4ngos.org\/pt-br\/wp-json\/wp\/v2\/comments?post=987514936"}],"version-history":[{"count":0,"href":"https:\/\/pm4ngos.org\/pt-br\/wp-json\/wp\/v2\/pages\/987514936\/revisions"}],"up":[{"embeddable":true,"href":"https:\/\/pm4ngos.org\/pt-br\/wp-json\/wp\/v2\/pages\/987515625"}],"wp:featuredmedia":[{"embeddable":true,"href":"https:\/\/pm4ngos.org\/pt-br\/wp-json\/wp\/v2\/media\/987517456"}],"wp:attachment":[{"href":"https:\/\/pm4ngos.org\/pt-br\/wp-json\/wp\/v2\/media?parent=987514936"}],"wp:term":[{"taxonomy":"dipi_cpt_category","embeddable":true,"href":"https:\/\/pm4ngos.org\/pt-br\/wp-json\/wp\/v2\/dipi_cpt_category?post=987514936"}],"curies":[{"name":"wp","href":"https:\/\/api.w.org\/{rel}","templated":true}]}}