{"id":987515320,"date":"2023-02-21T11:24:20","date_gmt":"2023-02-21T16:24:20","guid":{"rendered":"https:\/\/pm4ngos.org\/encontre-uma-organizacao-de-treinamento\/"},"modified":"2024-05-17T00:13:55","modified_gmt":"2024-05-17T04:13:55","slug":"encontre-uma-organizacao-de-treinamento","status":"publish","type":"page","link":"https:\/\/pm4ngos.org\/pt-br\/alunos\/encontre-uma-organizacao-de-treinamento\/","title":{"rendered":"Encontre uma Organiza\u00e7\u00e3o de Treinamento"},"content":{"rendered":"<p>[et_pb_section fb_built=&#8221;1&#8243; admin_label=&#8221;Top Gradient&#8221; _builder_version=&#8221;4.21.0&#8243; _module_preset=&#8221;default&#8221; use_background_color_gradient=&#8221;on&#8221; background_color_gradient_stops=&#8221;#1bb3eb 0%|#ffffff 38%&#8221; positioning=&#8221;absolute&#8221; position_origin_a=&#8221;top_center&#8221; position_origin_f=&#8221;center_center&#8221; z_index=&#8221;1&#8243; locked=&#8221;off&#8221; collapsed=&#8221;on&#8221; global_colors_info=&#8221;{}&#8221;][et_pb_row _builder_version=&#8221;4.21.0&#8243; _module_preset=&#8221;default&#8221; global_colors_info=&#8221;{}&#8221;][et_pb_column type=&#8221;4_4&#8243; _builder_version=&#8221;4.21.0&#8243; _module_preset=&#8221;default&#8221; global_colors_info=&#8221;{}&#8221;][et_pb_text _builder_version=&#8221;4.20.4&#8243; _module_preset=&#8221;default&#8221; global_colors_info=&#8221;{}&#8221;][\/et_pb_text][\/et_pb_column][\/et_pb_row][\/et_pb_section][et_pb_section fb_built=&#8221;1&#8243; _builder_version=&#8221;4.20.2&#8243; _module_preset=&#8221;default&#8221; global_colors_info=&#8221;{}&#8221;][et_pb_row _builder_version=&#8221;4.20.2&#8243; _module_preset=&#8221;default&#8221; custom_padding=&#8221;27px|||||&#8221; global_colors_info=&#8221;{}&#8221; collapsed=&#8221;off&#8221;][et_pb_column type=&#8221;4_4&#8243; _builder_version=&#8221;4.20.2&#8243; _module_preset=&#8221;default&#8221; global_colors_info=&#8221;{}&#8221;][et_pb_text _builder_version=&#8221;4.20.4&#8243; text_font=&#8221;Poppins||||||||&#8221; text_text_color=&#8221;#F8961E&#8221; text_font_size=&#8221;18px&#8221; text_line_height=&#8221;1.8em&#8221; header_font=&#8221;Poppins|600|||||||&#8221; header_text_color=&#8221;#ffffff&#8221; header_font_size=&#8221;48px&#8221; header_line_height=&#8221;1.4em&#8221; header_3_font=&#8221;Poppins|600|||||||&#8221; header_3_font_size=&#8221;36px&#8221; header_3_line_height=&#8221;1.4em&#8221; background_layout=&#8221;dark&#8221; max_width=&#8221;1080px&#8221; module_alignment=&#8221;left&#8221; custom_margin=&#8221;|-427px||||&#8221; custom_padding=&#8221;|0px||||&#8221; locked=&#8221;off&#8221; global_colors_info=&#8221;{}&#8221;]<\/p>\n<h3 style=\"text-align: center;\"><span style=\"color: #f8961e;\">Parceiros de treinamento da PM4NGOs que oferecem cursos <span style=\"color: #25ABE2;\">de Project DPro<\/span>, <span style=\"color: #660066;\">MEAL DPro<\/span>, <span style=\"color: #374AA1;\">Program DPro<\/span> e <span style=\"color: #00A974;\">Finance DPro<\/span><\/span><\/h3>\n<p>&nbsp;<\/p>\n<nav role=\"navigation\" aria-label=\"Breadcrumbs\" class=\"breadcrumb-trail breadcrumbs\" itemprop=\"breadcrumb\"><\/nav>\n<p>[\/et_pb_text][et_pb_text _builder_version=&#8221;4.22.1&#8243; _module_preset=&#8221;default&#8221; header_4_line_height=&#8221;1.4em&#8221; hover_enabled=&#8221;0&#8243; global_colors_info=&#8221;{}&#8221; sticky_enabled=&#8221;0&#8243;]<\/p>\n<h4 style=\"text-align: center;\"><span>Role para baixo para ver todos os parceiros de treinamento do PM4NGOs, use os filtros dispon\u00edveis para selecionar a metodologia, idioma ou localiza\u00e7\u00e3o, <br \/>ou explore o mapa interativo.<\/span><span><\/span><\/h4>\n<p>[\/et_pb_text][\/et_pb_column][\/et_pb_row][et_pb_row _builder_version=&#8221;4.22.1&#8243; _module_preset=&#8221;default&#8221; column_structure=&#8221;2_3,1_3&#8243; collapsed=&#8221;off&#8221; hover_enabled=&#8221;0&#8243; sticky_enabled=&#8221;0&#8243;][et_pb_column _builder_version=&#8221;4.22.1&#8243; _module_preset=&#8221;default&#8221; type=&#8221;2_3&#8243;][et_pb_text _builder_version=&#8221;4.22.1&#8243; _module_preset=&#8221;default&#8221; header_4_line_height=&#8221;1.4em&#8221; hover_enabled=&#8221;0&#8243; global_colors_info=&#8221;{}&#8221; sticky_enabled=&#8221;0&#8243;]<\/p>\n<h4><span>Organiza\u00e7\u00f5es de Treinamento<\/span><\/h4>\n<p>[\/et_pb_text][et_pb_code _builder_version=&#8221;4.22.1&#8243; _module_preset=&#8221;default&#8221; hover_enabled=&#8221;0&#8243; global_colors_info=&#8221;{}&#8221; admin_label=&#8221;Mapa&#8221; sticky_enabled=&#8221;0&#8243;][listdom id=&#8221;22988369&#8243;]<!-- [et_pb_line_break_holder] -->[\/et_pb_code][\/et_pb_column][et_pb_column _builder_version=&#8221;4.22.1&#8243; _module_preset=&#8221;default&#8221; type=&#8221;1_3&#8243;][et_pb_text _builder_version=&#8221;4.22.1&#8243; _module_preset=&#8221;default&#8221; header_4_line_height=&#8221;1.4em&#8221; hover_enabled=&#8221;0&#8243; global_colors_info=&#8221;{}&#8221; sticky_enabled=&#8221;0&#8243;]<\/p>\n<h4 style=\"text-align: center;\"><span>Pr\u00f3ximos cursos de forma\u00e7\u00e3o<\/span><\/h4>\n<p>[\/et_pb_text][et_pb_code _builder_version=&#8221;4.22.1&#8243; _module_preset=&#8221;default&#8221; hover_enabled=&#8221;0&#8243; sticky_enabled=&#8221;0&#8243; admin_label=&#8221;Cursos&#8221;]<br><div data-tockify-calendar=\"pm4ngos\" data-tockify-component=\"mini\"><\/div><script type='text\/javascript'>if (window._tkf && window._tkf.loadDeclaredCalendars) {window._tkf.loadDeclaredCalendars();}<\/script>[\/et_pb_code][\/et_pb_column][\/et_pb_row][et_pb_row _builder_version=&#8221;4.22.1&#8243; _module_preset=&#8221;default&#8221; hover_enabled=&#8221;0&#8243; global_colors_info=&#8221;{}&#8221; collapsed=&#8221;off&#8221; sticky_enabled=&#8221;0&#8243;][et_pb_column type=&#8221;4_4&#8243; _builder_version=&#8221;4.20.4&#8243; _module_preset=&#8221;default&#8221; global_colors_info=&#8221;{}&#8221;][et_pb_code _builder_version=&#8221;4.22.1&#8243; _module_preset=&#8221;default&#8221; hover_enabled=&#8221;0&#8243; global_colors_info=&#8221;{}&#8221; sticky_enabled=&#8221;0&#8243; admin_label=&#8221;Procurar&#8221;][listdom-search id=&#8221;22988370&#8243;]<!-- [et_pb_line_break_holder] -->[\/et_pb_code][\/et_pb_column][\/et_pb_row][et_pb_row _builder_version=&#8221;4.20.4&#8243; _module_preset=&#8221;default&#8221; global_colors_info=&#8221;{}&#8221; collapsed=&#8221;on&#8221;][et_pb_column type=&#8221;4_4&#8243; _builder_version=&#8221;4.20.4&#8243; _module_preset=&#8221;default&#8221; global_colors_info=&#8221;{}&#8221;][et_pb_code _builder_version=&#8221;4.20.4&#8243; _module_preset=&#8221;default&#8221; global_colors_info=&#8221;{}&#8221;][listdom id=&#8221;22988368&#8243;]<!-- [et_pb_line_break_holder] -->[\/et_pb_code][\/et_pb_column][\/et_pb_row][\/et_pb_section]<\/p>\n","protected":false},"excerpt":{"rendered":"<p>Parceiros de treinamento da PM4NGOs que oferecem cursos de Project DPro, MEAL DPro, Program DPro e Finance DPro &nbsp; Role para baixo para ver todos os parceiros de treinamento do PM4NGOs, use os filtros dispon\u00edveis para selecionar a metodologia, idioma ou localiza\u00e7\u00e3o, ou explore o mapa interativo.Organiza\u00e7\u00f5es de Treinamento[listdom id=&#8221;22988369&#8243;]Pr\u00f3ximos cursos de forma\u00e7\u00e3o<br><div data-tockify-calendar=\"pm4ngos\" data-tockify-component=\"mini\"><\/div><script type='text\/javascript'>if (window._tkf && window._tkf.loadDeclaredCalendars) {window._tkf.loadDeclaredCalendars();}<\/script>[listdom-search [&hellip;]<\/p>\n","protected":false},"author":3,"featured_media":0,"parent":987515625,"menu_order":0,"comment_status":"closed","ping_status":"closed","template":"","meta":{"_et_pb_use_builder":"on","_et_pb_old_content":"","_et_gb_content_width":"","om_disable_all_campaigns":false,"_monsterinsights_skip_tracking":false,"_monsterinsights_sitenote_active":false,"_monsterinsights_sitenote_note":"","_monsterinsights_sitenote_category":0,"_uf_show_specific_survey":0,"_uf_disable_surveys":false,"footnotes":""},"dipi_cpt_category":[],"class_list":["post-987515320","page","type-page","status-publish","hentry"],"aioseo_notices":[],"_links":{"self":[{"href":"https:\/\/pm4ngos.org\/pt-br\/wp-json\/wp\/v2\/pages\/987515320","targetHints":{"allow":["GET"]}}],"collection":[{"href":"https:\/\/pm4ngos.org\/pt-br\/wp-json\/wp\/v2\/pages"}],"about":[{"href":"https:\/\/pm4ngos.org\/pt-br\/wp-json\/wp\/v2\/types\/page"}],"author":[{"embeddable":true,"href":"https:\/\/pm4ngos.org\/pt-br\/wp-json\/wp\/v2\/users\/3"}],"replies":[{"embeddable":true,"href":"https:\/\/pm4ngos.org\/pt-br\/wp-json\/wp\/v2\/comments?post=987515320"}],"version-history":[{"count":0,"href":"https:\/\/pm4ngos.org\/pt-br\/wp-json\/wp\/v2\/pages\/987515320\/revisions"}],"up":[{"embeddable":true,"href":"https:\/\/pm4ngos.org\/pt-br\/wp-json\/wp\/v2\/pages\/987515625"}],"wp:attachment":[{"href":"https:\/\/pm4ngos.org\/pt-br\/wp-json\/wp\/v2\/media?parent=987515320"}],"wp:term":[{"taxonomy":"dipi_cpt_category","embeddable":true,"href":"https:\/\/pm4ngos.org\/pt-br\/wp-json\/wp\/v2\/dipi_cpt_category?post=987515320"}],"curies":[{"name":"wp","href":"https:\/\/api.w.org\/{rel}","templated":true}]}}