{"id":987515350,"date":"2023-09-18T15:43:41","date_gmt":"2023-09-18T19:43:41","guid":{"rendered":"https:\/\/pm4ngos.org\/finance-dpro-precos\/"},"modified":"2024-05-13T13:31:30","modified_gmt":"2024-05-13T17:31:30","slug":"finance-dpro-precos","status":"publish","type":"page","link":"https:\/\/pm4ngos.org\/pt-br\/finance-dpro-precos\/","title":{"rendered":"Finance DPro: Pre\u00e7os"},"content":{"rendered":"<p>[et_pb_section fb_built=&#8221;1&#8243; admin_label=&#8221;Top Gradient&#8221; _builder_version=&#8221;4.21.0&#8243; _module_preset=&#8221;default&#8221; use_background_color_gradient=&#8221;on&#8221; background_color_gradient_stops=&#8221;#1bb3eb 0%|#ffffff 38%&#8221; positioning=&#8221;absolute&#8221; position_origin_a=&#8221;top_center&#8221; position_origin_f=&#8221;center_center&#8221; z_index=&#8221;1&#8243; locked=&#8221;off&#8221; collapsed=&#8221;on&#8221; global_colors_info=&#8221;{}&#8221;][et_pb_row _builder_version=&#8221;4.21.0&#8243; _module_preset=&#8221;default&#8221; global_colors_info=&#8221;{}&#8221;][et_pb_column type=&#8221;4_4&#8243; _builder_version=&#8221;4.21.0&#8243; _module_preset=&#8221;default&#8221; global_colors_info=&#8221;{}&#8221;][et_pb_text _builder_version=&#8221;4.20.4&#8243; _module_preset=&#8221;default&#8221; global_colors_info=&#8221;{}&#8221;][\/et_pb_text][\/et_pb_column][\/et_pb_row][\/et_pb_section][et_pb_section fb_built=&#8221;1&#8243; _builder_version=&#8221;4.20.2&#8243; _module_preset=&#8221;default&#8221; global_colors_info=&#8221;{}&#8221;][et_pb_row _builder_version=&#8221;4.20.2&#8243; _module_preset=&#8221;default&#8221; global_colors_info=&#8221;{}&#8221;][et_pb_column type=&#8221;4_4&#8243; _builder_version=&#8221;4.20.2&#8243; _module_preset=&#8221;default&#8221; global_colors_info=&#8221;{}&#8221;][et_pb_text _builder_version=&#8221;4.23.4&#8243; text_font=&#8221;Poppins||||||||&#8221; text_text_color=&#8221;#F8961E&#8221; text_font_size=&#8221;18px&#8221; text_line_height=&#8221;1.8em&#8221; header_font=&#8221;Poppins|600|||||||&#8221; header_text_color=&#8221;#ffffff&#8221; header_font_size=&#8221;36px&#8221; header_line_height=&#8221;1.4em&#8221; header_3_font=&#8221;Poppins|600|||||||&#8221; header_3_font_size=&#8221;36px&#8221; header_3_line_height=&#8221;1.4em&#8221; background_layout=&#8221;dark&#8221; max_width=&#8221;1080px&#8221; module_alignment=&#8221;left&#8221; custom_margin=&#8221;|-427px||||&#8221; custom_padding=&#8221;|0px||||&#8221; hover_enabled=&#8221;0&#8243; locked=&#8221;off&#8221; global_colors_info=&#8221;{}&#8221; sticky_enabled=&#8221;0&#8243;]<\/p>\n<h3 style=\"text-align: center;\"><strong><span style=\"color: #f8951e;\">Finance DPro (FMD Pro): Pre\u00e7os<\/span><\/strong><\/h3>\n<p>[\/et_pb_text][\/et_pb_column][\/et_pb_row][et_pb_row _builder_version=&#8221;4.21.0&#8243; _module_preset=&#8221;default&#8221; global_colors_info=&#8221;{}&#8221;][et_pb_column type=&#8221;4_4&#8243; _builder_version=&#8221;4.21.0&#8243; _module_preset=&#8221;default&#8221; global_colors_info=&#8221;{}&#8221;][et_pb_text _builder_version=&#8221;4.23.4&#8243; _module_preset=&#8221;default&#8221; text_font=&#8221;||on||||||&#8221; text_font_size=&#8221;11px&#8221; text_line_height=&#8221;1.5em&#8221; custom_padding=&#8221;0px|||||&#8221; locked=&#8221;off&#8221; global_colors_info=&#8221;{}&#8221;]<\/p>\n<p>Os exames t\u00eam a mesma composi\u00e7\u00e3o, conte\u00fado e reconhecimento, independentemente do pre\u00e7o. Os diferentes pre\u00e7os foram definidos para beneficiar organiza\u00e7\u00f5es locais e comunit\u00e1rias, estudantes e volunt\u00e1rios. O PM4NGOs implementa processos de auditoria periodicamente, solicitando prova de status (por exemplo, cart\u00e3o de estudante) dos candidatos que selecionaram pre\u00e7os de organiza\u00e7\u00f5es locais ou no pa\u00eds.<\/p>\n<p>Nota importante: Todos os exames s\u00e3o v\u00e1lidos por 1 (um) ano ap\u00f3s a compra. As taxas n\u00e3o s\u00e3o reembols\u00e1veis uma vez que o candidato inicia as provas, independentemente de o candidato completar ou n\u00e3o o exame.<\/p>\n<p>[\/et_pb_text][dipi_price_list header_flex_align_items=&#8221;flex-start&#8221; item_spacing=&#8221;25px&#8221; item_text_padding=&#8221;||||false|false&#8221; image_spacing=&#8221;20px&#8221; image_width=&#8221;20%&#8221; separator_style=&#8221;none&#8221; separator_color=&#8221;rgba(21,2,42,0.08)&#8221; image_spacing_tablet=&#8221;&#8221; image_spacing_phone=&#8221;10px&#8221; image_spacing_last_edited=&#8221;on|phone&#8221; image_width_tablet=&#8221;&#8221; image_width_phone=&#8221;0px&#8221; image_width_last_edited=&#8221;on|phone&#8221; _builder_version=&#8221;4.23.4&#8243; title_font=&#8221;|300|||||||&#8221; title_text_color=&#8221;#6e6e72&#8243; title_font_size=&#8221;1.5em&#8221; title_line_height=&#8221;0.9em&#8221; price_font=&#8221;||||||||&#8221; price_text_color=&#8221;#FFFFFF&#8221; price_font_size=&#8221;12px&#8221; description_font=&#8221;Poppins|300|||||||&#8221; description_text_color=&#8221;rgba(21,2,42,0.6)&#8221; description_font_size=&#8221;1em&#8221; description_line_height=&#8221;1.6em&#8221; link_option_url=&#8221;https:\/\/ondemand.questionmark.com\/home\/405841\/catalog?type=All&amp;sku=&amp;name=&amp;category_6%5B14%5D=14&amp;category_6%5B15%5D=15&amp;category_6%5B16%5D=16&#8243; title_font_size_tablet=&#8221;&#8221; title_font_size_phone=&#8221;1.4em&#8221; title_font_size_last_edited=&#8221;on|phone&#8221; price_font_size_tablet=&#8221;&#8221; price_font_size_phone=&#8221;10px&#8221; price_font_size_last_edited=&#8221;on|phone&#8221; description_font_size_tablet=&#8221;&#8221; description_font_size_phone=&#8221;14px&#8221; description_font_size_last_edited=&#8221;on|phone&#8221; custom_css_price=&#8221;background-color: #1E4A30 !important;||color: white !important;||padding: 2px 10px;||border-radius: 20px&#8221; custom_css_description=&#8221;margin-top: 10px&#8221; border_color_all=&#8221;#6e6e72&#8243; border_radii_images=&#8221;on|10px|10px|10px|10px&#8221; box_shadow_style_images=&#8221;preset3&#8243; locked=&#8221;off&#8221; global_colors_info=&#8221;{}&#8221;][dipi_price_list_item title=&#8221;Organiza\u00e7\u00f5es \/ Profissionais Locais* (Local)&#8221; price=&#8221;30&#8243; price_prefix=&#8221;$ &#8221; _builder_version=&#8221;4.23.4&#8243; title_font=&#8221;Montserrat|700|||||||&#8221; price_font=&#8221;Poppins|||on|||||&#8221; price_font_size=&#8221;1em&#8221; price_letter_spacing=&#8221;2px&#8221; description_line_height=&#8221;1.4em&#8221; background_color=&#8221;#FFFFFF&#8221; background_enable_color=&#8221;on&#8221; custom_padding=&#8221;30px|30px|30px|30px|false|false&#8221; link_option_url=&#8221;https:\/\/ondemand.questionmark.com\/home\/405841\/catalog?type=All&amp;sku=&amp;name=&amp;category_6%5B14%5D=14&amp;category_6%5B15%5D=15&amp;category_6%5B16%5D=16&#8243; link_option_url_new_window=&#8221;on&#8221; border_radii=&#8221;on|10px|10px|10px|10px&#8221; box_shadow_style=&#8221;preset1&#8243; box_shadow_vertical=&#8221;20px&#8221; box_shadow_blur=&#8221;30px&#8221; box_shadow_color=&#8221;rgba(48,0,104,0.07)&#8221; global_colors_info=&#8221;{}&#8221;]<\/p>\n<ul>\n<li>Equipe de ONGs nacionais ou locais* com um \u00fanico escrit\u00f3rio, de base comunit\u00e1ria, com implementa\u00e7\u00e3o local de projetos e programas<\/li>\n<li>Estudantes<\/li>\n<li>Volunt\u00e1rios<\/li>\n<\/ul>\n<p>* ONGs locais s\u00e3o organiza\u00e7\u00f5es de base comunit\u00e1ria, orientadas para a base, localizadas em locais remotos ou \u00e1rea urbana perif\u00e9rica empobrecida, com um \u00fanico escrit\u00f3rio, n\u00e3o conectadas a outras organiza\u00e7\u00f5es como uma afiliada, uma subsidi\u00e1ria, ou como a mesma corpora\u00e7\u00e3o ou outra entidade legal.<\/p>\n<p><strong><a href=\"https:\/\/ondemand.questionmark.com\/home\/405841\/catalog?type=All&amp;sku=&amp;name=&amp;category_6%5B14%5D=14&amp;category_6%5B15%5D=15&amp;category_6%5B16%5D=16\" target=\"_blank\" rel=\"noopener\">Compre \u2192<\/a><\/strong><\/p>\n<p>[\/dipi_price_list_item][dipi_price_list_item title=&#8221;Organiza\u00e7\u00f5es \/ Profissionais de Pa\u00edses (In-Country)&#8221; price=&#8221;85&#8243; price_prefix=&#8221;$ &#8221; _builder_version=&#8221;4.23.4&#8243; title_font=&#8221;Montserrat|700|||||||&#8221; price_font=&#8221;Poppins|||on|||||&#8221; price_font_size=&#8221;1em&#8221; price_letter_spacing=&#8221;2px&#8221; description_line_height=&#8221;1.4em&#8221; background_color=&#8221;#FFFFFF&#8221; background_enable_color=&#8221;on&#8221; custom_padding=&#8221;30px|30px|30px|30px|false|false&#8221; link_option_url=&#8221;https:\/\/ondemand.questionmark.com\/home\/405841\/catalog?type=All&amp;sku=&amp;name=&amp;category_6%5B14%5D=14&amp;category_6%5B15%5D=15&amp;category_6%5B16%5D=16&#8243; link_option_url_new_window=&#8221;on&#8221; border_radii=&#8221;on|10px|10px|10px|10px&#8221; box_shadow_style=&#8221;preset1&#8243; box_shadow_vertical=&#8221;20px&#8221; box_shadow_blur=&#8221;30px&#8221; box_shadow_color=&#8221;rgba(48,0,104,0.07)&#8221; global_colors_info=&#8221;{}&#8221;]<\/p>\n<ul>\n<li>Equipe nacional\/local de Organiza\u00e7\u00f5es Internacionais\/Globais<\/li>\n<li>Consultores gerenciando projetos em um \u00fanico pa\u00eds<\/li>\n<li>Empresas com escrit\u00f3rios em um \u00fanico pa\u00eds<\/li>\n<\/ul>\n<p><strong><a href=\"https:\/\/ondemand.questionmark.com\/home\/405841\/catalog?type=All&amp;sku=&amp;name=&amp;category_6%5B14%5D=14&amp;category_6%5B15%5D=15&amp;category_6%5B16%5D=16\" target=\"_blank\" rel=\"noopener\">Compre \u2192<\/a><\/strong><\/p>\n<p>[\/dipi_price_list_item][dipi_price_list_item title=&#8221;Organiza\u00e7\u00f5es \/ Profissionais Globais (Global)&#8221; price=&#8221;215&#8243; price_prefix=&#8221;$ &#8221; _builder_version=&#8221;4.23.4&#8243; title_font=&#8221;Montserrat|700|||||||&#8221; price_font=&#8221;Poppins|||on|||||&#8221; price_font_size=&#8221;1em&#8221; price_letter_spacing=&#8221;2px&#8221; description_line_height=&#8221;1.4em&#8221; background_color=&#8221;#FFFFFF&#8221; background_enable_color=&#8221;on&#8221; custom_padding=&#8221;30px|30px|30px|30px|false|false&#8221; link_option_url=&#8221;https:\/\/ondemand.questionmark.com\/home\/405841\/catalog?type=All&amp;sku=&amp;name=&amp;category_6%5B14%5D=14&amp;category_6%5B15%5D=15&amp;category_6%5B16%5D=16&#8243; link_option_url_new_window=&#8221;on&#8221; border_radii=&#8221;on|10px|10px|10px|10px&#8221; box_shadow_style=&#8221;preset1&#8243; box_shadow_vertical=&#8221;20px&#8221; box_shadow_blur=&#8221;30px&#8221; box_shadow_color=&#8221;rgba(48,0,104,0.07)&#8221; global_colors_info=&#8221;{}&#8221;]<\/p>\n<ul>\n<li>Equipes baseadas na sede de ONGs com escrit\u00f3rios, projetos e\/ou programas em v\u00e1rios pa\u00edses<\/li>\n<li>Consultores internacionais<\/li>\n<li>Empresas com presen\u00e7a internacional \/ global<\/li>\n<li>Pessoal das ag\u00eancias multilaterais e bilaterais<\/li>\n<\/ul>\n<p><strong><a href=\"https:\/\/ondemand.questionmark.com\/home\/405841\/catalog?type=All&amp;sku=&amp;name=&amp;category_6%5B14%5D=14&amp;category_6%5B15%5D=15&amp;category_6%5B16%5D=16\" target=\"_blank\" rel=\"noopener\">Compre \u2192<\/a><\/strong><\/p>\n<p>[\/dipi_price_list_item][\/dipi_price_list][\/et_pb_column][\/et_pb_row][\/et_pb_section]<\/p>\n","protected":false},"excerpt":{"rendered":"<p>Finance DPro (FMD Pro): Pre\u00e7osOs exames t\u00eam a mesma composi\u00e7\u00e3o, conte\u00fado e reconhecimento, independentemente do pre\u00e7o. Os diferentes pre\u00e7os foram definidos para beneficiar organiza\u00e7\u00f5es locais e comunit\u00e1rias, estudantes e volunt\u00e1rios. O PM4NGOs implementa processos de auditoria periodicamente, solicitando prova de status (por exemplo, cart\u00e3o de estudante) dos candidatos que selecionaram pre\u00e7os de organiza\u00e7\u00f5es locais ou [&hellip;]<\/p>\n","protected":false},"author":1,"featured_media":987517426,"parent":0,"menu_order":0,"comment_status":"closed","ping_status":"closed","template":"","meta":{"_et_pb_use_builder":"on","_et_pb_old_content":"","_et_gb_content_width":"","om_disable_all_campaigns":false,"_monsterinsights_skip_tracking":false,"_monsterinsights_sitenote_active":false,"_monsterinsights_sitenote_note":"","_monsterinsights_sitenote_category":0,"_uf_show_specific_survey":0,"_uf_disable_surveys":false,"footnotes":""},"dipi_cpt_category":[],"class_list":["post-987515350","page","type-page","status-publish","has-post-thumbnail","hentry"],"aioseo_notices":[],"_links":{"self":[{"href":"https:\/\/pm4ngos.org\/pt-br\/wp-json\/wp\/v2\/pages\/987515350","targetHints":{"allow":["GET"]}}],"collection":[{"href":"https:\/\/pm4ngos.org\/pt-br\/wp-json\/wp\/v2\/pages"}],"about":[{"href":"https:\/\/pm4ngos.org\/pt-br\/wp-json\/wp\/v2\/types\/page"}],"author":[{"embeddable":true,"href":"https:\/\/pm4ngos.org\/pt-br\/wp-json\/wp\/v2\/users\/1"}],"replies":[{"embeddable":true,"href":"https:\/\/pm4ngos.org\/pt-br\/wp-json\/wp\/v2\/comments?post=987515350"}],"version-history":[{"count":0,"href":"https:\/\/pm4ngos.org\/pt-br\/wp-json\/wp\/v2\/pages\/987515350\/revisions"}],"wp:featuredmedia":[{"embeddable":true,"href":"https:\/\/pm4ngos.org\/pt-br\/wp-json\/wp\/v2\/media\/987517426"}],"wp:attachment":[{"href":"https:\/\/pm4ngos.org\/pt-br\/wp-json\/wp\/v2\/media?parent=987515350"}],"wp:term":[{"taxonomy":"dipi_cpt_category","embeddable":true,"href":"https:\/\/pm4ngos.org\/pt-br\/wp-json\/wp\/v2\/dipi_cpt_category?post=987515350"}],"curies":[{"name":"wp","href":"https:\/\/api.w.org\/{rel}","templated":true}]}}