{"id":987515357,"date":"2023-05-09T09:30:28","date_gmt":"2023-05-09T13:30:28","guid":{"rendered":"https:\/\/pm4ngos.org\/metodologias-e-guias\/teoria-da-mudanca\/"},"modified":"2024-05-13T13:41:39","modified_gmt":"2024-05-13T17:41:39","slug":"teoria-da-mudanca","status":"publish","type":"page","link":"https:\/\/pm4ngos.org\/pt-br\/metodologias-e-guias\/teoria-da-mudanca\/","title":{"rendered":"Teoria da Mudan\u00e7a"},"content":{"rendered":"<p>[et_pb_section fb_built=&#8221;1&#8243; admin_label=&#8221;Our Classes Section&#8221; _builder_version=&#8221;4.20.4&#8243; use_background_color_gradient=&#8221;on&#8221; background_color_gradient_stops=&#8221;#1bb3eb 8%|#ffffff 31%&#8221; min_height=&#8221;531.7px&#8221; custom_padding=&#8221;||52px|||&#8221; global_colors_info=&#8221;{}&#8221;][et_pb_row column_structure=&#8221;3_4,1_4&#8243; _builder_version=&#8221;4.20.4&#8243; min_height=&#8221;100px&#8221; height=&#8221;100px&#8221; custom_margin=&#8221;|auto|-113px|auto||&#8221; custom_padding=&#8221;||0px|||&#8221; global_colors_info=&#8221;{}&#8221;][et_pb_column type=&#8221;3_4&#8243; _builder_version=&#8221;4.16&#8243; custom_padding=&#8221;|||&#8221; global_colors_info=&#8221;{}&#8221; custom_padding__hover=&#8221;|||&#8221;][et_pb_text _builder_version=&#8221;4.20.4&#8243; text_font=&#8221;||||||||&#8221; text_text_color=&#8221;#FFFFFF&#8221; header_font=&#8221;||||||||&#8221; header_text_align=&#8221;center&#8221; header_text_color=&#8221;#FFFFFF&#8221; header_3_font=&#8221;Poppins|600|||||||&#8221; header_3_text_color=&#8221;#44d89e&#8221; header_3_font_size=&#8221;36px&#8221; header_3_line_height=&#8221;1.4em&#8221; text_orientation=&#8221;center&#8221; custom_margin=&#8221;-30px||||false|false&#8221; global_colors_info=&#8221;{}&#8221;]<\/p>\n<h3><span style=\"color: #ffffff;\">Guia da Teoria da Mudan\u00e7a (ToC)<\/span><\/h3>\n<p>[\/et_pb_text][et_pb_text _builder_version=&#8221;4.21.0&#8243; _module_preset=&#8221;default&#8221; global_colors_info=&#8221;{}&#8221; custom_padding=&#8221;0px|||||&#8221;]<\/p>\n<p>Vivemos tempos complexos e din\u00e2micos, repletos de incertezas e de uma infinidade de rela\u00e7\u00f5es, que impactam diretamente nos processos de mudan\u00e7a e desenvolvimento social.<\/p>\n<p>Uma Teoria da Mudan\u00e7a fornece um modelo para o trabalho \u00e0 frente e <strong>antecipa seus prov\u00e1veis efeitos<\/strong>. Uma Teoria da Mudan\u00e7a tamb\u00e9m nos orienta na determina\u00e7\u00e3o do que deve ser avaliado, quando e como. Desenvolver uma Teoria da Mudan\u00e7a pode parecer complicado, mas muitos profissionais do programa e assistentes sociais descobriram que o processo pode ajudar a esclarecer e simplificar a maneira como pensamos sobre a mudan\u00e7a social.<\/p>\n<p>Este guia para profissionais descreve algumas vantagens pr\u00e1ticas de desenvolver uma Teoria da Mudan\u00e7a dentro de sua organiza\u00e7\u00e3o, comunidade e parceiros. A fim de fornecer uma compreens\u00e3o s\u00f3lida da Teoria da Mudan\u00e7a, o documento foi dividido em 2 partes:<\/p>\n<ol>\n<li>Processos de Mudan\u00e7a<\/li>\n<li>Construindo <span style=\"font-size: 14px;\"><span style=\"font-size: 14px;\">a Teoria da Mudan\u00e7a.<\/span><\/span><\/li>\n<\/ol>\n<p>[\/et_pb_text][\/et_pb_column][et_pb_column type=&#8221;1_4&#8243; _builder_version=&#8221;4.16&#8243; custom_padding=&#8221;|||&#8221; global_colors_info=&#8221;{}&#8221; custom_padding__hover=&#8221;|||&#8221;][dipi_floating_multi_images disabled_on=&#8221;on|on|off&#8221; _builder_version=&#8221;4.20.4&#8243; _module_preset=&#8221;default&#8221; transform_scale_tablet=&#8221;&#8221; transform_scale_phone=&#8221;&#8221; transform_scale_last_edited=&#8221;on|tablet&#8221; transform_translate_tablet=&#8221;&#8221; transform_translate_phone=&#8221;&#8221; transform_translate_last_edited=&#8221;on|desktop&#8221; transform_rotate_tablet=&#8221;&#8221; transform_rotate_phone=&#8221;&#8221; transform_rotate_last_edited=&#8221;on|desktop&#8221; transform_skew_tablet=&#8221;&#8221; transform_skew_phone=&#8221;&#8221; transform_skew_last_edited=&#8221;on|desktop&#8221; transform_origin_tablet=&#8221;&#8221; transform_origin_phone=&#8221;&#8221; transform_origin_last_edited=&#8221;on|desktop&#8221; transform_styles_last_edited=&#8221;on|tablet&#8221; transform_styles_tablet=&#8221;&#8221; transform_styles_phone=&#8221;&#8221; global_colors_info=&#8221;{}&#8221;][dipi_floating_multi_images_child img_src=&#8221;https:\/\/pm4ngos.org\/wp-content\/uploads\/2023\/05\/ToC.png&#8221; _builder_version=&#8221;4.20.4&#8243; _module_preset=&#8221;default&#8221; global_colors_info=&#8221;{}&#8221;][\/dipi_floating_multi_images_child][\/dipi_floating_multi_images][\/et_pb_column][\/et_pb_row][\/et_pb_section][et_pb_section fb_built=&#8221;1&#8243; _builder_version=&#8221;4.20.4&#8243; _module_preset=&#8221;default&#8221; min_height=&#8221;100px&#8221; custom_margin=&#8221;-14px|||||&#8221; custom_padding=&#8221;0px|||||&#8221; global_colors_info=&#8221;{}&#8221;][et_pb_row column_structure=&#8221;3_4,1_4&#8243; _builder_version=&#8221;4.20.4&#8243; min_height=&#8221;100px&#8221; custom_margin=&#8221;|auto|-15px|auto||&#8221; custom_padding=&#8221;25px||0px|||&#8221; global_colors_info=&#8221;{}&#8221;][et_pb_column type=&#8221;3_4&#8243; _builder_version=&#8221;4.16&#8243; custom_padding=&#8221;|||&#8221; global_colors_info=&#8221;{}&#8221; custom_padding__hover=&#8221;|||&#8221;][dipi_advanced_tabs tab_animation=&#8221;fadeInRightShort&#8221; dipi_animation_duration=&#8221;400&#8243; use_sticky_tabs=&#8221;off&#8221; use_tabs_fullwidth_tablet=&#8221;off&#8221; tabs_min_width_tablet=&#8221;100%&#8221; tabs_max_width_tablet=&#8221;100%&#8221; use_tabs_fullwidth_phone=&#8221;off&#8221; tabs_min_width_phone=&#8221;100%&#8221; tabs_placement=&#8221;row&#8221; tabs_placement_tablet=&#8221;column&#8221; tabs_container_padding=&#8221;0px|0px|0px|0px|true|false&#8221; tabs_container_margin=&#8221;10px|0px|10px|0px|false|false&#8221; tabs_item_padding=&#8221;0px|10px|0px|20px|false|false&#8221; tabs_item_margin=&#8221;0px|0px|0px|2px|false|false&#8221; tabs_active_item_padding=&#8221;2px|10px|2px|25px|false|false&#8221; tabs_active_item_margin=&#8221;0px|0px|0px|2px|false|false&#8221; use_scroll_to_content=&#8221;off&#8221; content_padding=&#8221;|50px|50px|50px|false|false&#8221; content_margin=&#8221;10px|10px|10px|0px|false|false&#8221; tabs_icon_margin=&#8221;0px|10px|0px|0px|false|false&#8221; tabs_icon_margin_active=&#8221;0px|10px|0px|0px|false|false&#8221; content_bg_color=&#8221;RGBA(255,255,255,0)&#8221; tabs_bg_color=&#8221;rgba(202,205,207,0)&#8221; tabs_item_bg_color=&#8221;RGBA(255,255,255,0)&#8221; tabs_item_active_bg_color=&#8221;rgba(202,205,207,0.1)&#8221; tabs_container_padding_tablet=&#8221;0px|0px|0px|0px|false|false&#8221; tabs_container_padding_phone=&#8221;0px|0px|0px|0px|false|false&#8221; tabs_container_padding_last_edited=&#8221;on|tablet&#8221; use_scroll_to_content_tablet=&#8221;off&#8221; use_scroll_to_content_phone=&#8221;on&#8221; use_scroll_to_content_last_edited=&#8221;on|phone&#8221; content_padding_tablet=&#8221;50px||50px||false|false&#8221; content_padding_phone=&#8221;20px|20px|20px|20px|false|false&#8221; content_padding_last_edited=&#8221;on|phone&#8221; _builder_version=&#8221;4.20.4&#8243; _module_preset=&#8221;default&#8221; title_font=&#8221;Montserrat||||||||&#8221; title_font_size=&#8221;17px&#8221; title_line_height=&#8221;1.9em&#8221; title_active_font=&#8221;Montserrat||||||||&#8221; title_active_text_color=&#8221;#F8961E&#8221; title_active_font_size=&#8221;17px&#8221; title_active_line_height=&#8221;1.9em&#8221; body_font=&#8221;Montserrat|300|||||||&#8221; body_line_height=&#8221;1.8em&#8221; header_3_font=&#8221;Montserrat||||||||&#8221; body_font_size_tablet=&#8221;&#8221; body_font_size_phone=&#8221;15px&#8221; body_font_size_last_edited=&#8221;on|phone&#8221; border_width_right_tabs_wrapper=&#8221;2px&#8221; border_color_right_tabs_wrapper=&#8221;rgba(21,2,42,0.09)&#8221; border_width_right_tabs_item=&#8221;2px&#8221; border_color_right_tabs_item=&#8221;rgba(68,0,153,0)&#8221; border_width_right_tabs_item_active=&#8221;2px&#8221; border_color_right_tabs_item_active=&#8221;#F8961E&#8221; locked=&#8221;off&#8221; global_colors_info=&#8221;{}&#8221; tabs_item_padding__hover_enabled=&#8221;on|hover&#8221; tabs_item_padding__hover=&#8221;|||25px|false|false&#8221;][dipi_advanced_tabs_item title=&#8221;Ingl\u00eas&#8221; admin_label=&#8221;English&#8221; tab_media=&#8221;none&#8221; font_icon=&#8221;$||divi||400&#8243; font_icon_active=&#8221;\uf248||fa||400&#8243; _builder_version=&#8221;4.20.4&#8243; _module_preset=&#8221;default&#8221; custom_button=&#8221;on&#8221; button_text_size=&#8221;14px&#8221; button_text_color=&#8221;#F8961E&#8221; button_bg_color=&#8221;RGBA(255,255,255,0)&#8221; button_border_width=&#8221;2px&#8221; button_border_color=&#8221;#F8961E&#8221; button_border_radius=&#8221;21px&#8221; button_font=&#8221;Montserrat||||||||&#8221; button_use_icon=&#8221;on&#8221; button_icon=&#8221;&#xe052;||divi||400&#8243; button_icon_color=&#8221;#00b050&#8243; button_icon_placement=&#8221;left&#8221; button_on_hover=&#8221;off&#8221; button_alignment=&#8221;left&#8221; button_custom_margin=&#8221;||||false|false&#8221; button_custom_padding=&#8221;5px|20px|5px|35px|false|false&#8221; box_shadow_style_button=&#8221;preset3&#8243; box_shadow_vertical_button=&#8221;5px&#8221; box_shadow_blur_button=&#8221;10px&#8221; global_colors_info=&#8221;{}&#8221; button_bg_color__hover_enabled=&#8221;on|desktop&#8221; button_border_color__hover_enabled=&#8221;on|hover&#8221; button_border_color__hover=&#8221;#F8961E&#8221; button_bg_color__hover=&#8221;#f7f7f7&#8243; button_bg_enable_color__hover=&#8221;on&#8221;]<\/p>\n<p><a href=\"\/download\/152\/teoria da mudan\u00e7a\/19367182\/toc-theory-of-change-guide-for-program-practitioners-english.pdf\"><img loading=\"lazy\" decoding=\"async\" src=\"https:\/\/pm4ngos.org\/wp-content\/uploads\/2023\/05\/PDF-Icon.png\" width=\"59\" height=\"70\" alt=\"\" class=\"wp-image-22988268 alignnone size-full\" style=\"float: left;\"><strong>ToC &#8211; Theory of Change Guide for Program Practitioners<\/strong><\/a><br \/>Ingl\u00eas<br \/>8,48 MB<\/p>\n<p>[\/dipi_advanced_tabs_item][dipi_advanced_tabs_item title=&#8221;\u00c1rabe&#8221; admin_label=&#8221;Arabic&#8221; tab_media=&#8221;none&#8221; font_icon=&#8221;$||divi||400&#8243; font_icon_active=&#8221;\uf248||fa||400&#8243; _builder_version=&#8221;4.20.4&#8243; _module_preset=&#8221;default&#8221; custom_button=&#8221;on&#8221; button_text_size=&#8221;14px&#8221; button_text_color=&#8221;#F8961E&#8221; button_bg_color=&#8221;RGBA(255,255,255,0)&#8221; button_border_width=&#8221;2px&#8221; button_border_color=&#8221;#F8961E&#8221; button_border_radius=&#8221;21px&#8221; button_font=&#8221;Montserrat||||||||&#8221; button_use_icon=&#8221;on&#8221; button_icon=&#8221;&#xe052;||divi||400&#8243; button_icon_color=&#8221;#00b050&#8243; button_icon_placement=&#8221;left&#8221; button_on_hover=&#8221;off&#8221; button_alignment=&#8221;left&#8221; button_custom_margin=&#8221;||||false|false&#8221; button_custom_padding=&#8221;5px|20px|5px|35px|false|false&#8221; box_shadow_style_button=&#8221;preset3&#8243; box_shadow_vertical_button=&#8221;5px&#8221; box_shadow_blur_button=&#8221;10px&#8221; global_colors_info=&#8221;{}&#8221; button_bg_color__hover_enabled=&#8221;on|desktop&#8221; button_border_color__hover_enabled=&#8221;on|hover&#8221; button_border_color__hover=&#8221;#F8961E&#8221; button_bg_color__hover=&#8221;#f7f7f7&#8243; button_bg_enable_color__hover=&#8221;on&#8221;]<\/p>\n<p><a href=\"\/download\/152\/teoria da mudan\u00e7a\/19367181\/theory-of-change-guide-for-program-practitioners-arabic.pdf\"><img loading=\"lazy\" decoding=\"async\" src=\"https:\/\/pm4ngos.org\/wp-content\/uploads\/2023\/05\/PDF-Icon.png\" width=\"59\" height=\"70\" alt=\"\" class=\"wp-image-22988268 alignnone size-full\" style=\"float: left;\"><strong>ToC &#8211; Theory of Change Guide for Program Practitioners<\/strong><\/a><br \/>\u00c1rabe<br \/>820,94 KB<\/p>\n<p>[\/dipi_advanced_tabs_item][dipi_advanced_tabs_item title=&#8221;Portugu\u00eas&#8221; admin_label=&#8221;Portuguese&#8221; tab_media=&#8221;none&#8221; font_icon=&#8221;$||divi||400&#8243; font_icon_active=&#8221;\uf248||fa||400&#8243; _builder_version=&#8221;4.20.4&#8243; _module_preset=&#8221;default&#8221; custom_button=&#8221;on&#8221; button_text_size=&#8221;14px&#8221; button_text_color=&#8221;#F8961E&#8221; button_bg_color=&#8221;RGBA(255,255,255,0)&#8221; button_border_width=&#8221;2px&#8221; button_border_color=&#8221;#F8961E&#8221; button_border_radius=&#8221;21px&#8221; button_font=&#8221;Montserrat||||||||&#8221; button_use_icon=&#8221;on&#8221; button_icon=&#8221;&#xe052;||divi||400&#8243; button_icon_color=&#8221;#00b050&#8243; button_icon_placement=&#8221;left&#8221; button_on_hover=&#8221;off&#8221; button_alignment=&#8221;left&#8221; button_custom_margin=&#8221;||||false|false&#8221; button_custom_padding=&#8221;5px|20px|5px|35px|false|false&#8221; box_shadow_style_button=&#8221;preset3&#8243; box_shadow_vertical_button=&#8221;5px&#8221; box_shadow_blur_button=&#8221;10px&#8221; global_colors_info=&#8221;{}&#8221; button_bg_color__hover_enabled=&#8221;on|desktop&#8221; button_border_color__hover_enabled=&#8221;on|hover&#8221; button_border_color__hover=&#8221;#F8961E&#8221; button_bg_color__hover=&#8221;#f7f7f7&#8243; button_bg_enable_color__hover=&#8221;on&#8221;]<\/p>\n<p><a href=\"\/download\/152\/teoria da mudan\u00e7a\/19367180\/toc-guia-de-teoria-da-mudanca-para-gerentes-de-programas.pdf\"><img loading=\"lazy\" decoding=\"async\" src=\"https:\/\/pm4ngos.org\/wp-content\/uploads\/2023\/05\/PDF-Icon.png\" width=\"59\" height=\"70\" alt=\"\" class=\"wp-image-22988268 alignnone size-full\" style=\"float: left;\"><strong>ToC &#8211; Guia de Teoria da Mudanc\u0327a para Gerentes de Programas<\/strong><\/a><br \/>Portugu\u00eas<br \/>1,56 MB<\/p>\n<p>[\/dipi_advanced_tabs_item][dipi_advanced_tabs_item title=&#8221;Espanhol&#8221; admin_label=&#8221;Spanish&#8221; tab_media=&#8221;none&#8221; font_icon=&#8221;$||divi||400&#8243; font_icon_active=&#8221;\uf248||fa||400&#8243; _builder_version=&#8221;4.20.4&#8243; _module_preset=&#8221;default&#8221; custom_button=&#8221;on&#8221; button_text_size=&#8221;14px&#8221; button_text_color=&#8221;#F8961E&#8221; button_bg_color=&#8221;RGBA(255,255,255,0)&#8221; button_border_width=&#8221;2px&#8221; button_border_color=&#8221;#F8961E&#8221; button_border_radius=&#8221;21px&#8221; button_font=&#8221;Montserrat||||||||&#8221; button_use_icon=&#8221;on&#8221; button_icon=&#8221;&#xe052;||divi||400&#8243; button_icon_color=&#8221;#00b050&#8243; button_icon_placement=&#8221;left&#8221; button_on_hover=&#8221;off&#8221; button_alignment=&#8221;left&#8221; button_custom_margin=&#8221;||||false|false&#8221; button_custom_padding=&#8221;5px|20px|5px|35px|false|false&#8221; box_shadow_style_button=&#8221;preset3&#8243; box_shadow_vertical_button=&#8221;5px&#8221; box_shadow_blur_button=&#8221;10px&#8221; global_colors_info=&#8221;{}&#8221; button_bg_color__hover_enabled=&#8221;on|desktop&#8221; button_border_color__hover_enabled=&#8221;on|hover&#8221; button_border_color__hover=&#8221;#F8961E&#8221; button_bg_color__hover=&#8221;#f7f7f7&#8243; button_bg_enable_color__hover=&#8221;on&#8221;]<\/p>\n<p><a href=\"\/download\/152\/teoria da mudan\u00e7a\/19367179\/toc-guia-de-teoria-de-cambio-para-gerentes-de-programas.pdf\"><img loading=\"lazy\" decoding=\"async\" src=\"https:\/\/pm4ngos.org\/wp-content\/uploads\/2023\/05\/PDF-Icon.png\" width=\"59\" height=\"70\" alt=\"\" class=\"wp-image-22988268 alignnone size-full\" style=\"float: left;\"><strong>ToC &#8211; Guia de Teoria de Cambio para Gerentes de Programas<\/strong><\/a><br \/>Espanhol<br \/>1,18 MB<\/p>\n<p>[\/dipi_advanced_tabs_item][\/dipi_advanced_tabs][\/et_pb_column][et_pb_column type=&#8221;1_4&#8243; _builder_version=&#8221;4.16&#8243; custom_padding=&#8221;|||&#8221; global_colors_info=&#8221;{}&#8221; custom_padding__hover=&#8221;|||&#8221;][dipi_hover_box use_content_icon=&#8221;on&#8221; content_icon=&#8221;&#xf51c;||fa||900&#8243; content_icon_color=&#8221;#F8961E&#8221; body_text=&#8221;<\/p>\n<h5>Exame de Certifica\u00e7\u00e3o<\/h5>\n<h5>Cursos de Treinamento<\/h5>\n<p>&#8221; content_hover_content=&#8221;<\/p>\n<p><a href=%22https:\/\/pm4ngos.org\/pt-br\/exames-e-certificados\/%22>Exames e Certificados<\/a><\/p>\n<p><a href=%22https:\/\/pm4ngos.org\/pt-br\/encontre-uma-organizacao-de-treinamento\/%22>Encontre uma Organiza\u00e7\u00e3o de Treinamento<\/a><\/p>\n<p><a href=%22https:\/\/pm4ngos.org\/pt-br\/cursos-e-eventos\/%22>Agenda de Cursos e Eventos<\/a><\/p>\n<p><a href=%22https:\/\/pm4ngos.org\/candidates-and-learners\/learning-resources\/%22>Recursos de aprendizagem<\/a><\/p>\n<p><a href=%22https:\/\/pm4ngos.org\/pt-br\/badges\/%22>Emblemas<\/a><\/p>\n<p><a href=%22https:\/\/pm4ngos.org\/zh-hans\/candidates-and-learners\/dpro\/%22>DPro+<\/a><\/p>\n<p><a href=%22https:\/\/pm4ngos.org\/candidates-and-learners\/learners-login\/%22>Login para candidatos<\/a><\/p>\n<p>&#8221; hover_box_align_front=&#8221;top&#8221; hover_box_align_back=&#8221;top&#8221; _builder_version=&#8221;4.20.4&#8243; _module_preset=&#8221;default&#8221; border_color_all_content_hover_image=&#8221;#F8961E&#8221; global_colors_info=&#8221;{}&#8221;][\/dipi_hover_box][\/et_pb_column][\/et_pb_row][et_pb_row _builder_version=&#8221;4.20.4&#8243; _module_preset=&#8221;default&#8221; global_colors_info=&#8221;{}&#8221;][et_pb_column type=&#8221;4_4&#8243; _builder_version=&#8221;4.20.4&#8243; _module_preset=&#8221;default&#8221; global_colors_info=&#8221;{}&#8221;][et_pb_text _builder_version=&#8221;4.20.4&#8243; _module_preset=&#8221;default&#8221; global_colors_info=&#8221;{}&#8221;]<\/p>\n<p style=\"text-align: center;\"><strong>Compartilhado via:<\/strong><\/p>\n<p style=\"text-align: center;\"><a href=\"http:\/\/creativecommons.org\/licenses\/by-nc\/4.0\/\" target=\"_blank\" rel=\"noopener\">Este trabalho est\u00e1 licenciado sob uma Licen\u00e7a Creative Commons Attribution-NonCommercial 4.0 International License<\/a><\/p>\n<p style=\"text-align: center;\"><a href=\"http:\/\/creativecommons.org\/licenses\/by-nc\/4.0\/\" target=\"_blank\" rel=\"noopener\"><img loading=\"lazy\" decoding=\"async\" src=\"https:\/\/pm4ngos.org\/wp-content\/uploads\/2023\/05\/Creative-Commons-by-nc.webp\" width=\"150\" height=\"52\" alt=\"\" class=\"wp-image-19367195 alignnone size-full\"><\/a><\/p>\n<p style=\"text-align: center;\">Os usu\u00e1rios s\u00e3o livres para copiar\/redistribuir e adaptar\/transformar<br \/>para fins n\u00e3o comerciais.<\/p>\n<p>[\/et_pb_text][\/et_pb_column][\/et_pb_row][\/et_pb_section]<\/p>\n","protected":false},"excerpt":{"rendered":"<p>Guia da Teoria da Mudan\u00e7a (ToC)Vivemos tempos complexos e din\u00e2micos, repletos de incertezas e de uma infinidade de rela\u00e7\u00f5es, que impactam diretamente nos processos de mudan\u00e7a e desenvolvimento social. Uma Teoria da Mudan\u00e7a fornece um modelo para o trabalho \u00e0 frente e antecipa seus prov\u00e1veis efeitos. Uma Teoria da Mudan\u00e7a tamb\u00e9m nos orienta na determina\u00e7\u00e3o [&hellip;]<\/p>\n","protected":false},"author":3,"featured_media":987517342,"parent":987512199,"menu_order":0,"comment_status":"closed","ping_status":"closed","template":"","meta":{"_et_pb_use_builder":"on","_et_pb_old_content":"","_et_gb_content_width":"","om_disable_all_campaigns":false,"_monsterinsights_skip_tracking":false,"_monsterinsights_sitenote_active":false,"_monsterinsights_sitenote_note":"","_monsterinsights_sitenote_category":0,"_uf_show_specific_survey":0,"_uf_disable_surveys":false,"footnotes":""},"dipi_cpt_category":[],"class_list":["post-987515357","page","type-page","status-publish","has-post-thumbnail","hentry"],"aioseo_notices":[],"_links":{"self":[{"href":"https:\/\/pm4ngos.org\/pt-br\/wp-json\/wp\/v2\/pages\/987515357","targetHints":{"allow":["GET"]}}],"collection":[{"href":"https:\/\/pm4ngos.org\/pt-br\/wp-json\/wp\/v2\/pages"}],"about":[{"href":"https:\/\/pm4ngos.org\/pt-br\/wp-json\/wp\/v2\/types\/page"}],"author":[{"embeddable":true,"href":"https:\/\/pm4ngos.org\/pt-br\/wp-json\/wp\/v2\/users\/3"}],"replies":[{"embeddable":true,"href":"https:\/\/pm4ngos.org\/pt-br\/wp-json\/wp\/v2\/comments?post=987515357"}],"version-history":[{"count":0,"href":"https:\/\/pm4ngos.org\/pt-br\/wp-json\/wp\/v2\/pages\/987515357\/revisions"}],"up":[{"embeddable":true,"href":"https:\/\/pm4ngos.org\/pt-br\/wp-json\/wp\/v2\/pages\/987512199"}],"wp:featuredmedia":[{"embeddable":true,"href":"https:\/\/pm4ngos.org\/pt-br\/wp-json\/wp\/v2\/media\/987517342"}],"wp:attachment":[{"href":"https:\/\/pm4ngos.org\/pt-br\/wp-json\/wp\/v2\/media?parent=987515357"}],"wp:term":[{"taxonomy":"dipi_cpt_category","embeddable":true,"href":"https:\/\/pm4ngos.org\/pt-br\/wp-json\/wp\/v2\/dipi_cpt_category?post=987515357"}],"curies":[{"name":"wp","href":"https:\/\/api.w.org\/{rel}","templated":true}]}}