{"id":987515360,"date":"2023-02-21T10:09:14","date_gmt":"2023-02-21T15:09:14","guid":{"rendered":"https:\/\/pm4ngos.org\/metodologias-e-guias\/guias-rapidos\/"},"modified":"2024-05-13T13:42:46","modified_gmt":"2024-05-13T17:42:46","slug":"guias-rapidos","status":"publish","type":"page","link":"https:\/\/pm4ngos.org\/pt-br\/metodologias-e-guias\/guias-rapidos\/","title":{"rendered":"Guias R\u00e1pidos"},"content":{"rendered":"<p>[et_pb_section fb_built=&#8221;1&#8243; admin_label=&#8221;Our Classes Section&#8221; _builder_version=&#8221;4.20.4&#8243; use_background_color_gradient=&#8221;on&#8221; background_color_gradient_stops=&#8221;#1bb3eb 10%|#ffffff 41%|rgba(255, 255, 255, 1) 41%&#8221; min_height=&#8221;320.7px&#8221; custom_padding=&#8221;||214px|||&#8221; global_colors_info=&#8221;{}&#8221;][et_pb_row column_structure=&#8221;3_4,1_4&#8243; _builder_version=&#8221;4.20.4&#8243; min_height=&#8221;100px&#8221; height=&#8221;100px&#8221; custom_margin=&#8221;|auto|-113px|auto||&#8221; custom_padding=&#8221;||0px|||&#8221; global_colors_info=&#8221;{}&#8221;][et_pb_column type=&#8221;3_4&#8243; _builder_version=&#8221;4.16&#8243; custom_padding=&#8221;|||&#8221; global_colors_info=&#8221;{}&#8221; custom_padding__hover=&#8221;|||&#8221;][et_pb_text _builder_version=&#8221;4.20.4&#8243; text_font=&#8221;||||||||&#8221; text_text_color=&#8221;#FFFFFF&#8221; header_font=&#8221;||||||||&#8221; header_text_align=&#8221;center&#8221; header_text_color=&#8221;#FFFFFF&#8221; header_3_font=&#8221;Poppins|600|||||||&#8221; header_3_text_color=&#8221;#44d89e&#8221; header_3_font_size=&#8221;36px&#8221; header_3_line_height=&#8221;1.4em&#8221; text_orientation=&#8221;center&#8221; custom_margin=&#8221;-30px||||false|false&#8221; global_colors_info=&#8221;{}&#8221;]<\/p>\n<h3><span style=\"color: #ffffff;\">Guias R\u00e1pidos<\/span><\/h3>\n<p>[\/et_pb_text][et_pb_text _builder_version=&#8221;4.20.4&#8243; _module_preset=&#8221;default&#8221; global_colors_info=&#8221;{}&#8221;]<\/p>\n<p>Esses guias r\u00e1pidos para<span> <\/span><strong>leitores<\/strong><span> <\/span>ocupados s\u00e3o uma boa op\u00e7\u00e3o se voc\u00ea quiser ler primeiro uma<span> <\/span><strong>breve introdu\u00e7\u00e3o<\/strong><span> <\/span>aos nossos guias, acessando uma vis\u00e3o geral que o ajudar\u00e1 a decidir se o guia completo \u00e9 adequado para voc\u00ea, sua organiza\u00e7\u00e3o e sua equipe.  <\/p>\n<p>Aten\u00e7\u00e3o:<span> a leitura desses guias n\u00e3o \u00e9 <\/span>suficiente para se preparar para exames de certifica\u00e7\u00e3o ou para permitir que voc\u00ea aplique as ferramentas e t\u00e9cnicas.<\/p>\n<p>[\/et_pb_text][\/et_pb_column][et_pb_column type=&#8221;1_4&#8243; _builder_version=&#8221;4.16&#8243; custom_padding=&#8221;|||&#8221; global_colors_info=&#8221;{}&#8221; custom_padding__hover=&#8221;|||&#8221;][dipi_floating_multi_images disabled_on=&#8221;on|on|off&#8221; _builder_version=&#8221;4.20.4&#8243; _module_preset=&#8221;default&#8221; transform_scale_tablet=&#8221;&#8221; transform_scale_phone=&#8221;&#8221; transform_scale_last_edited=&#8221;on|tablet&#8221; transform_translate_tablet=&#8221;&#8221; transform_translate_phone=&#8221;&#8221; transform_translate_last_edited=&#8221;on|desktop&#8221; transform_rotate_tablet=&#8221;&#8221; transform_rotate_phone=&#8221;&#8221; transform_rotate_last_edited=&#8221;on|desktop&#8221; transform_skew_tablet=&#8221;&#8221; transform_skew_phone=&#8221;&#8221; transform_skew_last_edited=&#8221;on|desktop&#8221; transform_origin_tablet=&#8221;&#8221; transform_origin_phone=&#8221;&#8221; transform_origin_last_edited=&#8221;on|desktop&#8221; transform_styles_last_edited=&#8221;on|tablet&#8221; min_height=&#8221;100px&#8221; height=&#8221;100px&#8221; max_height=&#8221;272px&#8221; custom_margin=&#8221;||-183px|||&#8221; custom_padding=&#8221;||193px|||&#8221; transform_styles_tablet=&#8221;&#8221; transform_styles_phone=&#8221;&#8221; global_colors_info=&#8221;{}&#8221;][dipi_floating_multi_images_child img_src=&#8221;https:\/\/pm4ngos.org\/wp-content\/uploads\/2023\/05\/DPro-Suite-1-1.png&#8221; _builder_version=&#8221;4.20.4&#8243; _module_preset=&#8221;default&#8221; global_colors_info=&#8221;{}&#8221;][\/dipi_floating_multi_images_child][\/dipi_floating_multi_images][\/et_pb_column][\/et_pb_row][\/et_pb_section][et_pb_section fb_built=&#8221;1&#8243; _builder_version=&#8221;4.20.4&#8243; _module_preset=&#8221;default&#8221; min_height=&#8221;100px&#8221; custom_margin=&#8221;-14px|||||&#8221; custom_padding=&#8221;0px|||||&#8221; global_colors_info=&#8221;{}&#8221;][et_pb_row column_structure=&#8221;3_4,1_4&#8243; _builder_version=&#8221;4.20.4&#8243; min_height=&#8221;165px&#8221; custom_margin=&#8221;|auto|-15px|auto||&#8221; custom_padding=&#8221;0px||0px|||&#8221; global_colors_info=&#8221;{}&#8221;][et_pb_column type=&#8221;3_4&#8243; _builder_version=&#8221;4.16&#8243; custom_padding=&#8221;|||&#8221; global_colors_info=&#8221;{}&#8221; custom_padding__hover=&#8221;|||&#8221;][dipi_advanced_tabs tab_animation=&#8221;fadeInRightShort&#8221; dipi_animation_duration=&#8221;400&#8243; use_sticky_tabs=&#8221;off&#8221; use_tabs_fullwidth_tablet=&#8221;off&#8221; tabs_min_width_tablet=&#8221;100%&#8221; tabs_max_width_tablet=&#8221;100%&#8221; use_tabs_fullwidth_phone=&#8221;off&#8221; tabs_min_width_phone=&#8221;100%&#8221; tabs_placement=&#8221;row&#8221; tabs_placement_tablet=&#8221;column&#8221; tabs_container_padding=&#8221;0px|0px|0px|0px|true|false&#8221; tabs_container_margin=&#8221;10px|0px|10px|0px|false|false&#8221; tabs_item_padding=&#8221;0px|10px|0px|20px|false|false&#8221; tabs_item_margin=&#8221;0px|0px|0px|2px|false|false&#8221; tabs_active_item_padding=&#8221;2px|10px|2px|25px|false|false&#8221; tabs_active_item_margin=&#8221;0px|0px|0px|2px|false|false&#8221; use_scroll_to_content=&#8221;off&#8221; content_padding=&#8221;|50px|50px|50px|false|false&#8221; content_margin=&#8221;10px|10px|10px|0px|false|false&#8221; tabs_icon_margin=&#8221;0px|10px|0px|0px|false|false&#8221; tabs_icon_margin_active=&#8221;0px|10px|0px|0px|false|false&#8221; content_bg_color=&#8221;RGBA(255,255,255,0)&#8221; tabs_bg_color=&#8221;rgba(202,205,207,0)&#8221; tabs_item_bg_color=&#8221;RGBA(255,255,255,0)&#8221; tabs_item_active_bg_color=&#8221;rgba(202,205,207,0.1)&#8221; tabs_container_padding_tablet=&#8221;0px|0px|0px|0px|false|false&#8221; tabs_container_padding_phone=&#8221;0px|0px|0px|0px|false|false&#8221; tabs_container_padding_last_edited=&#8221;on|tablet&#8221; use_scroll_to_content_tablet=&#8221;off&#8221; use_scroll_to_content_phone=&#8221;on&#8221; use_scroll_to_content_last_edited=&#8221;on|phone&#8221; content_padding_tablet=&#8221;50px||50px||false|false&#8221; content_padding_phone=&#8221;20px|20px|20px|20px|false|false&#8221; content_padding_last_edited=&#8221;on|phone&#8221; _builder_version=&#8221;4.20.4&#8243; _module_preset=&#8221;default&#8221; title_font=&#8221;Montserrat||||||||&#8221; title_font_size=&#8221;17px&#8221; title_line_height=&#8221;1.9em&#8221; title_active_font=&#8221;Montserrat||||||||&#8221; title_active_text_color=&#8221;#F8961E&#8221; title_active_font_size=&#8221;17px&#8221; title_active_line_height=&#8221;1.9em&#8221; body_font=&#8221;Montserrat|300|||||||&#8221; body_line_height=&#8221;1.8em&#8221; header_3_font=&#8221;Montserrat||||||||&#8221; body_font_size_tablet=&#8221;&#8221; body_font_size_phone=&#8221;15px&#8221; body_font_size_last_edited=&#8221;on|phone&#8221; border_width_right_tabs_wrapper=&#8221;2px&#8221; border_color_right_tabs_wrapper=&#8221;rgba(21,2,42,0.09)&#8221; border_width_right_tabs_item=&#8221;2px&#8221; border_color_right_tabs_item=&#8221;rgba(68,0,153,0)&#8221; border_width_right_tabs_item_active=&#8221;2px&#8221; border_color_right_tabs_item_active=&#8221;#F8961E&#8221; locked=&#8221;off&#8221; global_colors_info=&#8221;{}&#8221; tabs_item_padding__hover_enabled=&#8221;on|hover&#8221; tabs_item_padding__hover=&#8221;|||25px|false|false&#8221;][dipi_advanced_tabs_item title=&#8221;Ingl\u00eas&#8221; admin_label=&#8221;English&#8221; tab_media=&#8221;none&#8221; font_icon=&#8221;$||divi||400&#8243; font_icon_active=&#8221;\uf248||fa||400&#8243; _builder_version=&#8221;4.20.4&#8243; _module_preset=&#8221;default&#8221; custom_button=&#8221;on&#8221; button_text_size=&#8221;14px&#8221; button_text_color=&#8221;#F8961E&#8221; button_bg_color=&#8221;RGBA(255,255,255,0)&#8221; button_border_width=&#8221;2px&#8221; button_border_color=&#8221;#F8961E&#8221; button_border_radius=&#8221;21px&#8221; button_font=&#8221;Montserrat||||||||&#8221; button_use_icon=&#8221;on&#8221; button_icon=&#8221;&#xe052;||divi||400&#8243; button_icon_color=&#8221;#00b050&#8243; button_icon_placement=&#8221;left&#8221; button_on_hover=&#8221;off&#8221; button_alignment=&#8221;left&#8221; button_custom_margin=&#8221;||||false|false&#8221; button_custom_padding=&#8221;5px|20px|5px|35px|false|false&#8221; box_shadow_style_button=&#8221;preset3&#8243; box_shadow_vertical_button=&#8221;5px&#8221; box_shadow_blur_button=&#8221;10px&#8221; global_colors_info=&#8221;{}&#8221; button_bg_color__hover_enabled=&#8221;on|desktop&#8221; button_border_color__hover_enabled=&#8221;on|hover&#8221; button_border_color__hover=&#8221;#F8961E&#8221; button_bg_color__hover=&#8221;#f7f7f7&#8243; button_bg_enable_color__hover=&#8221;on&#8221;]<\/p>\n<p><a href=\"\/download\/151\/quick-dpro-guides\/19367174\/quick-guide-to-the-dpro-suite.pdf\"><img loading=\"lazy\" decoding=\"async\" src=\"https:\/\/pm4ngos.org\/wp-content\/uploads\/2023\/05\/PDF-Icon.png\" width=\"59\" height=\"70\" alt=\"\" class=\"wp-image-22988268 alignnone size-full\" style=\"float: left;\"><strong>Guia R\u00e1pido do DPro Suite<\/strong><\/a><br \/>Ingl\u00eas<br \/>562,03 KB<\/p>\n<p><a href=\"\/download\/151\/quick-dpro-guides\/19367176\/quick-guide-to-the-project-dpro-pmd-pro-second-edition.pdf\"><img loading=\"lazy\" decoding=\"async\" src=\"https:\/\/pm4ngos.org\/wp-content\/uploads\/2023\/05\/PDF-Icon.png\" width=\"59\" height=\"70\" alt=\"\" class=\"wp-image-22988268 alignnone size-full\" style=\"float: left;\"><strong>Guia R\u00e1pido do Project DPro (PMD Pro) Segunda Edi\u00e7\u00e3o<\/strong><\/a><br \/>Ingl\u00eas<br \/>972,70 MB<\/p>\n<p><a href=\"\/download\/151\/quick-dpro-guides\/19367178\/quick-guide-to-the-meal-dpro.pdf\"><img loading=\"lazy\" decoding=\"async\" src=\"https:\/\/pm4ngos.org\/wp-content\/uploads\/2023\/05\/PDF-Icon.png\" width=\"59\" height=\"70\" alt=\"\" class=\"wp-image-22988268 alignnone size-full\" style=\"float: left;\"><strong>Guia R\u00e1pido do MEAL DPro<\/strong><\/a><br \/>Ingl\u00eas<br \/>1,21 MB<\/p>\n<p><a href=\"\/download\/151\/quick-dpro-guides\/19367175\/quick-guide-to-the-program-dpro.pdf\"><img loading=\"lazy\" decoding=\"async\" src=\"https:\/\/pm4ngos.org\/wp-content\/uploads\/2023\/05\/PDF-Icon.png\" width=\"59\" height=\"70\" alt=\"\" class=\"wp-image-22988268 alignnone size-full\" style=\"float: left;\"><strong>Guia R\u00e1pido do Program DPro<\/strong><\/a><br \/>Ingl\u00eas<br \/>0,96 MB<\/p>\n<p><a href=\"\/download\/151\/quick-dpro-guides\/19367177\/quick-guide-to-the-finance-dpro.pdf\"><img loading=\"lazy\" decoding=\"async\" src=\"https:\/\/pm4ngos.org\/wp-content\/uploads\/2023\/05\/PDF-Icon.png\" width=\"59\" height=\"70\" alt=\"\" class=\"wp-image-22988268 alignnone size-full\" style=\"float: left;\"><strong>Guia R\u00e1pido do Finance DPro<\/strong><\/a><br \/>Ingl\u00eas<br \/>886,85 MB<\/p>\n<p>[\/dipi_advanced_tabs_item][\/dipi_advanced_tabs][\/et_pb_column][et_pb_column type=&#8221;1_4&#8243; _builder_version=&#8221;4.16&#8243; custom_padding=&#8221;|||&#8221; global_colors_info=&#8221;{}&#8221; custom_padding__hover=&#8221;|||&#8221;][dipi_hover_box use_content_icon=&#8221;on&#8221; content_icon=&#8221;&#xf51c;||fa||900&#8243; content_icon_color=&#8221;#F8961E&#8221; body_text=&#8221;<\/p>\n<h5>Exame de Certifica\u00e7\u00e3o<\/h5>\n<h5>Cursos de Treinamento<\/h5>\n<p>&#8221; content_hover_content=&#8221;<\/p>\n<p><a href=%22https:\/\/pm4ngos.org\/pt-br\/exames-e-certificados\/%22>Exames e Certificados<\/a><\/p>\n<p><a href=%22https:\/\/pm4ngos.org\/pt-br\/encontre-uma-organizacao-de-treinamento\/%22>Encontre uma Organiza\u00e7\u00e3o de Treinamento<\/a><\/p>\n<p><a href=%22https:\/\/pm4ngos.org\/pt-br\/cursos-e-eventos\/%22>Agenda de Cursos e Eventos<\/a><\/p>\n<p><a href=%22https:\/\/pm4ngos.org\/candidates-and-learners\/learning-resources\/%22>Recursos de aprendizagem<\/a><\/p>\n<p><a href=%22https:\/\/pm4ngos.org\/pt-br\/badges\/%22>Emblemas<\/a><\/p>\n<p><a href=%22https:\/\/pm4ngos.org\/zh-hans\/candidates-and-learners\/dpro\/%22>DPro+<\/a><\/p>\n<p><a href=%22https:\/\/pm4ngos.org\/candidates-and-learners\/learners-login\/%22>Login para candidatos<\/a><\/p>\n<p>&#8221; hover_box_align_front=&#8221;top&#8221; hover_box_align_back=&#8221;top&#8221; _builder_version=&#8221;4.20.4&#8243; _module_preset=&#8221;default&#8221; border_color_all_content_hover_image=&#8221;#F8961E&#8221; global_colors_info=&#8221;{}&#8221;][\/dipi_hover_box][\/et_pb_column][\/et_pb_row][et_pb_row _builder_version=&#8221;4.20.4&#8243; _module_preset=&#8221;default&#8221; global_colors_info=&#8221;{}&#8221;][et_pb_column type=&#8221;4_4&#8243; _builder_version=&#8221;4.20.4&#8243; _module_preset=&#8221;default&#8221; global_colors_info=&#8221;{}&#8221;][et_pb_text _builder_version=&#8221;4.20.4&#8243; _module_preset=&#8221;default&#8221; global_colors_info=&#8221;{}&#8221;]<\/p>\n<p style=\"text-align: center;\"><strong>Compartilhado via:<\/strong><\/p>\n<p style=\"text-align: center;\"><a href=\"http:\/\/creativecommons.org\/licenses\/by-nc\/4.0\/\" target=\"_blank\" rel=\"noopener\">Este trabalho est\u00e1 licenciado sob uma Licen\u00e7a Creative Commons Attribution-NonCommercial 4.0 International License<\/a><\/p>\n<p style=\"text-align: center;\"><a href=\"http:\/\/creativecommons.org\/licenses\/by-nc\/4.0\/\" target=\"_blank\" rel=\"noopener\"><img loading=\"lazy\" decoding=\"async\" src=\"https:\/\/pm4ngos.org\/wp-content\/uploads\/2023\/05\/Creative-Commons-by-nc.webp\" width=\"150\" height=\"52\" alt=\"\" class=\"wp-image-19367195 alignnone size-full\"><\/a><\/p>\n<p style=\"text-align: center;\">Os usu\u00e1rios s\u00e3o livres para copiar\/redistribuir e adaptar\/transformar<br \/>para fins n\u00e3o comerciais.<\/p>\n<p>[\/et_pb_text][\/et_pb_column][\/et_pb_row][\/et_pb_section]<\/p>\n","protected":false},"excerpt":{"rendered":"<p>Guias R\u00e1pidosEsses guias r\u00e1pidos para leitores ocupados s\u00e3o uma boa op\u00e7\u00e3o se voc\u00ea quiser ler primeiro uma breve introdu\u00e7\u00e3o aos nossos guias, acessando uma vis\u00e3o geral que o ajudar\u00e1 a decidir se o guia completo \u00e9 adequado para voc\u00ea, sua organiza\u00e7\u00e3o e sua equipe. Aten\u00e7\u00e3o: a leitura desses guias n\u00e3o \u00e9 suficiente para se preparar [&hellip;]<\/p>\n","protected":false},"author":3,"featured_media":987517342,"parent":987512199,"menu_order":0,"comment_status":"closed","ping_status":"closed","template":"","meta":{"_et_pb_use_builder":"on","_et_pb_old_content":"","_et_gb_content_width":"","om_disable_all_campaigns":false,"_monsterinsights_skip_tracking":false,"_monsterinsights_sitenote_active":false,"_monsterinsights_sitenote_note":"","_monsterinsights_sitenote_category":0,"_uf_show_specific_survey":0,"_uf_disable_surveys":false,"footnotes":""},"dipi_cpt_category":[],"class_list":["post-987515360","page","type-page","status-publish","has-post-thumbnail","hentry"],"aioseo_notices":[],"_links":{"self":[{"href":"https:\/\/pm4ngos.org\/pt-br\/wp-json\/wp\/v2\/pages\/987515360","targetHints":{"allow":["GET"]}}],"collection":[{"href":"https:\/\/pm4ngos.org\/pt-br\/wp-json\/wp\/v2\/pages"}],"about":[{"href":"https:\/\/pm4ngos.org\/pt-br\/wp-json\/wp\/v2\/types\/page"}],"author":[{"embeddable":true,"href":"https:\/\/pm4ngos.org\/pt-br\/wp-json\/wp\/v2\/users\/3"}],"replies":[{"embeddable":true,"href":"https:\/\/pm4ngos.org\/pt-br\/wp-json\/wp\/v2\/comments?post=987515360"}],"version-history":[{"count":0,"href":"https:\/\/pm4ngos.org\/pt-br\/wp-json\/wp\/v2\/pages\/987515360\/revisions"}],"up":[{"embeddable":true,"href":"https:\/\/pm4ngos.org\/pt-br\/wp-json\/wp\/v2\/pages\/987512199"}],"wp:featuredmedia":[{"embeddable":true,"href":"https:\/\/pm4ngos.org\/pt-br\/wp-json\/wp\/v2\/media\/987517342"}],"wp:attachment":[{"href":"https:\/\/pm4ngos.org\/pt-br\/wp-json\/wp\/v2\/media?parent=987515360"}],"wp:term":[{"taxonomy":"dipi_cpt_category","embeddable":true,"href":"https:\/\/pm4ngos.org\/pt-br\/wp-json\/wp\/v2\/dipi_cpt_category?post=987515360"}],"curies":[{"name":"wp","href":"https:\/\/api.w.org\/{rel}","templated":true}]}}