{"id":987515369,"date":"2023-02-21T11:28:36","date_gmt":"2023-02-21T16:28:36","guid":{"rendered":"https:\/\/pm4ngos.org\/torne-se-um-parceiro\/"},"modified":"2024-05-13T13:50:34","modified_gmt":"2024-05-13T17:50:34","slug":"torne-se-um-parceiro","status":"publish","type":"page","link":"https:\/\/pm4ngos.org\/pt-br\/torne-se-um-parceiro\/","title":{"rendered":"Torne-se um parceiro"},"content":{"rendered":"<p>[et_pb_section fb_built=&#8221;1&#8243; admin_label=&#8221;Top Gradient&#8221; _builder_version=&#8221;4.21.0&#8243; _module_preset=&#8221;default&#8221; use_background_color_gradient=&#8221;on&#8221; background_color_gradient_stops=&#8221;#1bb3eb 0%|#ffffff 38%&#8221; positioning=&#8221;absolute&#8221; position_origin_a=&#8221;top_center&#8221; position_origin_f=&#8221;center_center&#8221; z_index=&#8221;1&#8243; locked=&#8221;off&#8221; collapsed=&#8221;on&#8221; global_colors_info=&#8221;{}&#8221;][et_pb_row _builder_version=&#8221;4.21.0&#8243; _module_preset=&#8221;default&#8221; global_colors_info=&#8221;{}&#8221;][et_pb_column type=&#8221;4_4&#8243; _builder_version=&#8221;4.21.0&#8243; _module_preset=&#8221;default&#8221; global_colors_info=&#8221;{}&#8221;][et_pb_text _builder_version=&#8221;4.21.0&#8243; _module_preset=&#8221;default&#8221; global_colors_info=&#8221;{}&#8221;][\/et_pb_text][\/et_pb_column][\/et_pb_row][\/et_pb_section][et_pb_section fb_built=&#8221;1&#8243; _builder_version=&#8221;4.21.0&#8243; _module_preset=&#8221;default&#8221; min_height=&#8221;255.1px&#8221; collapsed=&#8221;on&#8221; global_colors_info=&#8221;{}&#8221;][et_pb_row admin_label=&#8221;remar&#8221; _builder_version=&#8221;4.16&#8243; background_size=&#8221;initial&#8221; background_position=&#8221;top_left&#8221; background_repeat=&#8221;repeat&#8221; global_colors_info=&#8221;{}&#8221;][et_pb_column type=&#8221;4_4&#8243; _builder_version=&#8221;4.16&#8243; custom_padding=&#8221;|||&#8221; global_colors_info=&#8221;{}&#8221; custom_padding__hover=&#8221;|||&#8221;][et_pb_text _builder_version=&#8221;4.23.4&#8243; text_font=&#8221;Poppins||||||||&#8221; text_text_color=&#8221;#F8961E&#8221; text_font_size=&#8221;18px&#8221; text_line_height=&#8221;1.8em&#8221; header_font=&#8221;Poppins|600|||||||&#8221; header_text_color=&#8221;#ffffff&#8221; header_font_size=&#8221;36px&#8221; header_line_height=&#8221;1.4em&#8221; header_3_font=&#8221;Poppins|600|||||||&#8221; header_3_font_size=&#8221;36px&#8221; header_3_line_height=&#8221;1.4em&#8221; background_layout=&#8221;dark&#8221; max_width=&#8221;1080px&#8221; module_alignment=&#8221;left&#8221; custom_margin=&#8221;|-427px||||&#8221; custom_padding=&#8221;|0px||||&#8221; hover_enabled=&#8221;0&#8243; locked=&#8221;off&#8221; global_colors_info=&#8221;{}&#8221; sticky_enabled=&#8221;0&#8243;]<\/p>\n<h3 style=\"text-align: center;\"><strong><span style=\"color: #f8951e;\">Torne-se um parceiro do PM4NGOs<\/span><\/strong><\/h3>\n<p>[\/et_pb_text][et_pb_text _builder_version=&#8221;4.21.0&#8243; _module_preset=&#8221;default&#8221; locked=&#8221;off&#8221; global_colors_info=&#8221;{}&#8221;]<\/p>\n<p>O PM4NGOs mant\u00e9m uma rede global de organiza\u00e7\u00f5es sem fins lucrativos que adotam as melhores pr\u00e1ticas do DPro, bem como provedores de treinamento para profissionais que buscam certifica\u00e7\u00f5es DPro. Junte-se \u00e0 rede PM4NGOs, promova seus cursos, receba o apoio de nossa equipe para configurar e aplicar os exames de certifica\u00e7\u00e3o e tenha acesso \u00e0s oportunidades de treinamento apresentadas.<\/p>\n<p>Use o bot\u00e3o de altern\u00e2ncia abaixo para selecionar e acessar os benef\u00edcios, requisitos e op\u00e7\u00f5es de processo para se tornar um <strong>Parceiro de Treinamento<\/strong> ou <strong>Parceiro sem Fins Lucrativos<\/strong> do PM4NGOs.<\/p>\n<p>[\/et_pb_text][\/et_pb_column][\/et_pb_row][\/et_pb_section][et_pb_section fb_built=&#8221;1&#8243; _builder_version=&#8221;4.21.0&#8243; _module_preset=&#8221;default&#8221; custom_margin=&#8221;-60px|||||&#8221; custom_padding=&#8221;21px|||||&#8221; collapsed=&#8221;on&#8221; global_colors_info=&#8221;{}&#8221;][et_pb_row _builder_version=&#8221;4.21.0&#8243; _module_preset=&#8221;default&#8221; global_colors_info=&#8221;{}&#8221;][et_pb_column type=&#8221;4_4&#8243; _builder_version=&#8221;4.21.0&#8243; _module_preset=&#8221;default&#8221; global_colors_info=&#8221;{}&#8221;][dipi_content_toggle first_text=&#8221;Parceiros de Treinamento&#8221; first_divi_library=&#8221;987505581&#8243; second_text=&#8221;Parceria sem fins lucrativos&#8221; second_divi_library=&#8221;987505594&#8243; first_btn_color=&#8221;#FFFFFF&#8221; first_bg_color=&#8221;#25ABE2&#8243; second_bg_color=&#8221;#F8961E&#8221; first_content_animation=&#8221;fadeInLeftShort&#8221; second_content_animation=&#8221;fadeInRightShort&#8221; _builder_version=&#8221;4.21.0&#8243; _module_preset=&#8221;default&#8221; first_font=&#8221;|700|||||||&#8221; second_font=&#8221;|700|||||||&#8221; background_color=&#8221;RGBA(255,255,255,0)&#8221; global_colors_info=&#8221;{}&#8221;][\/dipi_content_toggle][\/et_pb_column][\/et_pb_row][\/et_pb_section]<\/p>\n","protected":false},"excerpt":{"rendered":"<p>Torne-se um parceiro do PM4NGOsO PM4NGOs mant\u00e9m uma rede global de organiza\u00e7\u00f5es sem fins lucrativos que adotam as melhores pr\u00e1ticas do DPro, bem como provedores de treinamento para profissionais que buscam certifica\u00e7\u00f5es DPro. Junte-se \u00e0 rede PM4NGOs, promova seus cursos, receba o apoio de nossa equipe para configurar e aplicar os exames de certifica\u00e7\u00e3o e [&hellip;]<\/p>\n","protected":false},"author":3,"featured_media":987517493,"parent":0,"menu_order":0,"comment_status":"closed","ping_status":"closed","template":"","meta":{"_et_pb_use_builder":"on","_et_pb_old_content":"","_et_gb_content_width":"","om_disable_all_campaigns":false,"_monsterinsights_skip_tracking":false,"_monsterinsights_sitenote_active":false,"_monsterinsights_sitenote_note":"","_monsterinsights_sitenote_category":0,"_uf_show_specific_survey":0,"_uf_disable_surveys":false,"footnotes":""},"dipi_cpt_category":[],"class_list":["post-987515369","page","type-page","status-publish","has-post-thumbnail","hentry"],"aioseo_notices":[],"_links":{"self":[{"href":"https:\/\/pm4ngos.org\/pt-br\/wp-json\/wp\/v2\/pages\/987515369","targetHints":{"allow":["GET"]}}],"collection":[{"href":"https:\/\/pm4ngos.org\/pt-br\/wp-json\/wp\/v2\/pages"}],"about":[{"href":"https:\/\/pm4ngos.org\/pt-br\/wp-json\/wp\/v2\/types\/page"}],"author":[{"embeddable":true,"href":"https:\/\/pm4ngos.org\/pt-br\/wp-json\/wp\/v2\/users\/3"}],"replies":[{"embeddable":true,"href":"https:\/\/pm4ngos.org\/pt-br\/wp-json\/wp\/v2\/comments?post=987515369"}],"version-history":[{"count":0,"href":"https:\/\/pm4ngos.org\/pt-br\/wp-json\/wp\/v2\/pages\/987515369\/revisions"}],"wp:featuredmedia":[{"embeddable":true,"href":"https:\/\/pm4ngos.org\/pt-br\/wp-json\/wp\/v2\/media\/987517493"}],"wp:attachment":[{"href":"https:\/\/pm4ngos.org\/pt-br\/wp-json\/wp\/v2\/media?parent=987515369"}],"wp:term":[{"taxonomy":"dipi_cpt_category","embeddable":true,"href":"https:\/\/pm4ngos.org\/pt-br\/wp-json\/wp\/v2\/dipi_cpt_category?post=987515369"}],"curies":[{"name":"wp","href":"https:\/\/api.w.org\/{rel}","templated":true}]}}