{"id":987515389,"date":"2024-01-29T12:41:44","date_gmt":"2024-01-29T17:41:44","guid":{"rendered":"https:\/\/pm4ngos.org\/objetivos-de-desenvolvimento-sustentavel\/"},"modified":"2024-05-15T23:51:21","modified_gmt":"2024-05-16T03:51:21","slug":"objetivos-de-desenvolvimento-sustentavel","status":"publish","type":"page","link":"https:\/\/pm4ngos.org\/pt-br\/objetivos-de-desenvolvimento-sustentavel\/","title":{"rendered":"Objetivos de Desenvolvimento Sustent\u00e1vel"},"content":{"rendered":"<p>[et_pb_section fb_built=&#8221;1&#8243; admin_label=&#8221;Topo da P\u00e1gina&#8221; _builder_version=&#8221;4.20.2&#8243; use_background_color_gradient=&#8221;on&#8221; background_color_gradient_direction=&#8221;105deg&#8221; background_color_gradient_stops=&#8221;#1bb3eb 0%|#25efcb 100%&#8221; background_color_gradient_start=&#8221;#1bb3eb&#8221; background_color_gradient_end=&#8221;#25efcb&#8221; custom_padding=&#8221;60px|0px|60px|0px&#8221; collapsed=&#8221;on&#8221; global_colors_info=&#8221;{}&#8221; theme_builder_area=&#8221;post_content&#8221;][et_pb_row _builder_version=&#8221;4.16&#8243; background_size=&#8221;initial&#8221; background_position=&#8221;top_left&#8221; background_repeat=&#8221;repeat&#8221; global_colors_info=&#8221;{}&#8221; theme_builder_area=&#8221;post_content&#8221;][et_pb_column type=&#8221;4_4&#8243; _builder_version=&#8221;4.16&#8243; custom_padding=&#8221;|||&#8221; global_colors_info=&#8221;{}&#8221; custom_padding__hover=&#8221;|||&#8221; theme_builder_area=&#8221;post_content&#8221;][et_pb_text _builder_version=&#8221;4.23.4&#8243; text_font=&#8221;Poppins||||||||&#8221; text_text_color=&#8221;rgba(255,255,255,0.8)&#8221; text_font_size=&#8221;18px&#8221; text_line_height=&#8221;1.8em&#8221; header_font=&#8221;Poppins|600|||||||&#8221; header_text_color=&#8221;#ffffff&#8221; header_font_size=&#8221;48px&#8221; header_line_height=&#8221;1.4em&#8221; header_3_font=&#8221;Poppins|600|||||||&#8221; header_3_font_size=&#8221;36px&#8221; header_3_line_height=&#8221;1.4em&#8221; background_layout=&#8221;dark&#8221; max_width=&#8221;600px&#8221; module_alignment=&#8221;left&#8221; custom_margin=&#8221;|379px||||&#8221; hover_enabled=&#8221;0&#8243; locked=&#8221;off&#8221; global_colors_info=&#8221;{}&#8221; theme_builder_area=&#8221;post_content&#8221; custom_padding=&#8221;|0px||||&#8221; sticky_enabled=&#8221;0&#8243;]<\/p>\n<h1><strong>Objetivos de Desenvolvimento Sustent\u00e1vel<span> <\/span><\/strong><\/h1>\n<p>[\/et_pb_text][\/et_pb_column][\/et_pb_row][et_pb_row _builder_version=&#8221;4.20.2&#8243; _module_preset=&#8221;default&#8221; global_colors_info=&#8221;{}&#8221; theme_builder_area=&#8221;post_content&#8221;][et_pb_column type=&#8221;4_4&#8243; _builder_version=&#8221;4.20.2&#8243; _module_preset=&#8221;default&#8221; global_colors_info=&#8221;{}&#8221; theme_builder_area=&#8221;post_content&#8221;][dipi_text_highlighter text_highlighter_prefix=&#8221;No PM4NGOs estamos profundamente comprometidos em promover o avan\u00e7o das habilidades de gest\u00e3o de projetos entre indiv\u00edduos e organiza\u00e7\u00f5es que operam no setor de desenvolvimento em todo o mundo. Nosso esfor\u00e7o n\u00e3o \u00e9 apenas promover a excel\u00eancia profissional, mas tamb\u00e9m&#8221; text_highlighter_text=&#8221;contribuir significativamente&#8221; text_highlighter_suffix=&#8221;rumo ao alcance dos Objetivos de Desenvolvimento Sustent\u00e1vel (ODS) das Na\u00e7\u00f5es Unidas.&#8221; highlight_shape=&#8221;multiline&#8221; highlight_animation_repeat_mode=&#8221;definite&#8221; highlight_animation_repeat_counts=&#8221;2&#8243; stroke_color=&#8221;#FFFFFF&#8221; _builder_version=&#8221;4.23.4&#8243; _module_preset=&#8221;default&#8221; all_text_text_color=&#8221;#FFFFFF&#8221; hover_enabled=&#8221;0&#8243; global_colors_info=&#8221;{}&#8221; theme_builder_area=&#8221;post_content&#8221; text_wrapper_tag=&#8221;h3&#8243; sticky_enabled=&#8221;0&#8243;][\/dipi_text_highlighter][\/et_pb_column][\/et_pb_row][\/et_pb_section][et_pb_section fb_built=&#8221;1&#8243; _builder_version=&#8221;4.21.0&#8243; _module_preset=&#8221;default&#8221; background_color=&#8221;#FFFFFF&#8221; custom_padding=&#8221;||90px|||&#8221; global_colors_info=&#8221;{}&#8221; theme_builder_area=&#8221;post_content&#8221;][et_pb_row column_structure=&#8221;1_2,1_2&#8243; _builder_version=&#8221;4.21.0&#8243; _module_preset=&#8221;default&#8221; global_colors_info=&#8221;{}&#8221; theme_builder_area=&#8221;post_content&#8221;][et_pb_column type=&#8221;1_2&#8243; _builder_version=&#8221;4.21.0&#8243; _module_preset=&#8221;default&#8221; global_colors_info=&#8221;{}&#8221; theme_builder_area=&#8221;post_content&#8221;][et_pb_image src=&#8221;https:\/\/pm4ngos.org\/wp-content\/uploads\/2024\/01\/vecteezy_sustainable-development-goals-logo-template-illustration_5412433-1.jpg&#8221; _builder_version=&#8221;4.23.4&#8243; _module_preset=&#8221;default&#8221; theme_builder_area=&#8221;post_content&#8221; title_text=&#8221;vecteezy_sustainable-development-goals-logo-template-illustration_5412433-1&#8243; hover_enabled=&#8221;0&#8243; sticky_enabled=&#8221;0&#8243; animation_style=&#8221;roll&#8221;][\/et_pb_image][\/et_pb_column][et_pb_column type=&#8221;1_2&#8243; _builder_version=&#8221;4.21.0&#8243; _module_preset=&#8221;default&#8221; global_colors_info=&#8221;{}&#8221; theme_builder_area=&#8221;post_content&#8221;][dipi_text_highlighter text_highlighter_text=&#8221;Entendendo&#8221; highlight_shape=&#8221;multiline&#8221; text_wrapper_tag=&#8221;h1&#8243; highlight_animation_repeat_mode=&#8221;definite&#8221; highlight_animation_repeat_counts=&#8221;2&#8243; stroke_color=&#8221;#25ABE2&#8243; _builder_version=&#8221;4.23.4&#8243; _module_preset=&#8221;default&#8221; link_option_url=&#8221;https:\/\/pm4ngos.org\/project-dpro-story\/&#8221; hover_enabled=&#8221;0&#8243; locked=&#8221;off&#8221; global_colors_info=&#8221;{}&#8221; theme_builder_area=&#8221;post_content&#8221; text_highlighter_suffix=&#8221;os Objetivos de Desenvolvimento Sustent\u00e1vel (ODS)&#8221; sticky_enabled=&#8221;0&#8243;][\/dipi_text_highlighter][et_pb_text _builder_version=&#8221;4.23.4&#8243; _module_preset=&#8221;default&#8221; hover_enabled=&#8221;0&#8243; global_colors_info=&#8221;{}&#8221; theme_builder_area=&#8221;post_content&#8221; sticky_enabled=&#8221;0&#8243;]<\/p>\n<p><span>Os <a href=\"https:\/\/sdgs.un.org\/goals\">Objetivos de Desenvolvimento Sustent\u00e1vel, estabelecidos pelas Na\u00e7\u00f5es Unidas<\/a>, compreendem 17 objetivos globais interligados concebidos como um &#8220;plano para alcan\u00e7ar um futuro melhor e mais sustent\u00e1vel para todos&#8221; at\u00e9 2030. Essas metas abrangem uma ampla gama de quest\u00f5es de desenvolvimento social e econ\u00f4mico, incluindo pobreza, fome, sa\u00fade, educa\u00e7\u00e3o, mudan\u00e7as clim\u00e1ticas, igualdade de g\u00eanero, \u00e1gua, saneamento, energia, urbaniza\u00e7\u00e3o, meio ambiente e justi\u00e7a social.<\/span><\/p>\n<p>[\/et_pb_text][dipi_text_highlighter text_highlighter_text=&#8221;Alinhamento do PM4NGOs&#8221; highlight_shape=&#8221;multiline&#8221; text_wrapper_tag=&#8221;h1&#8243; highlight_animation_repeat_mode=&#8221;definite&#8221; highlight_animation_repeat_counts=&#8221;2&#8243; stroke_color=&#8221;#84CCB0&#8243; _builder_version=&#8221;4.23.4&#8243; _module_preset=&#8221;default&#8221; link_option_url=&#8221;https:\/\/pm4ngos.org\/project-dpro-story\/&#8221; hover_enabled=&#8221;0&#8243; locked=&#8221;off&#8221; global_colors_info=&#8221;{}&#8221; theme_builder_area=&#8221;post_content&#8221; text_highlighter_suffix=&#8221;com os ODS&#8221; sticky_enabled=&#8221;0&#8243;][\/dipi_text_highlighter][et_pb_text _builder_version=&#8221;4.23.4&#8243; _module_preset=&#8221;default&#8221; hover_enabled=&#8221;0&#8243; global_colors_info=&#8221;{}&#8221; theme_builder_area=&#8221;post_content&#8221; sticky_enabled=&#8221;0&#8243;]<\/p>\n<p><span>O PM4NGOs desempenha um papel fundamental no alinhamento de suas iniciativas com esses ODS. Como guardi\u00e3o de padr\u00f5es como <a href=\"http:\/\/www.pm4ngos.org\/project-dpro\">Project DPro<\/a> (PMD Pro), <a href=\"http:\/\/www.pm4ngos.org\/program-dpro\">Program DPro<\/a>, <a href=\"http:\/\/www.pm4ngos.org\/finance-dpro\">Finance DPro<\/a> (FMD Pro) e <a href=\"http:\/\/www.pm4ngos.org\/meal-dpro\">MEAL DPro<\/a>, garantimos que os princ\u00edpios e pr\u00e1ticas que endossamos e ensinamos contribuem diretamente para a realiza\u00e7\u00e3o desses objetivos globais.<\/span><\/p>\n<p>[\/et_pb_text][\/et_pb_column][\/et_pb_row][et_pb_row _builder_version=&#8221;4.23.4&#8243; _module_preset=&#8221;default&#8221; column_structure=&#8221;3_4,1_4&#8243; theme_builder_area=&#8221;post_content&#8221; hover_enabled=&#8221;0&#8243; sticky_enabled=&#8221;0&#8243;][et_pb_column _builder_version=&#8221;4.23.4&#8243; _module_preset=&#8221;default&#8221; type=&#8221;3_4&#8243; theme_builder_area=&#8221;post_content&#8221;][dipi_text_highlighter text_highlighter_text=&#8221;Parcerias&#8221; highlight_shape=&#8221;multiline&#8221; text_wrapper_tag=&#8221;h1&#8243; highlight_animation_repeat_mode=&#8221;definite&#8221; highlight_animation_repeat_counts=&#8221;2&#8243; stroke_color=&#8221;#374AA1&#8243; _builder_version=&#8221;4.23.4&#8243; _module_preset=&#8221;default&#8221; link_option_url=&#8221;https:\/\/pm4ngos.org\/project-dpro-story\/&#8221; hover_enabled=&#8221;0&#8243; locked=&#8221;off&#8221; global_colors_info=&#8221;{}&#8221; theme_builder_area=&#8221;post_content&#8221; sticky_enabled=&#8221;0&#8243; text_highlighter_prefix=&#8221;Objetivo 17:&#8221;][\/dipi_text_highlighter][et_pb_text _builder_version=&#8221;4.23.4&#8243; _module_preset=&#8221;default&#8221; theme_builder_area=&#8221;post_content&#8221; hover_enabled=&#8221;0&#8243; sticky_enabled=&#8221;0&#8243;]<\/p>\n<p><span>A rela\u00e7\u00e3o entre o PM4NGOs e o Objetivo 17 dos Objetivos de Desenvolvimento Sustent\u00e1vel (ODS) das Na\u00e7\u00f5es Unidas \u00e9 significativa e multifacetada. O Objetivo 17 se concentra em &#8220;Parcerias para os Objetivos&#8221;, enfatizando a import\u00e2ncia da colabora\u00e7\u00e3o e parceria global para alcan\u00e7ar todos os ODS. Veja como o PM4NGOs se alinha e contribui para esse objetivo:<\/span><\/p>\n<p><strong>1. Fortalecimento das Parcerias Globais:<\/strong><br \/><span>O PM4NGOs trabalha em estreita colabora\u00e7\u00e3o com uma ampla gama de organiza\u00e7\u00f5es internacionais sem fins lucrativos. Essa abordagem incorpora a ess\u00eancia do ODS 17, que \u00e9 revitalizar a parceria global para o desenvolvimento sustent\u00e1vel. Ao construir parcerias s\u00f3lidas, o PM4NGOs facilita o compartilhamento de conhecimento, recursos, tecnologia e melhores pr\u00e1ticas, que s\u00e3o essenciais para enfrentar desafios globais complexos.<\/span><\/p>\n<p><strong>2. Compartilhamento de Conhecimento e Capacita\u00e7\u00e3o:<\/strong><br \/><span>Um dos principais aspectos do Objetivo 17 \u00e9 o compartilhamento de conhecimento e experi\u00eancia para apoiar o alcance dos ODS. O PM4NGOs contribui para isso criando e mantendo guias de melhores pr\u00e1ticas e sistemas de certifica\u00e7\u00e3o para aqueles que trabalham no setor de desenvolvimento. Essa dissemina\u00e7\u00e3o de conhecimento aumenta a capacidade de indiv\u00edduos e organiza\u00e7\u00f5es globalmente, capacitando-os a gerenciar e executar projetos de forma mais eficaz e sustent\u00e1vel.<\/span><\/p>\n<p><strong>3. Promover a Gest\u00e3o Eficaz de Projetos no Desenvolvimento:<\/strong><br \/><span>Uma gest\u00e3o eficaz dos projetos \u00e9 crucial para a implementa\u00e7\u00e3o bem-sucedida de qualquer iniciativa destinada a alcan\u00e7ar os ODS. Ao estabelecer padr\u00f5es para o gerenciamento de projetos e programas, o PM4NGOs garante que os projetos de desenvolvimento sejam executados de forma eficiente, maximizando o impacto de recursos e esfor\u00e7os. Isso apoia diretamente o foco do Objetivo 17 na mobiliza\u00e7\u00e3o efetiva e direcionada de recursos.<\/span><\/p>\n<p><strong>4. Incentivar parcerias multilaterais:<\/strong><br \/><span>O Objetivo 17 tamb\u00e9m reconhece o valor das parcerias com v\u00e1rias partes interessadas como um meio de alavancar uma ampla gama de recursos e conhecimentos. As colabora\u00e7\u00f5es do PM4NGOs se estendem por v\u00e1rios setores e ind\u00fastrias, reunindo diferentes partes interessadas, incluindo ONGs, ag\u00eancias governamentais, entidades do setor privado e organiza\u00e7\u00f5es internacionais. Essas parcerias s\u00e3o fundamentais para reunir recursos e conhecimentos necess\u00e1rios para lidar com quest\u00f5es globais complexas.<\/span><\/p>\n<p><strong>5. Fomento de uma Comunidade de Pr\u00e1tica:<\/strong><br \/><span>Atrav\u00e9s de seus programas de certifica\u00e7\u00e3o e iniciativas de desenvolvimento profissional, o PM4NGOs promove uma comunidade global de pr\u00e1tica entre os profissionais do setor de desenvolvimento. Essa comunidade desempenha um papel vital na troca de ideias, pr\u00e1ticas inovadoras e li\u00e7\u00f5es aprendidas, que \u00e9 um aspecto fundamental do Objetivo 17. Ao conectar profissionais de todo o mundo, o PM4NGOs facilita uma abordagem coletiva para alcan\u00e7ar os ODS.<\/span><\/p>\n<p><strong>Nossa Vis\u00e3o e Miss\u00e3o no Contexto dos ODS<\/strong><br \/><span>Alinhados \u00e0 nossa vis\u00e3o de um mundo equitativo e sustent\u00e1vel, onde o investimento social atinja o maior impacto, reconhecemos os ODS como um marco orientador. Nossa miss\u00e3o de estabelecer o padr\u00e3o para a gest\u00e3o de projetos e programas no setor social est\u00e1 inerentemente conectada a esses objetivos globais. Acreditamos que a gest\u00e3o proficiente de projetos do setor social \u00e9 crucial para a realiza\u00e7\u00e3o dos ODS.<\/span><\/p>\n<p>[\/et_pb_text][\/et_pb_column][et_pb_column _builder_version=&#8221;4.23.4&#8243; _module_preset=&#8221;default&#8221; type=&#8221;1_4&#8243; theme_builder_area=&#8221;post_content&#8221;][et_pb_image src=&#8221;https:\/\/pm4ngos.org\/wp-content\/uploads\/2024\/01\/vecteezy_sustainable-development-goals-logo-template-illustration_5412418-1-e1706549384204.jpg&#8221; _builder_version=&#8221;4.23.4&#8243; _module_preset=&#8221;default&#8221; theme_builder_area=&#8221;post_content&#8221; title_text=&#8221;vecteezy_sustainable-development-goals-logo-template-illustration_5412418-1&#8243; hover_enabled=&#8221;0&#8243; sticky_enabled=&#8221;0&#8243; align=&#8221;center&#8221; force_fullwidth=&#8221;on&#8221; animation_style=&#8221;zoom&#8221;][\/et_pb_image][\/et_pb_column][\/et_pb_row][\/et_pb_section]<\/p>\n","protected":false},"excerpt":{"rendered":"<p>Objetivos de Desenvolvimento Sustent\u00e1vel <div class=\"et_pb_module dipi_text_highlighter dipi_text_highlighter_0\">\n\t\t\t\t\n\t\t\t\t\n\t\t\t\t\n\t\t\t\t\n\t\t\t\t\n\t\t\t\t\n\t\t\t\t<div class=\"et_pb_module_inner\">\n\t\t\t\t\t<h2 class=\"dipi-highlight-text-wrapper\" data-config=\"{&quot;animation_start&quot;:&quot;in_a_viewport&quot;,&quot;animation_start_viewport&quot;:&quot;75%&quot;,&quot;animation_delay&quot;:&quot;0ms&quot;,&quot;animation_duration&quot;:&quot;800ms&quot;,&quot;delay_after_animation&quot;:&quot;3000ms&quot;,&quot;repeat_mode&quot;:&quot;infinite&quot;,&quot;count_mode&quot;:&quot;everytime_in_viewport&quot;,&quot;animation_repeat_counts&quot;:&quot;3&quot;,&quot;reverse_animation&quot;:&quot;off&quot;,&quot;id&quot;:&quot;dipi_text_highlighter_0_wrapper&quot;}\">\n\t\t\t\t\t<span class=\"dipi-highlight-prefix-text dipi-text-affixes\">&#8221;No<\/span><span class=\"dipi-text-highlight-wrapper {&quot;animation_start&quot;:&quot;in_a_viewport&quot;,&quot;animation_start_viewport&quot;:&quot;75%&quot;,&quot;animation_delay&quot;:&quot;0ms&quot;,&quot;animation_duration&quot;:&quot;800ms&quot;,&quot;delay_after_animation&quot;:&quot;3000ms&quot;,&quot;repeat_mode&quot;:&quot;infinite&quot;,&quot;count_mode&quot;:&quot;everytime_in_viewport&quot;,&quot;animation_repeat_counts&quot;:&quot;3&quot;,&quot;reverse_animation&quot;:&quot;off&quot;,&quot;id&quot;:&quot;dipi_text_highlighter_0_wrapper&quot;}\"><span class=\"dipi-text-highlight-text dipi-text-highlight-text\">&#8221;contribuir<\/span><span class=\"dipi-text-highlight-svg\"><svg xmlns=\"http:\/\/www.w3.org\/2000\/svg\" viewBox=\"0 0 500 150\" preserveAspectRatio=\"none\"><path d=\"M7.7,145.6C109,125,299.9,116.2,401,121.3c42.1,2.2,87.6,11.8,87.3,25.7\"><\/path><\/svg><\/span><\/span><span class=\"dipi-highlight-suffix-text dipi-text-affixes\">&#8221;rumo<\/span>\n\t\t\t<\/h2>\n\t\t\t\t<\/div>\n\t\t\t<\/div><\/p>\n","protected":false},"author":1,"featured_media":987517342,"parent":0,"menu_order":0,"comment_status":"closed","ping_status":"closed","template":"","meta":{"_et_pb_use_builder":"on","_et_pb_old_content":"","_et_gb_content_width":"","om_disable_all_campaigns":false,"_monsterinsights_skip_tracking":false,"_monsterinsights_sitenote_active":false,"_monsterinsights_sitenote_note":"","_monsterinsights_sitenote_category":0,"_uf_show_specific_survey":0,"_uf_disable_surveys":false,"footnotes":""},"dipi_cpt_category":[],"class_list":["post-987515389","page","type-page","status-publish","has-post-thumbnail","hentry"],"aioseo_notices":[],"_links":{"self":[{"href":"https:\/\/pm4ngos.org\/pt-br\/wp-json\/wp\/v2\/pages\/987515389","targetHints":{"allow":["GET"]}}],"collection":[{"href":"https:\/\/pm4ngos.org\/pt-br\/wp-json\/wp\/v2\/pages"}],"about":[{"href":"https:\/\/pm4ngos.org\/pt-br\/wp-json\/wp\/v2\/types\/page"}],"author":[{"embeddable":true,"href":"https:\/\/pm4ngos.org\/pt-br\/wp-json\/wp\/v2\/users\/1"}],"replies":[{"embeddable":true,"href":"https:\/\/pm4ngos.org\/pt-br\/wp-json\/wp\/v2\/comments?post=987515389"}],"version-history":[{"count":0,"href":"https:\/\/pm4ngos.org\/pt-br\/wp-json\/wp\/v2\/pages\/987515389\/revisions"}],"wp:featuredmedia":[{"embeddable":true,"href":"https:\/\/pm4ngos.org\/pt-br\/wp-json\/wp\/v2\/media\/987517342"}],"wp:attachment":[{"href":"https:\/\/pm4ngos.org\/pt-br\/wp-json\/wp\/v2\/media?parent=987515389"}],"wp:term":[{"taxonomy":"dipi_cpt_category","embeddable":true,"href":"https:\/\/pm4ngos.org\/pt-br\/wp-json\/wp\/v2\/dipi_cpt_category?post=987515389"}],"curies":[{"name":"wp","href":"https:\/\/api.w.org\/{rel}","templated":true}]}}