{"id":987515395,"date":"2023-05-23T15:28:13","date_gmt":"2023-05-23T19:28:13","guid":{"rendered":"https:\/\/pm4ngos.org\/quem-somos\/conselho-de-administracao-board\/"},"modified":"2024-05-16T21:07:43","modified_gmt":"2024-05-17T01:07:43","slug":"conselho-de-administracao-board","status":"publish","type":"page","link":"https:\/\/pm4ngos.org\/pt-br\/quem-somos\/conselho-de-administracao-board\/","title":{"rendered":"Board de Diretores"},"content":{"rendered":"<p>[et_pb_section fb_built=&#8221;1&#8243; admin_label=&#8221;Topo da P\u00e1gina&#8221; _builder_version=&#8221;4.20.2&#8243; use_background_color_gradient=&#8221;on&#8221; background_color_gradient_direction=&#8221;105deg&#8221; background_color_gradient_stops=&#8221;#1bb3eb 0%|#25efcb 100%&#8221; background_color_gradient_start=&#8221;#1bb3eb&#8221; background_color_gradient_end=&#8221;#25efcb&#8221; custom_padding=&#8221;60px|0px|60px|0px&#8221; collapsed=&#8221;on&#8221; global_colors_info=&#8221;{}&#8221;][et_pb_row _builder_version=&#8221;4.16&#8243; background_size=&#8221;initial&#8221; background_position=&#8221;top_left&#8221; background_repeat=&#8221;repeat&#8221; global_colors_info=&#8221;{}&#8221;][et_pb_column type=&#8221;4_4&#8243; _builder_version=&#8221;4.16&#8243; custom_padding=&#8221;|||&#8221; global_colors_info=&#8221;{}&#8221; custom_padding__hover=&#8221;|||&#8221;][et_pb_text _builder_version=&#8221;4.16&#8243; text_font=&#8221;Poppins||||||||&#8221; text_text_color=&#8221;rgba(255,255,255,0.8)&#8221; text_font_size=&#8221;18px&#8221; text_line_height=&#8221;1.8em&#8221; header_font=&#8221;Poppins|600|||||||&#8221; header_text_color=&#8221;#ffffff&#8221; header_font_size=&#8221;48px&#8221; header_line_height=&#8221;1.4em&#8221; header_3_font=&#8221;Poppins|600|||||||&#8221; header_3_font_size=&#8221;36px&#8221; header_3_line_height=&#8221;1.4em&#8221; background_layout=&#8221;dark&#8221; max_width=&#8221;600px&#8221; module_alignment=&#8221;left&#8221; custom_margin=&#8221;|||&#8221; locked=&#8221;off&#8221; global_colors_info=&#8221;{}&#8221;]<\/p>\n<h1>Board de Diretores<\/h1>\n<p>[\/et_pb_text][\/et_pb_column][\/et_pb_row][et_pb_row _builder_version=&#8221;4.20.2&#8243; _module_preset=&#8221;default&#8221; global_colors_info=&#8221;{}&#8221;][et_pb_column type=&#8221;4_4&#8243; _builder_version=&#8221;4.20.2&#8243; _module_preset=&#8221;default&#8221; global_colors_info=&#8221;{}&#8221;][et_pb_text _builder_version=&#8221;4.20.2&#8243; _module_preset=&#8221;default&#8221; text_text_color=&#8221;#FFFFFF&#8221; text_font_size=&#8221;15px&#8221; global_colors_info=&#8221;{}&#8221;]<\/p>\n<p>O Board \u00e9 a base do PM4NGOs. De v\u00e1rios pa\u00edses, origens e experi\u00eancias diferentes, o grupo multidisciplinar tem sido respons\u00e1vel por liderar e orientar PM4NGOs.<\/p>\n<p>[\/et_pb_text][\/et_pb_column][\/et_pb_row][\/et_pb_section][et_pb_section fb_built=&#8221;1&#8243; admin_label=&#8221;Our Services Section&#8221; _builder_version=&#8221;4.16&#8243; custom_padding=&#8221;5px|0px|110px|0px||&#8221; collapsed=&#8221;off&#8221; global_colors_info=&#8221;{}&#8221;][et_pb_row _builder_version=&#8221;4.21.0&#8243; _module_preset=&#8221;default&#8221; locked=&#8221;off&#8221; global_colors_info=&#8221;{}&#8221;][et_pb_column type=&#8221;4_4&#8243; _builder_version=&#8221;4.16&#8243; _module_preset=&#8221;default&#8221; global_colors_info=&#8221;{}&#8221;][et_pb_jv_team_grid_members select_style=&#8221;style18&#8243; filter_style=&#8221;fstyle18&#8243; display_category_filter=&#8221;off&#8221; display_category=&#8221;specificcategory&#8221; include_categories=&#8221;257&#8243; orderby=&#8221;date_asc&#8221; display_popup_onteam=&#8221;on&#8221; link_read_more_text=&#8221;Read Profile&#8221; social_link_media_text_color=&#8221;#374AA1&#8243; social_link_text_hover_color=&#8221;#25ABE2&#8243; _builder_version=&#8221;4.21.0&#8243; _module_preset=&#8221;default&#8221; designation_name_fonts_text_color=&#8221;#25ABE2&#8243; descrption_name_fonts_font_size=&#8221;11px&#8221; descrption_name_fonts_line_height=&#8221;1.7em&#8221; custom_margin=&#8221;||||false|false&#8221; custom_padding=&#8221;||||false|false&#8221; custom_css_team_box_color=&#8221;margin-bottom:40px&#8221; global_colors_info=&#8221;{}&#8221;][\/et_pb_jv_team_grid_members][\/et_pb_column][\/et_pb_row][et_pb_row _builder_version=&#8221;4.21.0&#8243; _module_preset=&#8221;default&#8221; global_colors_info=&#8221;{}&#8221;][et_pb_column type=&#8221;4_4&#8243; _builder_version=&#8221;4.21.0&#8243; _module_preset=&#8221;default&#8221; global_colors_info=&#8221;{}&#8221;][et_pb_text _builder_version=&#8221;4.23.4&#8243; text_font=&#8221;||||||||&#8221; text_text_color=&#8221;#25ABE2&#8243; header_font=&#8221;||||||||&#8221; header_text_align=&#8221;center&#8221; header_text_color=&#8221;#25ABE2&#8243; header_3_font=&#8221;Poppins|600|||||||&#8221; header_3_text_color=&#8221;#F8961E&#8221; header_3_font_size=&#8221;36px&#8221; header_3_line_height=&#8221;1.4em&#8221; text_orientation=&#8221;center&#8221; hover_enabled=&#8221;0&#8243; locked=&#8221;off&#8221; global_colors_info=&#8221;{}&#8221; sticky_enabled=&#8221;0&#8243;]<\/p>\n<h3><strong>Reuni\u00f5es do Board<\/strong><\/h3>\n<p>[\/et_pb_text][dipi_image_gallery thumb_height=&#8221;1px&#8221; thumbs_navigation_color=&#8221;#FFFFFF&#8221; main_navigation_prev_icon_yn=&#8221;on&#8221; main_navigation_prev_icon=&#8221;&#x3c;||divi||400&#8243; main_navigation_next_icon_yn=&#8221;on&#8221; main_navigation_next_icon=&#8221;&#x3d;||divi||400&#8243; main_navigation_size=&#8221;30&#8243; main_navigation_color=&#8221;#FFFFFF&#8221; main_autoplay=&#8221;on&#8221; pause_on_hover=&#8221;on&#8221; main_navigation=&#8221;on&#8221; main_navigation_on_hover=&#8221;on&#8221; _builder_version=&#8221;4.21.0&#8243; _module_preset=&#8221;default&#8221; global_colors_info=&#8221;{}&#8221;][dipi_image_gallery_child item_image=&#8221;https:\/\/pm4ngos.org\/wp-content\/uploads\/2023\/05\/Board-Meeting-2022-treated-scaled.jpeg&#8221; label=&#8221;2022&#8243; main_carousel_show_content=&#8221;on&#8221; image_title=&#8221;Reuni\u00e3o do Board de 2022 &#8211; Am\u00e3, Jord\u00e2nia&#8221; image_description=&#8221;<\/p>\n<p>Esquerda-direita: Gabrielle B., Mohammad Zeitoun, Mike Culligan, Sharon Mitchener, Tikajit Rai, Josephine Carlson, Peter Marlow, Maggie Korde, Thomas Dente, Hazem Zeitoun<\/p>\n<p>&#8221; c_vr_placement=&#8221;bottom&#8221; _builder_version=&#8221;4.21.0&#8243; _module_preset=&#8221;default&#8221; header_font=&#8221;|700|||||||&#8221; header_text_color=&#8221;#FFFFFF&#8221; body_text_color=&#8221;#FFFFFF&#8221; header_1_text_color=&#8221;#FFFFFF&#8221; header_2_text_color=&#8221;#FFFFFF&#8221; header_3_text_color=&#8221;#FFFFFF&#8221; global_colors_info=&#8221;{}&#8221;][\/dipi_image_gallery_child][dipi_image_gallery_child item_image=&#8221;https:\/\/pm4ngos.org\/wp-content\/uploads\/2023\/05\/Board-Meeting-2018-treated-scaled.jpeg&#8221; label=&#8221;2018&#8243; main_carousel_show_content=&#8221;on&#8221; image_title=&#8221;Reuni\u00e3o do Board de 2018 &#8211; Larnaca, Chipre&#8221; image_description=&#8221;<\/p>\n<p>Esquerda-direita: Don McPhee, Amanda Fleetwood, Trevor Nelson, Richard Pharro, Brandy Westerman, Tikajit Rai, Lisa Robbins-Garland, Peter Marlow, Thomas Dente, John Cropper and Oliver Filler.<\/p>\n<p>&#8221; c_vr_placement=&#8221;bottom&#8221; _builder_version=&#8221;4.21.0&#8243; _module_preset=&#8221;default&#8221; header_font=&#8221;|700|||||||&#8221; header_text_color=&#8221;#FFFFFF&#8221; body_text_color=&#8221;#FFFFFF&#8221; header_1_text_color=&#8221;#FFFFFF&#8221; header_2_text_color=&#8221;#FFFFFF&#8221; header_3_text_color=&#8221;#FFFFFF&#8221; global_colors_info=&#8221;{}&#8221;][\/dipi_image_gallery_child][dipi_image_gallery_child item_image=&#8221;https:\/\/pm4ngos.org\/wp-content\/uploads\/2023\/05\/Board-Meeting-2017.jpeg&#8221; label=&#8221;2017&#8243; main_carousel_show_content=&#8221;on&#8221; image_title=&#8221;Reuni\u00e3o do Board 2017 &#8211; Washington-DC, EUA&#8221; image_description=&#8221;<\/p>\n<p>Esquerda-direita: Don McPhee, Amanda Fleetwood, Trevor Nelson, Thomas Dente, Brandy Westerman, John Cropper, Peter Marlow, Lisa Robbins-Garland.<\/p>\n<p>&#8221; c_vr_placement=&#8221;bottom&#8221; _builder_version=&#8221;4.21.0&#8243; _module_preset=&#8221;default&#8221; header_font=&#8221;|700|||||||&#8221; header_text_color=&#8221;#FFFFFF&#8221; body_text_color=&#8221;#FFFFFF&#8221; header_1_text_color=&#8221;#FFFFFF&#8221; header_2_text_color=&#8221;#FFFFFF&#8221; header_3_text_color=&#8221;#FFFFFF&#8221; global_colors_info=&#8221;{}&#8221;][\/dipi_image_gallery_child][dipi_image_gallery_child item_image=&#8221;https:\/\/pm4ngos.org\/wp-content\/uploads\/2023\/05\/Board-Meeting-2015.jpeg&#8221; label=&#8221;2015&#8243; main_carousel_show_content=&#8221;on&#8221; image_title=&#8221;Reuni\u00e3o do Board 2015 &#8211; Londres, Reino Unido&#8221; image_description=&#8221;<\/p>\n<p>Esquerda-direita: Trevor Nelson, Emily Fereday, John Cropper, Amanda Fleetwood, Richard Pharro, Leila Jazairi (former Board Member), Don McPhee, Brandy Westerman, Thomas Dente.<\/p>\n<p>&#8221; c_vr_placement=&#8221;bottom&#8221; _builder_version=&#8221;4.21.0&#8243; _module_preset=&#8221;default&#8221; header_font=&#8221;|700|||||||&#8221; header_text_color=&#8221;#FFFFFF&#8221; body_text_color=&#8221;#FFFFFF&#8221; header_1_text_color=&#8221;#FFFFFF&#8221; header_2_text_color=&#8221;#FFFFFF&#8221; header_3_text_color=&#8221;#FFFFFF&#8221; global_colors_info=&#8221;{}&#8221;][\/dipi_image_gallery_child][dipi_image_gallery_child item_image=&#8221;https:\/\/pm4ngos.org\/wp-content\/uploads\/2023\/05\/Board-Meeting-2013-treated.png&#8221; label=&#8221;2013&#8243; main_carousel_show_content=&#8221;on&#8221; image_title=&#8221;Reuni\u00e3o do Board 2013&#8243; image_description=&#8221;<\/p>\n<p>Esquerda-direita: Trevor Nelson, Martin McCann, Brandy Westerman, Alan Harpham, Barbara Wallace, David Palasits, Leah Radstone, Steve Marks, John Cropper.<\/p>\n<p>&#8221; c_vr_placement=&#8221;bottom&#8221; _builder_version=&#8221;4.21.0&#8243; _module_preset=&#8221;default&#8221; header_font=&#8221;|700|||||||&#8221; header_text_color=&#8221;#FFFFFF&#8221; body_text_color=&#8221;#FFFFFF&#8221; header_1_text_color=&#8221;#FFFFFF&#8221; header_2_text_color=&#8221;#FFFFFF&#8221; header_3_text_color=&#8221;#FFFFFF&#8221; global_colors_info=&#8221;{}&#8221;][\/dipi_image_gallery_child][dipi_image_gallery_child item_image=&#8221;https:\/\/pm4ngos.org\/wp-content\/uploads\/2023\/05\/Board-Meeting-2010-treated.png&#8221; label=&#8221;2010&#8243; main_carousel_show_content=&#8221;on&#8221; image_title=&#8221;Reuni\u00e3o do Board 2010&#8243; image_description=&#8221;<\/p>\n<p>Esquerda-direita: John Cropper, Vadim Usvitsky, Ernesto Modelo, Eric Verzuh, Barbara Wallace, David Palasits, Leah Radstone, Mike Culligan.<\/p>\n<p>&#8221; c_vr_placement=&#8221;bottom&#8221; _builder_version=&#8221;4.21.0&#8243; _module_preset=&#8221;default&#8221; header_font=&#8221;|700|||||||&#8221; header_text_color=&#8221;#FFFFFF&#8221; body_text_color=&#8221;#FFFFFF&#8221; header_1_text_color=&#8221;#FFFFFF&#8221; header_2_text_color=&#8221;#FFFFFF&#8221; header_3_text_color=&#8221;#FFFFFF&#8221; global_colors_info=&#8221;{}&#8221;][\/dipi_image_gallery_child][\/dipi_image_gallery][\/et_pb_column][\/et_pb_row][et_pb_row _builder_version=&#8221;4.21.0&#8243; _module_preset=&#8221;default&#8221; global_colors_info=&#8221;{}&#8221;][et_pb_column type=&#8221;4_4&#8243; _builder_version=&#8221;4.21.0&#8243; _module_preset=&#8221;default&#8221; global_colors_info=&#8221;{}&#8221;][et_pb_text _builder_version=&#8221;4.23.4&#8243; text_font=&#8221;||||||||&#8221; text_text_color=&#8221;#25ABE2&#8243; header_font=&#8221;||||||||&#8221; header_text_align=&#8221;center&#8221; header_text_color=&#8221;#25ABE2&#8243; header_3_font=&#8221;Poppins|600|||||||&#8221; header_3_text_color=&#8221;#F8961E&#8221; header_3_font_size=&#8221;36px&#8221; header_3_line_height=&#8221;1.4em&#8221; text_orientation=&#8221;center&#8221; hover_enabled=&#8221;0&#8243; locked=&#8221;off&#8221; global_colors_info=&#8221;{}&#8221; sticky_enabled=&#8221;0&#8243;]<\/p>\n<h3><strong>Ex-Membros do Board<\/strong><\/h3>\n<p>[\/et_pb_text][et_pb_code _builder_version=&#8221;4.21.0&#8243; _module_preset=&#8221;default&#8221; global_colors_info=&#8221;{}&#8221;]<script id=\"infogram_0__\/hWX8jx79a4hxkrVsZ2n4\" title=\"Past Board Members\" src=\"https:\/\/e.infogram.com\/js\/dist\/embed.js?Xjf\" type=\"text\/javascript\"><\/script>[\/et_pb_code][\/et_pb_column][\/et_pb_row][\/et_pb_section]<\/p>\n","protected":false},"excerpt":{"rendered":"<p>Board de DiretoresO Board \u00e9 a base do PM4NGOs. De v\u00e1rios pa\u00edses, origens e experi\u00eancias diferentes, o grupo multidisciplinar tem sido respons\u00e1vel por liderar e orientar PM4NGOs.Reuni\u00f5es do Board<div class=\"et_pb_module dipi_image_gallery dipi_image_gallery_0\">\n\t\t\t\t\n\t\t\t\t\n\t\t\t\t\n\t\t\t\t\n\t\t\t\t\n\t\t\t\t\n\t\t\t\t<div class=\"et_pb_module_inner\">\n\t\t\t\t\t<div class=\"dipi-image-gallery dipi-ig-horizontal\" style=\"height: 100%\">\n            <div class=\"dipi-image-gallery-top\">\n                <div class=\" swiper-container dipi-image-gallery-top_0\"   data-direction=\"horizontal\" data-navigation=\"on\" data-ordernumber=\"0\" data-animation=\"slide\" data-autoplay=\"on\" data-main_redraw_after_slide_changed=\"off\" data-pause_on_hover=\"on\" data-autoplay_delay=\"5000\" data-enable_popup=\"off\" data-popup_animation=\"none\" data-popup_animation_duration=\"500\">\n                            <div class=\"swiper-wrapper\">\n                                <div class=\"dipi_image_gallery_child swiper-slide\"><div class=\"swiper-slide-container\" style=\"background-color: rgba(240, 240, 240, 0.8)\"><\/div><\/div>\n                            <\/div>  \n                        <\/div>\n                        <div class=\"swiper-button-next swiper-arrow-button dipi-sbn0 dipi-ig-top-nav show_on_hover\" data-icon=\"&#x3d;\"><\/div> \n                 <div class=\"swiper-button-prev swiper-arrow-button dipi-sbp0 dipi-ig-top-nav show_on_hover\" data-icon=\"&#x3c;\"><\/div>\n                <\/div> \n        <div class=\"dipi-image-gallery-thumbs\">\n            <div class=\"swiper-container dipi-image-gallery-thumbs_0 dipi-thumbs-horizontal dipi-img-thumbs-bottom\"  data-direction=\"horizontal\" data-columnsdesktop=\"4\" data-columnstablet=\"4\" data-columnsphone=\"4\" data-spacebetween=\"10\" data-spacebetween_tablet=\"10\" data-spacebetween_phone=\"10\" data-centered=\"on\" data-thumbs_loop=\"on\" data-ordernumber=\"0\" data-navigation=\"off\" data-is_tb_body=\"off\">\n                <div class=\"swiper-wrapper\">\n                    \n                <div class=\"dipi_image_gallery_child swiper-slide\"><div class=\"swiper-slide-container\" style=\"background-color: rgba(240, 240, 240, 0.8)\"><\/div><\/div>\n                <div class=\"dipi_image_gallery_child swiper-slide\"><div class=\"swiper-slide-container\" style=\"background-color: rgba(240, 240, 240, 0.8)\"><\/div><\/div>\n            \n                <\/div>\n            <\/div>\n        <\/div><\/div>\n\t\t\t\t<\/div>\n\t\t\t<\/div><div class=\"et_pb_module dipi_image_gallery_child dipi_image_gallery_child_0 swiper-slide\">\n\t\t\t\t\n\t\t\t\t\n\t\t\t\t\n\t\t\t\t\n\t\t\t\t\n\t\t\t\t\n\t\t\t\t<div class=\"et_pb_module_inner\">\n\t\t\t\t\t<div href=\"&#8221;https:\/\/pm4ngos.org\/wp-content\/uploads\/2023\/05\/Board-Meeting-2022-treated-scaled.jpeg&#8221;\" class=\"swiper-slide-container \" role=\"figure\"  style=\"background-image:url(&#8221;https:\/\/pm4ngos.org\/wp-content\/uploads\/2023\/05\/Board-Meeting-2022-treated-scaled.jpeg&#8221;);background-size:cover;background-repeat: no-repeat;\">\n                \n                \n            <\/div>\n\t\t\t\t<\/div>\n\t\t\t<\/div><\/p>\n","protected":false},"author":2,"featured_media":987517354,"parent":987515383,"menu_order":0,"comment_status":"closed","ping_status":"closed","template":"","meta":{"_et_pb_use_builder":"on","_et_pb_old_content":"","_et_gb_content_width":"","om_disable_all_campaigns":false,"_monsterinsights_skip_tracking":false,"_monsterinsights_sitenote_active":false,"_monsterinsights_sitenote_note":"","_monsterinsights_sitenote_category":0,"_uf_show_specific_survey":0,"_uf_disable_surveys":false,"footnotes":""},"dipi_cpt_category":[],"class_list":["post-987515395","page","type-page","status-publish","has-post-thumbnail","hentry"],"aioseo_notices":[],"_links":{"self":[{"href":"https:\/\/pm4ngos.org\/pt-br\/wp-json\/wp\/v2\/pages\/987515395","targetHints":{"allow":["GET"]}}],"collection":[{"href":"https:\/\/pm4ngos.org\/pt-br\/wp-json\/wp\/v2\/pages"}],"about":[{"href":"https:\/\/pm4ngos.org\/pt-br\/wp-json\/wp\/v2\/types\/page"}],"author":[{"embeddable":true,"href":"https:\/\/pm4ngos.org\/pt-br\/wp-json\/wp\/v2\/users\/2"}],"replies":[{"embeddable":true,"href":"https:\/\/pm4ngos.org\/pt-br\/wp-json\/wp\/v2\/comments?post=987515395"}],"version-history":[{"count":0,"href":"https:\/\/pm4ngos.org\/pt-br\/wp-json\/wp\/v2\/pages\/987515395\/revisions"}],"up":[{"embeddable":true,"href":"https:\/\/pm4ngos.org\/pt-br\/wp-json\/wp\/v2\/pages\/987515383"}],"wp:featuredmedia":[{"embeddable":true,"href":"https:\/\/pm4ngos.org\/pt-br\/wp-json\/wp\/v2\/media\/987517354"}],"wp:attachment":[{"href":"https:\/\/pm4ngos.org\/pt-br\/wp-json\/wp\/v2\/media?parent=987515395"}],"wp:term":[{"taxonomy":"dipi_cpt_category","embeddable":true,"href":"https:\/\/pm4ngos.org\/pt-br\/wp-json\/wp\/v2\/dipi_cpt_category?post=987515395"}],"curies":[{"name":"wp","href":"https:\/\/api.w.org\/{rel}","templated":true}]}}