{"id":987515407,"date":"2023-05-24T12:25:40","date_gmt":"2023-05-24T16:25:40","guid":{"rendered":"https:\/\/pm4ngos.org\/quem-somos\/equipe-do-pm4ngos\/"},"modified":"2024-05-16T00:38:44","modified_gmt":"2024-05-16T04:38:44","slug":"equipe-do-pm4ngos","status":"publish","type":"page","link":"https:\/\/pm4ngos.org\/pt-br\/quem-somos\/equipe-do-pm4ngos\/","title":{"rendered":"Equipe do PM4NGOs"},"content":{"rendered":"<p>[et_pb_section fb_built=&#8221;1&#8243; admin_label=&#8221;Topo da P\u00e1gina&#8221; _builder_version=&#8221;4.20.2&#8243; use_background_color_gradient=&#8221;on&#8221; background_color_gradient_direction=&#8221;105deg&#8221; background_color_gradient_stops=&#8221;#1bb3eb 0%|#25efcb 100%&#8221; background_color_gradient_start=&#8221;#1bb3eb&#8221; background_color_gradient_end=&#8221;#25efcb&#8221; custom_padding=&#8221;60px|0px|60px|0px&#8221; collapsed=&#8221;on&#8221; global_colors_info=&#8221;{}&#8221;][et_pb_row _builder_version=&#8221;4.16&#8243; background_size=&#8221;initial&#8221; background_position=&#8221;top_left&#8221; background_repeat=&#8221;repeat&#8221; global_colors_info=&#8221;{}&#8221;][et_pb_column type=&#8221;4_4&#8243; _builder_version=&#8221;4.16&#8243; custom_padding=&#8221;|||&#8221; global_colors_info=&#8221;{}&#8221; custom_padding__hover=&#8221;|||&#8221;][et_pb_text _builder_version=&#8221;4.21.0&#8243; text_font=&#8221;Poppins||||||||&#8221; text_text_color=&#8221;rgba(255,255,255,0.8)&#8221; text_font_size=&#8221;18px&#8221; text_line_height=&#8221;1.8em&#8221; header_font=&#8221;Poppins|600|||||||&#8221; header_text_color=&#8221;#ffffff&#8221; header_font_size=&#8221;48px&#8221; header_line_height=&#8221;1.4em&#8221; header_3_font=&#8221;Poppins|600|||||||&#8221; header_3_font_size=&#8221;36px&#8221; header_3_line_height=&#8221;1.4em&#8221; background_layout=&#8221;dark&#8221; max_width=&#8221;600px&#8221; module_alignment=&#8221;left&#8221; custom_margin=&#8221;|||&#8221; locked=&#8221;off&#8221; global_colors_info=&#8221;{}&#8221;]<\/p>\n<h1>Equipe do PM4NGOs<\/h1>\n<p>[\/et_pb_text][\/et_pb_column][\/et_pb_row][et_pb_row _builder_version=&#8221;4.20.2&#8243; _module_preset=&#8221;default&#8221; global_colors_info=&#8221;{}&#8221;][et_pb_column type=&#8221;4_4&#8243; _builder_version=&#8221;4.20.2&#8243; _module_preset=&#8221;default&#8221; global_colors_info=&#8221;{}&#8221;][et_pb_text _builder_version=&#8221;4.21.0&#8243; _module_preset=&#8221;default&#8221; text_text_color=&#8221;#FFFFFF&#8221; text_font_size=&#8221;15px&#8221; global_colors_info=&#8221;{}&#8221;]<\/p>\n<p><span>A equipe de funcion\u00e1rios e consultores do PM4NGOs conta com especialistas no assunto que contribuem com nossas opera\u00e7\u00f5es, projetos e programas.<\/span><\/p>\n<p>[\/et_pb_text][\/et_pb_column][\/et_pb_row][\/et_pb_section][et_pb_section fb_built=&#8221;1&#8243; admin_label=&#8221;Our Services Section&#8221; _builder_version=&#8221;4.16&#8243; custom_padding=&#8221;5px|0px|110px|0px||&#8221; collapsed=&#8221;off&#8221; global_colors_info=&#8221;{}&#8221;][et_pb_row _builder_version=&#8221;4.21.0&#8243; _module_preset=&#8221;default&#8221; locked=&#8221;off&#8221; global_colors_info=&#8221;{}&#8221;][et_pb_column type=&#8221;4_4&#8243; _builder_version=&#8221;4.16&#8243; _module_preset=&#8221;default&#8221; global_colors_info=&#8221;{}&#8221;][et_pb_jv_team_grid_members select_style=&#8221;style47&#8243; filter_style=&#8221;fstyle18&#8243; display_category_filter=&#8221;off&#8221; display_category=&#8221;specificcategory&#8221; include_categories=&#8221;260&#8243; orderby=&#8221;date_asc&#8221; display_popup_onteam=&#8221;on&#8221; link_read_more_text=&#8221;Read Profile&#8221; style47_image_curve_border_color=&#8221;#25ABE2&#8243; style47_image_curve_border_hover_color=&#8221;#374AA1&#8243; social_link_media_text_color=&#8221;#374AA1&#8243; social_link_text_hover_color=&#8221;#25ABE2&#8243; _builder_version=&#8221;4.21.0&#8243; _module_preset=&#8221;default&#8221; team_name_font=&#8221;||||||||&#8221; team_name_text_color=&#8221;#000000&#8243; designation_name_fonts_text_color=&#8221;#666666&#8243; custom_margin=&#8221;||||false|false&#8221; custom_padding=&#8221;||||false|false&#8221; custom_css_team_box_color=&#8221;margin-bottom:40px&#8221; custom_css_category_filter=&#8221;text-transform: capitalize !important;&#8221; global_colors_info=&#8221;{}&#8221;][\/et_pb_jv_team_grid_members][\/et_pb_column][\/et_pb_row][\/et_pb_section]<\/p>\n","protected":false},"excerpt":{"rendered":"<p>Equipe do PM4NGOsA equipe de funcion\u00e1rios e consultores do PM4NGOs conta com especialistas no assunto que contribuem com nossas opera\u00e7\u00f5es, projetos e programas.<\/p>\n","protected":false},"author":2,"featured_media":987517366,"parent":987515383,"menu_order":0,"comment_status":"closed","ping_status":"closed","template":"","meta":{"_et_pb_use_builder":"on","_et_pb_old_content":"","_et_gb_content_width":"","om_disable_all_campaigns":false,"_monsterinsights_skip_tracking":false,"_monsterinsights_sitenote_active":false,"_monsterinsights_sitenote_note":"","_monsterinsights_sitenote_category":0,"_uf_show_specific_survey":0,"_uf_disable_surveys":false,"footnotes":""},"dipi_cpt_category":[],"class_list":["post-987515407","page","type-page","status-publish","has-post-thumbnail","hentry"],"aioseo_notices":[],"_links":{"self":[{"href":"https:\/\/pm4ngos.org\/pt-br\/wp-json\/wp\/v2\/pages\/987515407","targetHints":{"allow":["GET"]}}],"collection":[{"href":"https:\/\/pm4ngos.org\/pt-br\/wp-json\/wp\/v2\/pages"}],"about":[{"href":"https:\/\/pm4ngos.org\/pt-br\/wp-json\/wp\/v2\/types\/page"}],"author":[{"embeddable":true,"href":"https:\/\/pm4ngos.org\/pt-br\/wp-json\/wp\/v2\/users\/2"}],"replies":[{"embeddable":true,"href":"https:\/\/pm4ngos.org\/pt-br\/wp-json\/wp\/v2\/comments?post=987515407"}],"version-history":[{"count":0,"href":"https:\/\/pm4ngos.org\/pt-br\/wp-json\/wp\/v2\/pages\/987515407\/revisions"}],"up":[{"embeddable":true,"href":"https:\/\/pm4ngos.org\/pt-br\/wp-json\/wp\/v2\/pages\/987515383"}],"wp:featuredmedia":[{"embeddable":true,"href":"https:\/\/pm4ngos.org\/pt-br\/wp-json\/wp\/v2\/media\/987517366"}],"wp:attachment":[{"href":"https:\/\/pm4ngos.org\/pt-br\/wp-json\/wp\/v2\/media?parent=987515407"}],"wp:term":[{"taxonomy":"dipi_cpt_category","embeddable":true,"href":"https:\/\/pm4ngos.org\/pt-br\/wp-json\/wp\/v2\/dipi_cpt_category?post=987515407"}],"curies":[{"name":"wp","href":"https:\/\/api.w.org\/{rel}","templated":true}]}}