{"id":987515443,"date":"2023-02-21T11:24:38","date_gmt":"2023-02-21T16:24:38","guid":{"rendered":"https:\/\/pm4ngos.org\/recursos-de-aprendizagem\/"},"modified":"2024-05-17T00:13:55","modified_gmt":"2024-05-17T04:13:55","slug":"recursos-de-aprendizagem","status":"publish","type":"page","link":"https:\/\/pm4ngos.org\/pt-br\/alunos\/recursos-de-aprendizagem\/","title":{"rendered":"Recursos de aprendizagem"},"content":{"rendered":"<p>[et_pb_section fb_built=&#8221;1&#8243; admin_label=&#8221;Top Gradient&#8221; _builder_version=&#8221;4.21.0&#8243; _module_preset=&#8221;default&#8221; use_background_color_gradient=&#8221;on&#8221; background_color_gradient_stops=&#8221;#1bb3eb 0%|#ffffff 38%&#8221; positioning=&#8221;absolute&#8221; position_origin_a=&#8221;top_center&#8221; position_origin_f=&#8221;center_center&#8221; z_index=&#8221;1&#8243; locked=&#8221;off&#8221; collapsed=&#8221;on&#8221; global_colors_info=&#8221;{}&#8221;][et_pb_row _builder_version=&#8221;4.21.0&#8243; _module_preset=&#8221;default&#8221; global_colors_info=&#8221;{}&#8221;][et_pb_column type=&#8221;4_4&#8243; _builder_version=&#8221;4.21.0&#8243; _module_preset=&#8221;default&#8221; global_colors_info=&#8221;{}&#8221;][et_pb_text _builder_version=&#8221;4.20.4&#8243; _module_preset=&#8221;default&#8221; global_colors_info=&#8221;{}&#8221;][\/et_pb_text][\/et_pb_column][\/et_pb_row][\/et_pb_section][et_pb_section fb_built=&#8221;1&#8243; _builder_version=&#8221;4.20.2&#8243; _module_preset=&#8221;default&#8221; global_colors_info=&#8221;{}&#8221;][et_pb_row _builder_version=&#8221;4.20.2&#8243; _module_preset=&#8221;default&#8221; global_colors_info=&#8221;{}&#8221;][et_pb_column type=&#8221;4_4&#8243; _builder_version=&#8221;4.20.2&#8243; _module_preset=&#8221;default&#8221; global_colors_info=&#8221;{}&#8221;][et_pb_text _builder_version=&#8221;4.23.4&#8243; text_font=&#8221;Poppins||||||||&#8221; text_text_color=&#8221;#F8961E&#8221; text_font_size=&#8221;18px&#8221; text_line_height=&#8221;1.8em&#8221; header_font=&#8221;Poppins|600|||||||&#8221; header_text_color=&#8221;#ffffff&#8221; header_font_size=&#8221;48px&#8221; header_line_height=&#8221;1.4em&#8221; header_3_font=&#8221;Poppins|600|||||||&#8221; header_3_font_size=&#8221;36px&#8221; header_3_line_height=&#8221;1.4em&#8221; background_layout=&#8221;dark&#8221; max_width=&#8221;1080px&#8221; module_alignment=&#8221;left&#8221; custom_margin=&#8221;|-427px||||&#8221; custom_padding=&#8221;|0px||||&#8221; locked=&#8221;off&#8221; global_colors_info=&#8221;{}&#8221;]<\/p>\n<h3 class=\"hs-main-title\" style=\"text-align: center;\"><strong><span style=\"color: #f8961e;\">Recursos de aprendizagem<\/span><\/strong><\/h3>\n<nav role=\"navigation\" aria-label=\"Breadcrumbs\" class=\"breadcrumb-trail breadcrumbs\" itemprop=\"breadcrumb\"><\/nav>\n<p>[\/et_pb_text][dipi_text_highlighter text_highlighter_prefix=&#8221;Aproveite todos os&#8221; text_highlighter_text=&#8221;recursos gratuitos&#8221; text_highlighter_suffix=&#8221;do PM4NGOs e comece a aprender hoje!&#8221; stroke_color=&#8221;#25ABE2&#8243; _builder_version=&#8221;4.20.4&#8243; _module_preset=&#8221;default&#8221; all_text_text_align=&#8221;center&#8221; all_text_line_height=&#8221;1.2em&#8221; global_colors_info=&#8221;{}&#8221;][\/dipi_text_highlighter][\/et_pb_column][\/et_pb_row][et_pb_row column_structure=&#8221;1_3,1_3,1_3&#8243; use_custom_gutter=&#8221;on&#8221; gutter_width=&#8221;2&#8243; custom_padding_last_edited=&#8221;on|desktop&#8221; _builder_version=&#8221;4.16&#8243; _module_preset=&#8221;default&#8221; width=&#8221;100%&#8221; max_width=&#8221;1200px&#8221; module_alignment=&#8221;center&#8221; overflow-x=&#8221;hidden&#8221; overflow-y=&#8221;hidden&#8221; custom_margin=&#8221;||||false|false&#8221; custom_margin_tablet=&#8221;||||false|false&#8221; custom_margin_last_edited=&#8221;off|desktop&#8221; custom_padding=&#8221;10px|15px|15px|15px|false|true&#8221; custom_padding_tablet=&#8221;0px||||false|false&#8221; custom_padding_phone=&#8221;&#8221; locked=&#8221;off&#8221; global_colors_info=&#8221;{}&#8221;][et_pb_column type=&#8221;1_3&#8243; _builder_version=&#8221;4.16&#8243; _module_preset=&#8221;default&#8221; global_colors_info=&#8221;{}&#8221;][dnxte_3d_flipbox front_icon_switch=&#8221;off&#8221; front_image_switch=&#8221;on&#8221; front_image=&#8221;https:\/\/pm4ngos.org\/wp-content\/uploads\/2023\/05\/1.png&#8221; front_heading=&#8221;Guias DPro&#8221; front_bgc_color=&#8221;#FFFFFF&#8221; front_image_margin=&#8221;0|15px|20px|15px|false|false&#8221; front_image_alignment=&#8221;center&#8221; back_icon=&#8221;&#x24;||divi||400&#8243; back_content=&#8221;<\/p>\n<p><span>Nossos Guias DPro s\u00e3o adotados como padr\u00e3o em muitas organiza\u00e7\u00f5es de desenvolvimento em todo o mundo. Clique para selecionar o Guia DPro que voc\u00ea deseja baixar gratuitamente.<\/span><\/p>\n<p>&#8221; back_bgc_color=&#8221;#FFFFFF&#8221; btn_show_hide=&#8221;off&#8221; btn_bg_color=&#8221;#ff7424&#8243; back_icon_color=&#8221;#303030&#8243; back_icon_alignment=&#8221;center&#8221; front_image_margin_tablet=&#8221;||15px||false|false&#8221; front_image_margin_phone=&#8221;&#8221; front_image_margin_last_edited=&#8221;on|desktop&#8221; _builder_version=&#8221;4.23.4&#8243; _module_preset=&#8221;default&#8221; front_flip_text_font=&#8221;Poppins||||||||&#8221; front_flip_text_text_align=&#8221;center&#8221; front_flip_text_text_color=&#8221;#303030&#8243; front_flip_text_font_size=&#8221;24px&#8221; front_flip_text_line_height=&#8221;30px&#8221; front_body_font=&#8221;Lato|700|||||||&#8221; front_body_text_align=&#8221;center&#8221; front_body_text_color=&#8221;#707070&#8243; front_body_line_height=&#8221;22px&#8221; back_body_font=&#8221;Lato||||||||&#8221; back_body_text_align=&#8221;center&#8221; back_body_text_color=&#8221;#707070&#8243; back_body_font_size=&#8221;16px&#8221; back_body_line_height=&#8221;26px&#8221; link_option_url=&#8221;\/methodologies-guides\/&#8221; hover_enabled=&#8221;0&#8243; border_radii_front_borders=&#8221;on|10px|10px|10px|10px&#8221; border_width_all_front_borders=&#8221;2px&#8221; border_color_all_front_borders=&#8221;rgba(255,116,36,0.2)&#8221; border_radii_back_borders=&#8221;on|10px|10px|10px|10px&#8221; border_width_all_back_borders=&#8221;2px&#8221; border_color_all_back_borders=&#8221;rgba(255,116,36,0.2)&#8221; global_colors_info=&#8221;{}&#8221; sticky_enabled=&#8221;0&#8243; front_content=&#8221;<\/p>\n<p>Fa\u00e7a o download dos guias<\/p>\n<p>&#8220;][\/dnxte_3d_flipbox][\/et_pb_column][et_pb_column type=&#8221;1_3&#8243; _builder_version=&#8221;4.16&#8243; _module_preset=&#8221;default&#8221; global_colors_info=&#8221;{}&#8221;][dnxte_3d_flipbox front_icon_switch=&#8221;off&#8221; front_image_switch=&#8221;on&#8221; front_image=&#8221;https:\/\/pm4ngos.org\/wp-content\/uploads\/2023\/05\/2.png&#8221; front_heading=&#8221;DPro Starter&#8221; front_content=&#8221;<\/p>\n<p>V\u00eddeos e materiais das ferramentas DPro<\/p>\n<p>&#8221; front_bgc_color=&#8221;#FFFFFF&#8221; front_image_margin=&#8221;0|15px|20px|15px|false|false&#8221; front_image_alignment=&#8221;center&#8221; back_icon=&#8221;&#x24;||divi||400&#8243; back_content=&#8221;<\/p>\n<p>Cada ferramenta tem uma explica\u00e7\u00e3o, um modelo, um curto v\u00eddeo animado de dois minutos e um pequeno conjunto de slides de tr\u00eas\/quatro slides.<\/p>\n<p>&#8221; back_bgc_color=&#8221;#FFFFFF&#8221; btn_show_hide=&#8221;off&#8221; btn_bg_color=&#8221;#ff7424&#8243; back_icon_color=&#8221;#303030&#8243; back_icon_alignment=&#8221;center&#8221; front_image_margin_tablet=&#8221;||15px||false|false&#8221; front_image_margin_phone=&#8221;&#8221; front_image_margin_last_edited=&#8221;on|desktop&#8221; _builder_version=&#8221;4.23.4&#8243; _dynamic_attributes=&#8221;link_option_url&#8221; _module_preset=&#8221;default&#8221; front_flip_text_font=&#8221;Poppins||||||||&#8221; front_flip_text_text_align=&#8221;center&#8221; front_flip_text_text_color=&#8221;#303030&#8243; front_flip_text_font_size=&#8221;24px&#8221; front_flip_text_line_height=&#8221;30px&#8221; front_body_font=&#8221;Lato|700|||||||&#8221; front_body_text_align=&#8221;center&#8221; front_body_text_color=&#8221;#707070&#8243; front_body_line_height=&#8221;22px&#8221; back_body_font=&#8221;Lato||||||||&#8221; back_body_text_align=&#8221;center&#8221; back_body_text_color=&#8221;#707070&#8243; back_body_font_size=&#8221;16px&#8221; back_body_line_height=&#8221;26px&#8221; link_option_url=&#8221;@ET-DC@eyJkeW5hbWljIjp0cnVlLCJjb250ZW50IjoicG9zdF9saW5rX3VybF9wYWdlIiwic2V0dGluZ3MiOnsicG9zdF9pZCI6Ijk4NzUwNjEwNyIsImVuYWJsZV9odG1sIjoib2ZmIn19@&#8221; hover_enabled=&#8221;0&#8243; border_radii_front_borders=&#8221;on|10px|10px|10px|10px&#8221; border_width_all_front_borders=&#8221;2px&#8221; border_color_all_front_borders=&#8221;rgba(255,116,36,0.2)&#8221; border_radii_back_borders=&#8221;on|10px|10px|10px|10px&#8221; border_width_all_back_borders=&#8221;2px&#8221; border_color_all_back_borders=&#8221;rgba(255,116,36,0.2)&#8221; global_colors_info=&#8221;{}&#8221; sticky_enabled=&#8221;0&#8243;][\/dnxte_3d_flipbox][\/et_pb_column][et_pb_column type=&#8221;1_3&#8243; _builder_version=&#8221;4.16&#8243; _module_preset=&#8221;default&#8221; global_colors_info=&#8221;{}&#8221;][dnxte_3d_flipbox front_icon_switch=&#8221;off&#8221; front_image_switch=&#8221;on&#8221; front_image=&#8221;https:\/\/pm4ngos.org\/wp-content\/uploads\/2023\/05\/6.png&#8221; front_heading=&#8221;Exames simulados&#8221; front_content=&#8221;<\/p>\n<p>Pratique o exame de certifica\u00e7\u00e3o<\/p>\n<p>&#8221; front_bgc_color=&#8221;#FFFFFF&#8221; front_image_margin=&#8221;0|15px|20px|15px|false|false&#8221; front_image_alignment=&#8221;center&#8221; back_icon=&#8221;&#x24;||divi||400&#8243; back_content=&#8221;<\/p>\n<p><span>Voc\u00ea poder\u00e1 avaliar os seus conhecimentos antes de fazer o exame real. Clique para seleccionar o exame que deseja praticar.<\/span><\/p>\n<p>&#8221; back_bgc_color=&#8221;#FFFFFF&#8221; btn_show_hide=&#8221;off&#8221; btn_bg_color=&#8221;#ff7424&#8243; back_icon_color=&#8221;#303030&#8243; back_icon_alignment=&#8221;center&#8221; front_image_margin_tablet=&#8221;||15px||false|false&#8221; front_image_margin_phone=&#8221;&#8221; front_image_margin_last_edited=&#8221;on|desktop&#8221; _builder_version=&#8221;4.23.4&#8243; _module_preset=&#8221;default&#8221; front_flip_text_font=&#8221;Poppins||||||||&#8221; front_flip_text_text_align=&#8221;center&#8221; front_flip_text_text_color=&#8221;#303030&#8243; front_flip_text_font_size=&#8221;24px&#8221; front_flip_text_line_height=&#8221;30px&#8221; front_body_font=&#8221;Lato|700|||||||&#8221; front_body_text_align=&#8221;center&#8221; front_body_text_color=&#8221;#707070&#8243; front_body_line_height=&#8221;22px&#8221; back_body_font=&#8221;Lato||||||||&#8221; back_body_text_align=&#8221;center&#8221; back_body_text_color=&#8221;#707070&#8243; back_body_font_size=&#8221;16px&#8221; back_body_line_height=&#8221;26px&#8221; link_option_url=&#8221;https:\/\/pm4ngos.org\/candidates-and-learners\/practice-sample-exam\/&#8221; hover_enabled=&#8221;0&#8243; border_radii_front_borders=&#8221;on|10px|10px|10px|10px&#8221; border_width_all_front_borders=&#8221;2px&#8221; border_color_all_front_borders=&#8221;rgba(255,116,36,0.2)&#8221; border_radii_back_borders=&#8221;on|10px|10px|10px|10px&#8221; border_width_all_back_borders=&#8221;2px&#8221; border_color_all_back_borders=&#8221;rgba(255,116,36,0.2)&#8221; global_colors_info=&#8221;{}&#8221; sticky_enabled=&#8221;0&#8243;][\/dnxte_3d_flipbox][\/et_pb_column][\/et_pb_row][et_pb_row column_structure=&#8221;1_3,1_3,1_3&#8243; use_custom_gutter=&#8221;on&#8221; gutter_width=&#8221;2&#8243; custom_padding_last_edited=&#8221;on|desktop&#8221; _builder_version=&#8221;4.16&#8243; _module_preset=&#8221;default&#8221; width=&#8221;100%&#8221; max_width=&#8221;1200px&#8221; module_alignment=&#8221;center&#8221; overflow-x=&#8221;hidden&#8221; overflow-y=&#8221;hidden&#8221; custom_margin=&#8221;||||false|false&#8221; custom_margin_tablet=&#8221;||||false|false&#8221; custom_margin_last_edited=&#8221;off|desktop&#8221; custom_padding=&#8221;10px|15px|15px|15px|false|true&#8221; custom_padding_tablet=&#8221;0px||||false|false&#8221; custom_padding_phone=&#8221;&#8221; locked=&#8221;off&#8221; global_colors_info=&#8221;{}&#8221;][et_pb_column type=&#8221;1_3&#8243; _builder_version=&#8221;4.16&#8243; _module_preset=&#8221;default&#8221; global_colors_info=&#8221;{}&#8221;][dnxte_3d_flipbox front_icon_switch=&#8221;off&#8221; front_image_switch=&#8221;on&#8221; front_image=&#8221;https:\/\/pm4ngos.org\/wp-content\/uploads\/2023\/05\/4.png&#8221; front_heading=&#8221;Grupos do Telegram&#8221; front_content=&#8221;<\/p>\n<p>Se conecte com outros profissionais<\/p>\n<p>&#8221; front_bgc_color=&#8221;#FFFFFF&#8221; front_image_margin=&#8221;0|15px|20px|15px|false|false&#8221; front_image_alignment=&#8221;center&#8221; back_icon=&#8221;&#x24;||divi||400&#8243; back_content=&#8221;<\/p>\n<p>Selecione o idioma do grupo, leia os Termos e Condi\u00e7\u00f5es dos grupos e solicite a ades\u00e3o.<\/p>\n<p>&#8221; back_bgc_color=&#8221;#FFFFFF&#8221; btn_show_hide=&#8221;off&#8221; btn_bg_color=&#8221;#ff7424&#8243; back_icon_color=&#8221;#303030&#8243; back_icon_alignment=&#8221;center&#8221; front_image_margin_tablet=&#8221;||15px||false|false&#8221; front_image_margin_phone=&#8221;&#8221; front_image_margin_last_edited=&#8221;on|desktop&#8221; _builder_version=&#8221;4.23.4&#8243; _dynamic_attributes=&#8221;link_option_url&#8221; _module_preset=&#8221;default&#8221; front_flip_text_font=&#8221;Poppins||||||||&#8221; front_flip_text_text_align=&#8221;center&#8221; front_flip_text_text_color=&#8221;#303030&#8243; front_flip_text_font_size=&#8221;24px&#8221; front_flip_text_line_height=&#8221;30px&#8221; front_body_font=&#8221;Lato|700|||||||&#8221; front_body_text_align=&#8221;center&#8221; front_body_text_color=&#8221;#707070&#8243; front_body_line_height=&#8221;22px&#8221; back_body_font=&#8221;Lato||||||||&#8221; back_body_text_align=&#8221;center&#8221; back_body_text_color=&#8221;#707070&#8243; back_body_font_size=&#8221;16px&#8221; back_body_line_height=&#8221;26px&#8221; link_option_url=&#8221;@ET-DC@eyJkeW5hbWljIjp0cnVlLCJjb250ZW50IjoicG9zdF9saW5rX3VybF9wYWdlIiwic2V0dGluZ3MiOnsicG9zdF9pZCI6Ijk4NzUwNTMwNiIsImVuYWJsZV9odG1sIjoib2ZmIn19@&#8221; hover_enabled=&#8221;0&#8243; border_radii_front_borders=&#8221;on|10px|10px|10px|10px&#8221; border_width_all_front_borders=&#8221;2px&#8221; border_color_all_front_borders=&#8221;rgba(255,116,36,0.2)&#8221; border_radii_back_borders=&#8221;on|10px|10px|10px|10px&#8221; border_width_all_back_borders=&#8221;2px&#8221; border_color_all_back_borders=&#8221;rgba(255,116,36,0.2)&#8221; global_colors_info=&#8221;{}&#8221; sticky_enabled=&#8221;0&#8243;][\/dnxte_3d_flipbox][\/et_pb_column][et_pb_column type=&#8221;1_3&#8243; _builder_version=&#8221;4.16&#8243; _module_preset=&#8221;default&#8221; global_colors_info=&#8221;{}&#8221;][dnxte_3d_flipbox front_icon_switch=&#8221;off&#8221; front_image_switch=&#8221;on&#8221; front_image=&#8221;https:\/\/pm4ngos.org\/wp-content\/uploads\/2023\/05\/5.png&#8221; front_heading=&#8221;Templates de ferramentas&#8221; front_content=&#8221;<\/p>\n<p>Templates para aplicar as ferramentas DPro<\/p>\n<p>&#8221; front_bgc_color=&#8221;#FFFFFF&#8221; front_image_margin=&#8221;0|15px|20px|15px|false|false&#8221; front_image_alignment=&#8221;center&#8221; back_icon=&#8221;&#x24;||divi||400&#8243; back_content=&#8221;<\/p>\n<p>Baixe templates para aplicar facilmente as ferramentas DPro e melhorar o seu trabalho.<\/p>\n<p>&nbsp;<\/p>\n<p>&nbsp;<\/p>\n<p>&#8221; back_bgc_color=&#8221;#FFFFFF&#8221; btn_show_hide=&#8221;off&#8221; btn_bg_color=&#8221;#ff7424&#8243; back_icon_color=&#8221;#303030&#8243; back_icon_alignment=&#8221;center&#8221; front_image_margin_tablet=&#8221;||15px||false|false&#8221; front_image_margin_phone=&#8221;&#8221; front_image_margin_last_edited=&#8221;on|desktop&#8221; _builder_version=&#8221;4.23.4&#8243; _dynamic_attributes=&#8221;link_option_url&#8221; _module_preset=&#8221;default&#8221; front_flip_text_font=&#8221;Poppins||||||||&#8221; front_flip_text_text_align=&#8221;center&#8221; front_flip_text_text_color=&#8221;#303030&#8243; front_flip_text_font_size=&#8221;24px&#8221; front_flip_text_line_height=&#8221;30px&#8221; front_body_font=&#8221;Lato|700|||||||&#8221; front_body_text_align=&#8221;center&#8221; front_body_text_color=&#8221;#707070&#8243; front_body_line_height=&#8221;22px&#8221; back_body_font=&#8221;Lato||||||||&#8221; back_body_text_align=&#8221;center&#8221; back_body_text_color=&#8221;#707070&#8243; back_body_font_size=&#8221;16px&#8221; back_body_line_height=&#8221;26px&#8221; link_option_url=&#8221;@ET-DC@eyJkeW5hbWljIjp0cnVlLCJjb250ZW50IjoicG9zdF9saW5rX3VybF9wYWdlIiwic2V0dGluZ3MiOnsicG9zdF9pZCI6Ijk4NzUwNjEzNCIsImVuYWJsZV9odG1sIjoib2ZmIn19@&#8221; hover_enabled=&#8221;0&#8243; border_radii_front_borders=&#8221;on|10px|10px|10px|10px&#8221; border_width_all_front_borders=&#8221;2px&#8221; border_color_all_front_borders=&#8221;rgba(255,116,36,0.2)&#8221; border_radii_back_borders=&#8221;on|10px|10px|10px|10px&#8221; border_width_all_back_borders=&#8221;2px&#8221; border_color_all_back_borders=&#8221;rgba(255,116,36,0.2)&#8221; global_colors_info=&#8221;{}&#8221; sticky_enabled=&#8221;0&#8243;][\/dnxte_3d_flipbox][\/et_pb_column][et_pb_column type=&#8221;1_3&#8243; _builder_version=&#8221;4.16&#8243; _module_preset=&#8221;default&#8221; global_colors_info=&#8221;{}&#8221;][dnxte_3d_flipbox front_icon_switch=&#8221;off&#8221; front_image_switch=&#8221;on&#8221; front_image=&#8221;https:\/\/pm4ngos.org\/wp-content\/uploads\/2023\/05\/3.png&#8221; front_heading=&#8221;Webinars PM4NGOs&#8221; front_content=&#8221;<\/p>\n<p>Assista a webinars com especialistas<\/p>\n<p>&#8221; front_bgc_color=&#8221;#FFFFFF&#8221; front_image_margin=&#8221;0|15px|20px|15px|false|false&#8221; front_image_alignment=&#8221;center&#8221; back_icon=&#8221;&#x24;||divi||400&#8243; back_content=&#8221;<\/p>\n<p>O PM4NGOs tem uma s\u00e9rie de webinars com profissionais de desenvolvimento de todo o mundo.<\/p>\n<p>&#8221; back_bgc_color=&#8221;#FFFFFF&#8221; btn_show_hide=&#8221;off&#8221; btn_bg_color=&#8221;#ff7424&#8243; back_icon_color=&#8221;#303030&#8243; back_icon_alignment=&#8221;center&#8221; front_image_margin_tablet=&#8221;||15px||false|false&#8221; front_image_margin_phone=&#8221;&#8221; front_image_margin_last_edited=&#8221;on|desktop&#8221; _builder_version=&#8221;4.23.4&#8243; _module_preset=&#8221;default&#8221; front_flip_text_font=&#8221;Poppins||||||||&#8221; front_flip_text_text_align=&#8221;center&#8221; front_flip_text_text_color=&#8221;#303030&#8243; front_flip_text_font_size=&#8221;24px&#8221; front_flip_text_line_height=&#8221;30px&#8221; front_body_font=&#8221;Lato|700|||||||&#8221; front_body_text_align=&#8221;center&#8221; front_body_text_color=&#8221;#707070&#8243; front_body_line_height=&#8221;22px&#8221; back_body_font=&#8221;Lato||||||||&#8221; back_body_text_align=&#8221;center&#8221; back_body_text_color=&#8221;#707070&#8243; back_body_font_size=&#8221;16px&#8221; back_body_line_height=&#8221;26px&#8221; link_option_url=&#8221;https:\/\/www.youtube.com\/playlist?list=PLtGSnyo4hvveRh-x0DFVghSMPxLusK1mn&#8221; hover_enabled=&#8221;0&#8243; border_radii_front_borders=&#8221;on|10px|10px|10px|10px&#8221; border_width_all_front_borders=&#8221;2px&#8221; border_color_all_front_borders=&#8221;rgba(255,116,36,0.2)&#8221; border_radii_back_borders=&#8221;on|10px|10px|10px|10px&#8221; border_width_all_back_borders=&#8221;2px&#8221; border_color_all_back_borders=&#8221;rgba(255,116,36,0.2)&#8221; global_colors_info=&#8221;{}&#8221; sticky_enabled=&#8221;0&#8243;][\/dnxte_3d_flipbox][\/et_pb_column][\/et_pb_row][\/et_pb_section]<\/p>\n","protected":false},"excerpt":{"rendered":"<p>Recursos de aprendizagem <div class=\"et_pb_module dipi_text_highlighter dipi_text_highlighter_0\">\n\t\t\t\t\n\t\t\t\t\n\t\t\t\t\n\t\t\t\t\n\t\t\t\t\n\t\t\t\t\n\t\t\t\t<div class=\"et_pb_module_inner\">\n\t\t\t\t\t<h2 class=\"dipi-highlight-text-wrapper\" data-config=\"{&quot;animation_start&quot;:&quot;in_a_viewport&quot;,&quot;animation_start_viewport&quot;:&quot;75%&quot;,&quot;animation_delay&quot;:&quot;0ms&quot;,&quot;animation_duration&quot;:&quot;800ms&quot;,&quot;delay_after_animation&quot;:&quot;3000ms&quot;,&quot;repeat_mode&quot;:&quot;infinite&quot;,&quot;count_mode&quot;:&quot;everytime_in_viewport&quot;,&quot;animation_repeat_counts&quot;:&quot;3&quot;,&quot;reverse_animation&quot;:&quot;off&quot;,&quot;id&quot;:&quot;dipi_text_highlighter_0_wrapper&quot;}\">\n\t\t\t\t\t<span class=\"dipi-highlight-prefix-text dipi-text-affixes\">Aproveite todos os<\/span><span class=\"dipi-text-highlight-wrapper {&quot;animation_start&quot;:&quot;in_a_viewport&quot;,&quot;animation_start_viewport&quot;:&quot;75%&quot;,&quot;animation_delay&quot;:&quot;0ms&quot;,&quot;animation_duration&quot;:&quot;800ms&quot;,&quot;delay_after_animation&quot;:&quot;3000ms&quot;,&quot;repeat_mode&quot;:&quot;infinite&quot;,&quot;count_mode&quot;:&quot;everytime_in_viewport&quot;,&quot;animation_repeat_counts&quot;:&quot;3&quot;,&quot;reverse_animation&quot;:&quot;off&quot;,&quot;id&quot;:&quot;dipi_text_highlighter_0_wrapper&quot;}\"><span class=\"dipi-text-highlight-text dipi-text-highlight-text\">recursos gratuitos<\/span><span class=\"dipi-text-highlight-svg\"><svg xmlns=\"http:\/\/www.w3.org\/2000\/svg\" viewBox=\"0 0 500 150\" preserveAspectRatio=\"none\"><path d=\"M7.7,145.6C109,125,299.9,116.2,401,121.3c42.1,2.2,87.6,11.8,87.3,25.7\"><\/path><\/svg><\/span><\/span><span class=\"dipi-highlight-suffix-text dipi-text-affixes\">do PM4NGOs e comece a aprender hoje!<\/span>\n\t\t\t<\/h2>\n\t\t\t\t<\/div>\n\t\t\t<\/div><div class=\"et_pb_module dnxte_3d_flipbox dnxte_3d_flipbox_0\">\n\t\t\t\t\n\t\t\t\t\n\t\t\t\t\n\t\t\t\t\n\t\t\t\t\n\t\t\t\t\n\t\t\t\t<div class=\"et_pb_module_inner\">\n\t\t\t\t\t<div class=\"dnext-3d-transform-flpb-box-item\">\r\n\t\t\t\t<div class=\"dnext-3d-transform-flpb-flip-box \">\r\n\t\t\t\t\t<div class=\"dnext-3d-transform-flpb-flip-box-front\">\r\n\t\t\t<div class=\"dnext-3d-transform-flpb-inner dnext-3d-flpb-flibbox-icon-front\">\r\n\t\t\t\t<span class=\"et-pb-icon \" data-icon=\"#\" data-icon-tablet=\"#\" data-icon-phone=\"#\"><\/span><div class=\"dnext-3d-flipbox-image front_image_alignment_&#8221;center&#8221;\"><img decoding=\"async\" src=\"&#8221;https:\/\/pm4ngos.org\/wp-content\/uploads\/2023\/05\/1.png&#8221;\" alt=\"default\" class=\"dnext-3d-flipbox-front-image \"\/><\/div>\r\n\t\t\t\t<h4 class=\"dnext-3d-transform-flpb-flip-box-header\">&#8221;Guias<\/h4>\r\n\t\t\t\t\r\n\t\t\t<\/div>\r\n\t\t<\/div>\r\n\t\t\t\t\t<div class=\"dnext-3d-transform-flpb-flip-box-back\">\r\n            <div class=\"dnext-3d-transform-flpb-inner dnext-3d-flpb-flibbox-icon-back\">\r\n                <span class=\"et-pb-icon \" data-icon=\"&#8221;&#x24;\" data-icon-tablet=\"&#8221;&#x24;\" data-icon-phone=\"&#8221;&#x24;\"><\/span>\r\n                <div class=\"dnext-3d-flipbox-back-pra\">&#8221;Nossos<\/div>\r\n                <div class=\"dnext-3d-flpb-flibbox-flip-button\"><a href=\"\" class=\"dnext-3d-flpb-flibbox-readmore\" target=\"\">Button Text<\/a><\/div>\r\n            <\/div>\r\n        <\/div>\r\n\t\t\t\t\t<div class=\"dnext-3d-flpb-flank\"><\/div>\r\n\t\t\t\t<\/div>\r\n\t\t\t<\/div>\n\t\t\t\t<\/div>\n\t\t\t<\/div><\/p>\n","protected":false},"author":3,"featured_media":0,"parent":987515625,"menu_order":0,"comment_status":"closed","ping_status":"closed","template":"","meta":{"_et_pb_use_builder":"on","_et_pb_old_content":"","_et_gb_content_width":"","om_disable_all_campaigns":false,"_monsterinsights_skip_tracking":false,"_monsterinsights_sitenote_active":false,"_monsterinsights_sitenote_note":"","_monsterinsights_sitenote_category":0,"_uf_show_specific_survey":0,"_uf_disable_surveys":false,"footnotes":""},"dipi_cpt_category":[],"class_list":["post-987515443","page","type-page","status-publish","hentry"],"aioseo_notices":[],"_links":{"self":[{"href":"https:\/\/pm4ngos.org\/pt-br\/wp-json\/wp\/v2\/pages\/987515443","targetHints":{"allow":["GET"]}}],"collection":[{"href":"https:\/\/pm4ngos.org\/pt-br\/wp-json\/wp\/v2\/pages"}],"about":[{"href":"https:\/\/pm4ngos.org\/pt-br\/wp-json\/wp\/v2\/types\/page"}],"author":[{"embeddable":true,"href":"https:\/\/pm4ngos.org\/pt-br\/wp-json\/wp\/v2\/users\/3"}],"replies":[{"embeddable":true,"href":"https:\/\/pm4ngos.org\/pt-br\/wp-json\/wp\/v2\/comments?post=987515443"}],"version-history":[{"count":0,"href":"https:\/\/pm4ngos.org\/pt-br\/wp-json\/wp\/v2\/pages\/987515443\/revisions"}],"up":[{"embeddable":true,"href":"https:\/\/pm4ngos.org\/pt-br\/wp-json\/wp\/v2\/pages\/987515625"}],"wp:attachment":[{"href":"https:\/\/pm4ngos.org\/pt-br\/wp-json\/wp\/v2\/media?parent=987515443"}],"wp:term":[{"taxonomy":"dipi_cpt_category","embeddable":true,"href":"https:\/\/pm4ngos.org\/pt-br\/wp-json\/wp\/v2\/dipi_cpt_category?post=987515443"}],"curies":[{"name":"wp","href":"https:\/\/api.w.org\/{rel}","templated":true}]}}