{"id":987515540,"date":"2023-02-28T11:20:36","date_gmt":"2023-02-28T16:20:36","guid":{"rendered":"https:\/\/pm4ngos.org\/dpro\/"},"modified":"2024-05-17T00:13:56","modified_gmt":"2024-05-17T04:13:56","slug":"dpro","status":"publish","type":"page","link":"https:\/\/pm4ngos.org\/pt-br\/alunos\/dpro\/","title":{"rendered":"DPro+"},"content":{"rendered":"<p>[et_pb_section fb_built=&#8221;1&#8243; admin_label=&#8221;Top Gradient&#8221; _builder_version=&#8221;4.21.0&#8243; _module_preset=&#8221;default&#8221; use_background_color_gradient=&#8221;on&#8221; background_color_gradient_stops=&#8221;#1bb3eb 0%|#ffffff 38%&#8221; positioning=&#8221;absolute&#8221; position_origin_a=&#8221;top_center&#8221; position_origin_f=&#8221;center_center&#8221; z_index=&#8221;1&#8243; locked=&#8221;off&#8221; collapsed=&#8221;on&#8221; global_colors_info=&#8221;{}&#8221;][et_pb_row _builder_version=&#8221;4.21.0&#8243; _module_preset=&#8221;default&#8221; global_colors_info=&#8221;{}&#8221;][et_pb_column type=&#8221;4_4&#8243; _builder_version=&#8221;4.21.0&#8243; _module_preset=&#8221;default&#8221; global_colors_info=&#8221;{}&#8221;][et_pb_text _builder_version=&#8221;4.20.4&#8243; _module_preset=&#8221;default&#8221; global_colors_info=&#8221;{}&#8221;][\/et_pb_text][\/et_pb_column][\/et_pb_row][\/et_pb_section][et_pb_section fb_built=&#8221;1&#8243; admin_label=&#8221;Section&#8221; _builder_version=&#8221;4.20.2&#8243; _module_preset=&#8221;default&#8221; collapsed=&#8221;on&#8221; global_colors_info=&#8221;{}&#8221;][et_pb_row _builder_version=&#8221;4.20.2&#8243; _module_preset=&#8221;default&#8221; global_colors_info=&#8221;{}&#8221;][et_pb_column type=&#8221;4_4&#8243; _builder_version=&#8221;4.20.2&#8243; _module_preset=&#8221;default&#8221; global_colors_info=&#8221;{}&#8221;][et_pb_text _builder_version=&#8221;4.23.4&#8243; text_font=&#8221;Poppins||||||||&#8221; text_text_color=&#8221;#25ABE2&#8243; text_font_size=&#8221;18px&#8221; text_line_height=&#8221;1.8em&#8221; header_font=&#8221;Poppins|600|||||||&#8221; header_text_color=&#8221;#25ABE2&#8243; header_font_size=&#8221;48px&#8221; header_line_height=&#8221;1.4em&#8221; header_3_font=&#8221;Poppins|600|||||||&#8221; header_3_font_size=&#8221;36px&#8221; header_3_line_height=&#8221;1.4em&#8221; background_layout=&#8221;dark&#8221; max_width=&#8221;1080px&#8221; module_alignment=&#8221;left&#8221; custom_margin=&#8221;|-427px||||&#8221; custom_padding=&#8221;|0px||||&#8221; locked=&#8221;off&#8221; global_colors_info=&#8221;{}&#8221;]<\/p>\n<h3 style=\"text-align: center;\"><strong><span style=\"color: #f8951e;\">Comunidade DPro+<\/span><\/strong><\/h3>\n<p>[\/et_pb_text][\/et_pb_column][\/et_pb_row][et_pb_row column_structure=&#8221;1_3,2_3&#8243; _builder_version=&#8221;4.20.4&#8243; _module_preset=&#8221;default&#8221; global_colors_info=&#8221;{}&#8221;][et_pb_column type=&#8221;1_3&#8243; _builder_version=&#8221;4.20.4&#8243; _module_preset=&#8221;default&#8221; global_colors_info=&#8221;{}&#8221;][et_pb_image src=&#8221;https:\/\/pm4ngos.org\/wp-content\/uploads\/2023\/05\/DProPlus.webp&#8221; title_text=&#8221;DProPlus&#8221; _builder_version=&#8221;4.20.4&#8243; _module_preset=&#8221;default&#8221; global_colors_info=&#8221;{}&#8221;][\/et_pb_image][\/et_pb_column][et_pb_column type=&#8221;2_3&#8243; _builder_version=&#8221;4.20.4&#8243; _module_preset=&#8221;default&#8221; global_colors_info=&#8221;{}&#8221;][et_pb_text admin_label=&#8221;Text&#8221; _builder_version=&#8221;4.20.4&#8243; _module_preset=&#8221;default&#8221; custom_padding=&#8221;||0px|||&#8221; global_colors_info=&#8221;{}&#8221;]<\/p>\n<p>Voc\u00ea estudou o Guia DPro, passou no exame DPro e tem seu certificado. O que vem por a\u00ed? No ambiente competitivo atual, os gestores de projetos e programas bem-sucedidos precisam evoluir continuamente, desenvolvendo suas qualifica\u00e7\u00f5es. O DPro+ est\u00e1 aqui para ajud\u00e1-lo a fazer exatamente isso.<\/p>\n<p>Oferecemos aos nossos membros oportunidades cont\u00ednuas de autoaprendizagem e conte\u00fado com curadoria para desenvolvimento cont\u00ednuo. Visite a se\u00e7\u00e3o &#8220;<strong>Compet\u00eancias<\/strong>&#8221; para ver o treinamento gratuito dispon\u00edvel para ajudar os membros a aprimorar suas habilidades. Cada m\u00f3dulo est\u00e1 relacionado a uma das compet\u00eancias da PM4ONGs para Gerenciamento de Projetos e Programas.<\/p>\n<p>[\/et_pb_text][\/et_pb_column][\/et_pb_row][et_pb_row _builder_version=&#8221;4.20.2&#8243; _module_preset=&#8221;default&#8221; global_colors_info=&#8221;{}&#8221;][et_pb_column type=&#8221;4_4&#8243; _builder_version=&#8221;4.20.2&#8243; _module_preset=&#8221;default&#8221; global_colors_info=&#8221;{}&#8221;][et_pb_text _builder_version=&#8221;4.20.4&#8243; _module_preset=&#8221;default&#8221; custom_padding=&#8221;10px|10px|10px|10px|false|false&#8221; border_width_all=&#8221;6px&#8221; border_color_all=&#8221;#25ABE2&#8243; border_style_all=&#8221;none&#8221; box_shadow_style=&#8221;preset1&#8243; global_colors_info=&#8221;{}&#8221;]<\/p>\n<section class=\"elementor-section elementor-top-section elementor-element elementor-element-9df4e04 elementor-section-boxed elementor-section-height-default elementor-section-height-default\" data-id=\"9df4e04\" data-element_type=\"section\">\n<div class=\"elementor-container elementor-column-gap-default\">\n<div class=\"elementor-row\">\n<div class=\"elementor-column elementor-col-100 elementor-top-column elementor-element elementor-element-3a3f9e1\" data-id=\"3a3f9e1\" data-element_type=\"column\">\n<div class=\"elementor-column-wrap elementor-element-populated\">\n<div class=\"elementor-widget-wrap\">\n<div class=\"elementor-element elementor-element-dd50815 elementor-widget elementor-widget-text-editor\" data-id=\"dd50815\" data-element_type=\"widget\" data-widget_type=\"text-editor.default\">\n<div class=\"elementor-widget-container\">\n<div class=\"elementor-text-editor elementor-clearfix\">\n<p style=\"text-align: center;\">O DPro+ tamb\u00e9m \u00e9 o local onde profissionais certificados DPro podem se reunir para<span> <\/span><strong>conecte-se uns com os outros<\/strong><span> <\/span>e saiber sobre<span> <\/span><strong>oportunidades de emprego e mentoria<\/strong>. H\u00e1 f\u00f3runs com postagens de pessoas dos setores humanit\u00e1rio e de desenvolvimento e links para webinars e atividades regulares da PM4NGOs.<\/p>\n<\/div>\n<\/div>\n<\/div>\n<\/div>\n<\/div>\n<\/div>\n<\/div>\n<\/div>\n<\/section>\n<p>[\/et_pb_text][\/et_pb_column][\/et_pb_row][et_pb_row column_structure=&#8221;3_5,2_5&#8243; _builder_version=&#8221;4.20.4&#8243; _module_preset=&#8221;default&#8221; global_colors_info=&#8221;{}&#8221;][et_pb_column type=&#8221;3_5&#8243; _builder_version=&#8221;4.20.4&#8243; _module_preset=&#8221;default&#8221; global_colors_info=&#8221;{}&#8221;][et_pb_text _builder_version=&#8221;4.20.4&#8243; _module_preset=&#8221;default&#8221; global_colors_info=&#8221;{}&#8221;]<\/p>\n<p>Como primeiro passo, visite a se\u00e7\u00e3o &#8220;Recursos&#8221; para concluir a avalia\u00e7\u00e3o de compet\u00eancias da PM4ONGs. Os resultados indicar\u00e3o qual das compet\u00eancias gratuitas mais beneficiar\u00e1 seu avan\u00e7o no profissionalismo da Gest\u00e3o de Projetos e Programas. Em seguida, visite as se\u00e7\u00f5es de f\u00f3runs para acompanhar as discuss\u00f5es de nossos membros.<\/p>\n<p>Visite o DPro+ regularmente para acompanhar seus colegas de profiss\u00e3o!<\/p>\n<p>Lembre-se que, para se tornar um membro do DPro+, voc\u00ea precisa ser certificado pelo Project DPro (PMD Pro), Program DPro, Finance DPro (FMD Pro) ou MEAL DPro.<\/p>\n<p>Em caso de d\u00favidas <a href=\"https:\/\/pm4ngos.org\/pt-br\/contato\/\">entre em contato com nossa equipe.<\/a><\/p>\n<p>[\/et_pb_text][\/et_pb_column][et_pb_column type=&#8221;2_5&#8243; _builder_version=&#8221;4.20.4&#8243; _module_preset=&#8221;default&#8221; global_colors_info=&#8221;{}&#8221;][et_pb_video_slider play_icon_color=&#8221;#F8961E&#8221; _builder_version=&#8221;4.20.4&#8243; _module_preset=&#8221;default&#8221; global_colors_info=&#8221;{}&#8221;][et_pb_video_slider_item admin_title=&#8221;DPro+: Networking&#8221; src=&#8221;https:\/\/youtu.be\/b0wGwW7j_UY&#8221; _builder_version=&#8221;4.20.4&#8243; _module_preset=&#8221;default&#8221; global_colors_info=&#8221;{}&#8221; show_image_overlay=&#8221;off&#8221;][\/et_pb_video_slider_item][et_pb_video_slider_item admin_title=&#8221;DPro+: Courses&#8221; src=&#8221;https:\/\/youtu.be\/oH-NILb_LGQ&#8221; _builder_version=&#8221;4.20.4&#8243; _module_preset=&#8221;default&#8221; global_colors_info=&#8221;{}&#8221; show_image_overlay=&#8221;off&#8221;][\/et_pb_video_slider_item][et_pb_video_slider_item admin_title=&#8221;DPro+: Career Focus&#8221; src=&#8221;https:\/\/youtu.be\/qPS4CG7J-n8&#8243; _builder_version=&#8221;4.20.4&#8243; _module_preset=&#8221;default&#8221; global_colors_info=&#8221;{}&#8221; show_image_overlay=&#8221;off&#8221;][\/et_pb_video_slider_item][\/et_pb_video_slider][\/et_pb_column][\/et_pb_row][et_pb_row column_structure=&#8221;1_2,1_2&#8243; _builder_version=&#8221;4.20.4&#8243; _module_preset=&#8221;default&#8221; global_colors_info=&#8221;{}&#8221;][et_pb_column type=&#8221;1_2&#8243; _builder_version=&#8221;4.20.4&#8243; _module_preset=&#8221;default&#8221; global_colors_info=&#8221;{}&#8221;][dnxte_button button_text=&#8221;Access DPro+&#8221; button_link=&#8221;https:\/\/www.dpro.plus\/&#8221; button_link_new_window=&#8221;on&#8221; dnxt_button_alignment=&#8221;center&#8221; btn_icon=&#8221;&#xf0c0;||fa||900&#8243; btn_icon_color=&#8221;#FFFFFF&#8221; btn_on_hover=&#8221;off&#8221; _builder_version=&#8221;4.20.4&#8243; _module_preset=&#8221;default&#8221; btn_fonts_text_color=&#8221;#FFFFFF&#8221; background_color=&#8221;#F8961E&#8221; custom_margin=&#8221;||-28px|||&#8221; animation_style=&#8221;fade&#8221; border_radii_btn_border=&#8221;on|11px|11px|11px|11px&#8221; border_color_all_btn_border=&#8221;#FFFFFF&#8221; box_shadow_style=&#8221;preset3&#8243; global_colors_info=&#8221;{}&#8221;][\/dnxte_button][et_pb_text _builder_version=&#8221;4.20.4&#8243; _module_preset=&#8221;default&#8221; text_text_color=&#8221;#9E9E9E&#8221; text_font_size=&#8221;11px&#8221; min_height=&#8221;0px&#8221; global_colors_info=&#8221;{}&#8221;]<\/p>\n<div class=\"elementor-column elementor-col-50 elementor-top-column elementor-element elementor-element-248f89c\" data-id=\"248f89c\" data-element_type=\"column\">\n<div class=\"elementor-column-wrap elementor-element-populated\">\n<div class=\"elementor-widget-wrap\">\n<div class=\"elementor-element elementor-element-b3e2b94 elementor-widget elementor-widget-text-editor\" data-id=\"b3e2b94\" data-element_type=\"widget\" data-widget_type=\"text-editor.default\">\n<div class=\"elementor-widget-container\">\n<div class=\"elementor-text-editor elementor-clearfix\">\n<p style=\"text-align: center;\"><em>Voc\u00ea ser\u00e1 redirecionado para a p\u00e1gina DPro+<\/em><\/p>\n<\/div>\n<\/div>\n<\/div>\n<\/div>\n<\/div>\n<\/div>\n<p>[\/et_pb_text][\/et_pb_column][et_pb_column type=&#8221;1_2&#8243; _builder_version=&#8221;4.20.4&#8243; _module_preset=&#8221;default&#8221; global_colors_info=&#8221;{}&#8221;][dnxte_button button_text=&#8221;Register to DPro+&#8221; button_link=&#8221;https:\/\/www.dpro.plus\/registration-form\/&#8221; button_link_new_window=&#8221;on&#8221; dnxt_button_alignment=&#8221;center&#8221; btn_icon=&#8221;&#xf298;||fa||400&#8243; btn_icon_color=&#8221;#FFFFFF&#8221; btn_on_hover=&#8221;off&#8221; _builder_version=&#8221;4.20.4&#8243; _module_preset=&#8221;default&#8221; btn_fonts_text_color=&#8221;#FFFFFF&#8221; background_color=&#8221;#25ABE2&#8243; custom_margin=&#8221;||-27px|||&#8221; animation_style=&#8221;fade&#8221; border_radii_btn_border=&#8221;on|11px|11px|11px|11px&#8221; border_color_all_btn_border=&#8221;#FFFFFF&#8221; box_shadow_style=&#8221;preset3&#8243; global_colors_info=&#8221;{}&#8221;][\/dnxte_button][et_pb_text _builder_version=&#8221;4.20.4&#8243; _module_preset=&#8221;default&#8221; text_text_color=&#8221;#9E9E9E&#8221; text_font_size=&#8221;11px&#8221; min_height=&#8221;0px&#8221; global_colors_info=&#8221;{}&#8221;]<\/p>\n<div class=\"elementor-column elementor-col-50 elementor-top-column elementor-element elementor-element-248f89c\" data-id=\"248f89c\" data-element_type=\"column\">\n<div class=\"elementor-column-wrap elementor-element-populated\">\n<div class=\"elementor-widget-wrap\">\n<div class=\"elementor-element elementor-element-b3e2b94 elementor-widget elementor-widget-text-editor\" data-id=\"b3e2b94\" data-element_type=\"widget\" data-widget_type=\"text-editor.default\">\n<div class=\"elementor-widget-container\">\n<div class=\"elementor-text-editor elementor-clearfix\">\n<p style=\"text-align: center;\"><em>Voc\u00ea ser\u00e1 redirecionado para a p\u00e1gina de Registro do DPro+<\/em><\/p>\n<\/div>\n<\/div>\n<\/div>\n<\/div>\n<\/div>\n<\/div>\n<p>[\/et_pb_text][\/et_pb_column][\/et_pb_row][\/et_pb_section]<\/p>\n","protected":false},"excerpt":{"rendered":"<p>Comunidade DPro+Voc\u00ea estudou o Guia DPro, passou no exame DPro e tem seu certificado. O que vem por a\u00ed? No ambiente competitivo atual, os gestores de projetos e programas bem-sucedidos precisam evoluir continuamente, desenvolvendo suas qualifica\u00e7\u00f5es. O DPro+ est\u00e1 aqui para ajud\u00e1-lo a fazer exatamente isso. Oferecemos aos nossos membros oportunidades cont\u00ednuas de autoaprendizagem e [&hellip;]<\/p>\n","protected":false},"author":3,"featured_media":0,"parent":987515625,"menu_order":0,"comment_status":"closed","ping_status":"closed","template":"","meta":{"_et_pb_use_builder":"on","_et_pb_old_content":"","_et_gb_content_width":"","om_disable_all_campaigns":false,"_monsterinsights_skip_tracking":false,"_monsterinsights_sitenote_active":false,"_monsterinsights_sitenote_note":"","_monsterinsights_sitenote_category":0,"_uf_show_specific_survey":0,"_uf_disable_surveys":false,"footnotes":""},"dipi_cpt_category":[],"class_list":["post-987515540","page","type-page","status-publish","hentry"],"aioseo_notices":[],"_links":{"self":[{"href":"https:\/\/pm4ngos.org\/pt-br\/wp-json\/wp\/v2\/pages\/987515540","targetHints":{"allow":["GET"]}}],"collection":[{"href":"https:\/\/pm4ngos.org\/pt-br\/wp-json\/wp\/v2\/pages"}],"about":[{"href":"https:\/\/pm4ngos.org\/pt-br\/wp-json\/wp\/v2\/types\/page"}],"author":[{"embeddable":true,"href":"https:\/\/pm4ngos.org\/pt-br\/wp-json\/wp\/v2\/users\/3"}],"replies":[{"embeddable":true,"href":"https:\/\/pm4ngos.org\/pt-br\/wp-json\/wp\/v2\/comments?post=987515540"}],"version-history":[{"count":0,"href":"https:\/\/pm4ngos.org\/pt-br\/wp-json\/wp\/v2\/pages\/987515540\/revisions"}],"up":[{"embeddable":true,"href":"https:\/\/pm4ngos.org\/pt-br\/wp-json\/wp\/v2\/pages\/987515625"}],"wp:attachment":[{"href":"https:\/\/pm4ngos.org\/pt-br\/wp-json\/wp\/v2\/media?parent=987515540"}],"wp:term":[{"taxonomy":"dipi_cpt_category","embeddable":true,"href":"https:\/\/pm4ngos.org\/pt-br\/wp-json\/wp\/v2\/dipi_cpt_category?post=987515540"}],"curies":[{"name":"wp","href":"https:\/\/api.w.org\/{rel}","templated":true}]}}