{"id":987515543,"date":"2023-02-21T11:23:44","date_gmt":"2023-02-21T16:23:44","guid":{"rendered":"https:\/\/pm4ngos.org\/login-para-candidatos\/"},"modified":"2024-05-17T00:13:55","modified_gmt":"2024-05-17T04:13:55","slug":"login-para-candidatos","status":"publish","type":"page","link":"https:\/\/pm4ngos.org\/pt-br\/alunos\/login-para-candidatos\/","title":{"rendered":"Login para candidatos"},"content":{"rendered":"<p>[et_pb_section fb_built=&#8221;1&#8243; admin_label=&#8221;Top Gradient&#8221; _builder_version=&#8221;4.21.0&#8243; _module_preset=&#8221;default&#8221; use_background_color_gradient=&#8221;on&#8221; background_color_gradient_stops=&#8221;#1bb3eb 0%|#ffffff 38%&#8221; positioning=&#8221;absolute&#8221; position_origin_a=&#8221;top_center&#8221; position_origin_f=&#8221;center_center&#8221; z_index=&#8221;1&#8243; locked=&#8221;off&#8221; collapsed=&#8221;on&#8221; global_colors_info=&#8221;{}&#8221;][et_pb_row _builder_version=&#8221;4.21.0&#8243; _module_preset=&#8221;default&#8221; global_colors_info=&#8221;{}&#8221;][et_pb_column type=&#8221;4_4&#8243; _builder_version=&#8221;4.21.0&#8243; _module_preset=&#8221;default&#8221; global_colors_info=&#8221;{}&#8221;][et_pb_text _builder_version=&#8221;4.20.4&#8243; _module_preset=&#8221;default&#8221; global_colors_info=&#8221;{}&#8221;][\/et_pb_text][\/et_pb_column][\/et_pb_row][\/et_pb_section][et_pb_section fb_built=&#8221;1&#8243; _builder_version=&#8221;4.20.2&#8243; _module_preset=&#8221;default&#8221; global_colors_info=&#8221;{}&#8221;][et_pb_row _builder_version=&#8221;4.20.2&#8243; _module_preset=&#8221;default&#8221; global_colors_info=&#8221;{}&#8221;][et_pb_column type=&#8221;4_4&#8243; _builder_version=&#8221;4.20.2&#8243; _module_preset=&#8221;default&#8221; global_colors_info=&#8221;{}&#8221;][et_pb_text _builder_version=&#8221;4.23.4&#8243; text_font=&#8221;Poppins||||||||&#8221; text_text_color=&#8221;#F8961E&#8221; text_font_size=&#8221;18px&#8221; text_line_height=&#8221;1.8em&#8221; header_font=&#8221;Poppins|600|||||||&#8221; header_text_color=&#8221;#ffffff&#8221; header_font_size=&#8221;36px&#8221; header_line_height=&#8221;1.4em&#8221; header_3_font=&#8221;Poppins|600|||||||&#8221; header_3_font_size=&#8221;36px&#8221; header_3_line_height=&#8221;1.4em&#8221; background_layout=&#8221;dark&#8221; max_width=&#8221;1080px&#8221; module_alignment=&#8221;left&#8221; custom_margin=&#8221;|-427px||||&#8221; custom_padding=&#8221;|0px||||&#8221; hover_enabled=&#8221;0&#8243; locked=&#8221;off&#8221; global_colors_info=&#8221;{}&#8221; sticky_enabled=&#8221;0&#8243;]<\/p>\n<h3 style=\"text-align: center;\"><strong><span style=\"color: #f8951e;\">Links de Login do Candidato<\/span><\/strong><\/h3>\n<p>[\/et_pb_text][et_pb_text _builder_version=&#8221;4.21.0&#8243; _module_preset=&#8221;default&#8221; global_colors_info=&#8221;{}&#8221;]<\/p>\n<p>Os exames e plataformas de aprendizagem da PM4NGOs s\u00e3o hospedados em servidores diferentes por causa dos recursos e projetados necess\u00e1rios para cada um deles. Selecione abaixo a plataforma que voc\u00ea gostaria de acessar.<\/p>\n<p>[\/et_pb_text][dipi_advanced_tabs tab_animation=&#8221;fadeInUpShort&#8221; dipi_animation_duration=&#8221;600&#8243; enable_tabs_slider=&#8221;on&#8221; enable_ts_on_pho=&#8221;on&#8221; tabs_per_view_pho=&#8221;1&#8243; ts_navigation_pho=&#8221;on&#8221; ts_navigation_vertical_position_pho=&#8221;40&#8243; ts_navigation_horizontal_position_pho=&#8221;15&#8243; tabs_max_width=&#8221;20%&#8221; tabs_min_width_tablet=&#8221;&#8221; tabs_max_width_tablet=&#8221;20%&#8221; use_tabs_fullwidth_phone=&#8221;on&#8221; tabs_min_width_phone=&#8221;100%&#8221; tabs_max_width_phone=&#8221;100%&#8221; tabs_placement_phone=&#8221;column&#8221; tabs_container_padding=&#8221;0px|0px|0px|0px|false|false&#8221; tabs_container_margin=&#8221;0px|0px|0px|0px|false|false&#8221; tabs_item_padding=&#8221;10px|10px|10px|10px|false|false&#8221; tabs_active_item_padding=&#8221;10px|10px|10px|10px|false|false&#8221; content_padding=&#8221;40px|80px|80px|80px|false|false&#8221; content_margin=&#8221;0px|0px|0px|0px|false|false&#8221; content_bg_color=&#8221;#FFFFFF&#8221; tabs_bg_color=&#8221;#f4f4f4&#8243; tabs_item_bg_color=&#8221;rgba(255,255,255,0)&#8221; tabs_item_active_bg_color=&#8221;#FFFFFF&#8221; navigation_prev_icon_yn=&#8221;on&#8221; navigation_prev_icon=&#8221;&#x23;||divi||400&#8243; navigation_next_icon_yn=&#8221;on&#8221; navigation_next_icon=&#8221;&#x24;||divi||400&#8243; navigation_size=&#8221;15&#8243; navigation_padding=&#8221;18&#8243; navigation_color=&#8221;rgba(0,0,0,0.26)&#8221; navigation_bg_color=&#8221;rgba(10,2,2,0.05)&#8221; navigation_circle=&#8221;on&#8221; content_padding_tablet=&#8221;80px|80px|80px|80px|false|false&#8221; content_padding_phone=&#8221;40px|20px|40px|20px|false|false&#8221; content_padding_last_edited=&#8221;on|phone&#8221; tabs_bg_color_tablet=&#8221;#f4f4f4&#8243; tabs_bg_color_phone=&#8221;#f4f4f4&#8243; tabs_bg_color_last_edited=&#8221;on|phone&#8221; tabs_item_bg_color_tablet=&#8221;rgba(255,255,255,0)&#8221; tabs_item_bg_color_phone=&#8221;#f4f4f4&#8243; tabs_item_bg_color_last_edited=&#8221;on|phone&#8221; tabs_item_active_bg_color_tablet=&#8221;#FFFFFF&#8221; tabs_item_active_bg_color_phone=&#8221;#f4f4f4&#8243; tabs_item_active_bg_color_last_edited=&#8221;on|phone&#8221; _builder_version=&#8221;4.23.4&#8243; _module_preset=&#8221;default&#8221; title_font=&#8221;Montserrat|600|||||||&#8221; title_text_align=&#8221;center&#8221; title_text_color=&#8221;rgba(21,2,42,0.3)&#8221; title_active_font=&#8221;Montserrat|600|||||||&#8221; title_active_text_align=&#8221;center&#8221; title_active_text_color=&#8221;#ffa842&#8243; body_text_color=&#8221;#666666&#8243; border_radii_tabs_wrapper=&#8221;on||||&#8221; border_width_all_tabs_wrapper=&#8221;0px&#8221; border_width_top_tabs_item=&#8221;6px&#8221; border_color_top_tabs_item=&#8221;RGBA(255,255,255,0)&#8221; border_width_top_tabs_item_active=&#8221;6px&#8221; border_color_top_tabs_item_active=&#8221;#ffa842&#8243; locked=&#8221;off&#8221; global_colors_info=&#8221;{}&#8221; tabs_min_width_last_edited=&#8221;on|phone&#8221; tabs_max_width_last_edited=&#8221;on|desktop&#8221; tabs_item_bg_color__hover_enabled=&#8221;on|desktop&#8221; tabs_item_bg_color__hover=&#8221;rgba(255,255,255,0.25)&#8221; tabs_item_bg_enable_color__hover=&#8221;on&#8221; tabs_item_bg_enable_color_phone=&#8221;on&#8221; tabs_item_active_bg_enable_color_phone=&#8221;on&#8221;][dipi_advanced_tabs_item title=&#8221;Exames PM4NGOs&#8221; admin_label=&#8221;PM4NGOs Exams&#8221; image=&#8221;https:\/\/pm4ngos.org\/wp-content\/uploads\/2023\/05\/PM4NGOs-Exams.png&#8221; img_container_max_width=&#8221;35%&#8221; image_margin=&#8221;0px|10px|10px|10px|false|false&#8221; icon_color=&#8221;rgba(21,2,42,0.3)&#8221; icon_color_active=&#8221;#ffa842&#8243; use_button=&#8221;on&#8221; at_button_text=&#8221;Acessar Sistema de Exames&#8221; at_button_url=&#8221;https:\/\/ondemand.questionmark.com\/home\/405841&#8243; at_button_url_new_window=&#8221;on&#8221; tab_media=&#8221;icon&#8221; font_icon=&#8221;\uf470||fa||900&#8243; font_icon_active=&#8221;\uf2bd||fa||400&#8243; tab_icon_placement=&#8221;top&#8221; tab_icon_placement_phone=&#8221;top&#8221; _builder_version=&#8221;4.23.4&#8243; _module_preset=&#8221;default&#8221; text_text_align=&#8221;center&#8221; text_text_color=&#8221;#666666&#8243; text_line_height=&#8221;1.9em&#8221; custom_button=&#8221;on&#8221; button_text_color=&#8221;#25ABE2&#8243; button_border_color=&#8221;#25ABE2&#8243; button_border_radius=&#8221;15px&#8221; button_use_icon=&#8221;off&#8221; button_alignment=&#8221;center&#8221; button_custom_margin=&#8221;15px||||false|false&#8221; custom_margin=&#8221;||0px||false|false&#8221; global_colors_info=&#8221;{}&#8221; button_bg_color__hover_enabled=&#8221;on|desktop&#8221; button_bg_color__hover=&#8221;rgba(37,171,226,0.09)&#8221; button_bg_enable_color__hover=&#8221;on&#8221; button_border_color__hover_enabled=&#8221;on|desktop&#8221; button_border_color__hover=&#8221;#25ABE2&#8243; button_text_color__hover_enabled=&#8221;on|desktop&#8221; button_text_color__hover=&#8221;#25ABE2&#8243;]<\/p>\n<p>Os exames <strong>Foundation<\/strong> do PM4NGOs s\u00e3o hospedados pelo Questionmark. Clique para abrir a Plataforma de Exames em uma nova guia ou p\u00e1gina do navegador.<\/p>\n<p>Se voc\u00ea est\u00e1 procurando o Exame Practitioner, use a guia DPro+ &amp; Practitioner.<\/p>\n<p>[\/dipi_advanced_tabs_item][dipi_advanced_tabs_item title=&#8221;Exames Simulados&#8221; admin_label=&#8221;Practice \/ Sample Exams&#8221; img_container_max_width=&#8221;35%&#8221; image_margin=&#8221;0px|10px|10px|10px|false|false&#8221; icon_color=&#8221;rgba(21,2,42,0.3)&#8221; icon_color_active=&#8221;#ffa842&#8243; use_button=&#8221;on&#8221; at_button_text=&#8221;Exames Simulados&#8221; at_button_url=&#8221;https:\/\/ondemand.questionmark.com\/home\/405926&#8243; at_button_url_new_window=&#8221;on&#8221; tab_media=&#8221;icon&#8221; font_icon=&#8221;\uf0ae||fa||900&#8243; font_icon_active=&#8221;\uf2bd||fa||400&#8243; tab_icon_placement=&#8221;top&#8221; tab_icon_placement_phone=&#8221;top&#8221; _builder_version=&#8221;4.21.0&#8243; _module_preset=&#8221;default&#8221; text_text_align=&#8221;center&#8221; text_text_color=&#8221;#666666&#8243; text_line_height=&#8221;1.9em&#8221; custom_button=&#8221;on&#8221; button_text_color=&#8221;#25ABE2&#8243; button_border_color=&#8221;#25ABE2&#8243; button_border_radius=&#8221;15px&#8221; button_use_icon=&#8221;off&#8221; button_alignment=&#8221;center&#8221; button_custom_margin=&#8221;15px||||false|false&#8221; custom_margin=&#8221;||0px||false|false&#8221; global_colors_info=&#8221;{}&#8221; button_bg_color__hover_enabled=&#8221;on|desktop&#8221; button_bg_color__hover=&#8221;rgba(37,171,226,0.09)&#8221; button_bg_enable_color__hover=&#8221;on&#8221; button_border_color__hover_enabled=&#8221;on|desktop&#8221; button_border_color__hover=&#8221;#25ABE2&#8243; button_text_color__hover_enabled=&#8221;on|desktop&#8221; button_text_color__hover=&#8221;#25ABE2&#8243;]<\/p>\n<p>Os Exames Simulados tamb\u00e9m s\u00e3o hospedados pelo Questionmark. <strong>O login n\u00e3o \u00e9 necess\u00e1rio<\/strong> para praticar exames. Clique para abrir os exames simulados em uma nova guia ou p\u00e1gina do navegador.<\/p>\n<p>[\/dipi_advanced_tabs_item][dipi_advanced_tabs_item title=&#8221;DPro+ &amp; Practitioner&#8221; admin_label=&#8221;DPro+&#8221; image=&#8221;https:\/\/pm4ngos.org\/wp-content\/uploads\/2023\/05\/DProPlus.webp&#8221; img_container_max_width=&#8221;25%&#8221; image_margin=&#8221;0px|10px|10px|10px|false|false&#8221; icon_color=&#8221;rgba(21,2,42,0.3)&#8221; icon_color_active=&#8221;#ffa842&#8243; use_button=&#8221;on&#8221; at_button_text=&#8221;Acesse o DPro+&#8221; at_button_url=&#8221;https:\/\/www.dpro.plus\/&#8221; at_button_url_new_window=&#8221;on&#8221; tab_media=&#8221;icon&#8221; font_icon=&#8221;\uf055||fa||900&#8243; font_icon_active=&#8221;\uf2bd||fa||400&#8243; tab_icon_placement=&#8221;top&#8221; tab_icon_placement_phone=&#8221;top&#8221; _builder_version=&#8221;4.23.4&#8243; _module_preset=&#8221;default&#8221; text_text_align=&#8221;center&#8221; text_text_color=&#8221;#666666&#8243; text_line_height=&#8221;1.9em&#8221; custom_button=&#8221;on&#8221; button_text_color=&#8221;#25ABE2&#8243; button_border_color=&#8221;#25ABE2&#8243; button_border_radius=&#8221;15px&#8221; button_use_icon=&#8221;off&#8221; button_alignment=&#8221;center&#8221; button_custom_margin=&#8221;15px||||false|false&#8221; custom_margin=&#8221;||0px||false|false&#8221; global_colors_info=&#8221;{}&#8221; button_bg_color__hover_enabled=&#8221;on|desktop&#8221; button_bg_color__hover=&#8221;rgba(37,171,226,0.09)&#8221; button_bg_enable_color__hover=&#8221;on&#8221; button_border_color__hover_enabled=&#8221;on|desktop&#8221; button_border_color__hover=&#8221;#25ABE2&#8243; button_text_color__hover_enabled=&#8221;on|desktop&#8221; button_text_color__hover=&#8221;#25ABE2&#8243;]<\/p>\n<p>DPro+ \u00e9 um site do PM4NGOs para desenvolvimento profissional cont\u00ednuo. O DPro+ tamb\u00e9m \u00e9 a plataforma para <strong>os candidatos Practitioner<\/strong> tirarem e renovarem sua Certifica\u00e7\u00e3o de Practitioner. O acesso \u00e9 restrito, mas gratuito a todos os <strong>profissionais certificados pelo DPro Foundation.<\/strong> <\/p>\n<p>[\/dipi_advanced_tabs_item][dipi_advanced_tabs_item title=&#8221;Cursos de Treinamento&#8221; admin_label=&#8221;Training Courses&#8221; img_container_max_width=&#8221;35%&#8221; image_margin=&#8221;0px|10px|10px|10px|false|false&#8221; icon_color=&#8221;rgba(21,2,42,0.3)&#8221; icon_color_active=&#8221;#ffa842&#8243; use_button=&#8221;on&#8221; at_button_text=&#8221;Encontre uma Organiza\u00e7\u00e3o de Treinamento&#8221; at_button_url=&#8221;https:\/\/pm4ngos.org\/pt-br\/encontre-uma-organizacao-de-treinamento\/&#8221; at_button_url_new_window=&#8221;1&#8243; tab_media=&#8221;icon&#8221; font_icon=&#8221;\uf51c||fa||900&#8243; font_icon_active=&#8221;\uf2bd||fa||400&#8243; tab_icon_placement=&#8221;top&#8221; tab_icon_placement_phone=&#8221;top&#8221; _builder_version=&#8221;4.21.0&#8243; _module_preset=&#8221;default&#8221; text_text_align=&#8221;center&#8221; text_text_color=&#8221;#666666&#8243; text_line_height=&#8221;1.9em&#8221; custom_button=&#8221;on&#8221; button_text_color=&#8221;#25ABE2&#8243; button_border_color=&#8221;#25ABE2&#8243; button_border_radius=&#8221;15px&#8221; button_use_icon=&#8221;off&#8221; button_alignment=&#8221;center&#8221; button_custom_margin=&#8221;15px||||false|false&#8221; custom_margin=&#8221;||0px||false|false&#8221; global_colors_info=&#8221;{}&#8221; button_bg_color__hover_enabled=&#8221;on|desktop&#8221; button_bg_color__hover=&#8221;rgba(37,171,226,0.09)&#8221; button_bg_enable_color__hover=&#8221;on&#8221; button_border_color__hover_enabled=&#8221;on|desktop&#8221; button_border_color__hover=&#8221;#25ABE2&#8243; button_text_color__hover_enabled=&#8221;on|desktop&#8221; button_text_color__hover=&#8221;#25ABE2&#8243;]<\/p>\n<p>O PM4NGOs \u00e9 propriet\u00e1rio e guardi\u00e3o dos guias do Project DPro e do Program DPro. Somos tamb\u00e9m uma plataforma para conectar profissionais e organiza\u00e7\u00f5es de treinamento. Por esse motivo, <strong>n\u00e3o<\/strong> realizamos cursos de capacita\u00e7\u00e3o. Os treinamentos s\u00e3o oferecidos e gerenciados por parceiros do PM4NGOs de forma independente.<\/p>\n<p>Se voc\u00ea j\u00e1 estiver inscrito em um curso, entre em contato com a organiza\u00e7\u00e3o de treinamento. Se voc\u00ea est\u00e1 procurando um curso de treinamento ou instrutor, encontre-o visitando nossos perfis de Parceiros de Treinamento.<\/p>\n<p>&nbsp;<\/p>\n<p>[\/dipi_advanced_tabs_item][\/dipi_advanced_tabs][\/et_pb_column][\/et_pb_row][\/et_pb_section]<\/p>\n","protected":false},"excerpt":{"rendered":"<p>Links de Login do CandidatoOs exames e plataformas de aprendizagem da PM4NGOs s\u00e3o hospedados em servidores diferentes por causa dos recursos e projetados necess\u00e1rios para cada um deles. Selecione abaixo a plataforma que voc\u00ea gostaria de acessar.<div class=\"et_pb_module dipi_advanced_tabs dipi_advanced_tabs_0\">\n\t\t\t\t\n\t\t\t\t\n\t\t\t\t\n\t\t\t\t\n\t\t\t\t\n\t\t\t\t\n\t\t\t\t<div class=\"et_pb_module_inner\">\n\t\t\t\t\t<div class=\"dipi-advanced-tabs dipi-at-container dipi-advanced-tabs-front\"  data-tab_animation=\"&#8221;fadeInUpShort&#8221;\" data-animation_duration=\"&#8221;600&#8243;\" data-activate_on_hover=\"off\" data-activate_first_tab_as_placeholder=\"on\" data-use_sticky_tabs=\"\" data-use_scroll_to_content=\"{&quot;desktop&quot;:&quot;&quot;,&quot;tablet&quot;:&quot;&quot;,&quot;phone&quot;:&quot;&quot;}\" data-scroll_to_content_offset=\"{&quot;desktop&quot;:&quot;0px&quot;,&quot;tablet&quot;:&quot;0px&quot;,&quot;phone&quot;:&quot;0px&quot;}\" data-ts_navigation_vertical_position=\"{&quot;desktop&quot;:&quot;50&quot;,&quot;tablet&quot;:&quot;50&quot;,&quot;phone&quot;:&quot;&amp;#8221;40&amp;#8243;&quot;}\" data-ts_navigation_horizontal_position=\"{&quot;desktop&quot;:&quot;0&quot;,&quot;tablet&quot;:&quot;0&quot;,&quot;phone&quot;:&quot;&amp;#8221;15&amp;#8243;&quot;}\" data-sticky_distance=\"55px\" data-sticky_distance_tablet=\"55px\" data-sticky_distance_phone=\"\" data-admin_bar_space=\"\" data-turn_off_sticky=\"none\" data-module_class=\"dipi_advanced_tabs_0\" data-default_tab=\"0\">\n                    <div class=\"dipi-at-tabs-container \" data-slider=''   >\n                        <div class=\"dipi-at-tabs has-arrow arrow-place-top arrow-allign-start\"><\/div>\n                    <\/div>\n                    <div class=\"dipi-at-panels\"><\/div>\n                <\/div>\n\t\t\t\t<\/div>\n\t\t\t<\/div><\/p>\n","protected":false},"author":3,"featured_media":0,"parent":987515625,"menu_order":0,"comment_status":"closed","ping_status":"closed","template":"","meta":{"_et_pb_use_builder":"on","_et_pb_old_content":"","_et_gb_content_width":"","om_disable_all_campaigns":false,"_monsterinsights_skip_tracking":false,"_monsterinsights_sitenote_active":false,"_monsterinsights_sitenote_note":"","_monsterinsights_sitenote_category":0,"_uf_show_specific_survey":0,"_uf_disable_surveys":false,"footnotes":""},"dipi_cpt_category":[],"class_list":["post-987515543","page","type-page","status-publish","hentry"],"aioseo_notices":[],"_links":{"self":[{"href":"https:\/\/pm4ngos.org\/pt-br\/wp-json\/wp\/v2\/pages\/987515543","targetHints":{"allow":["GET"]}}],"collection":[{"href":"https:\/\/pm4ngos.org\/pt-br\/wp-json\/wp\/v2\/pages"}],"about":[{"href":"https:\/\/pm4ngos.org\/pt-br\/wp-json\/wp\/v2\/types\/page"}],"author":[{"embeddable":true,"href":"https:\/\/pm4ngos.org\/pt-br\/wp-json\/wp\/v2\/users\/3"}],"replies":[{"embeddable":true,"href":"https:\/\/pm4ngos.org\/pt-br\/wp-json\/wp\/v2\/comments?post=987515543"}],"version-history":[{"count":0,"href":"https:\/\/pm4ngos.org\/pt-br\/wp-json\/wp\/v2\/pages\/987515543\/revisions"}],"up":[{"embeddable":true,"href":"https:\/\/pm4ngos.org\/pt-br\/wp-json\/wp\/v2\/pages\/987515625"}],"wp:attachment":[{"href":"https:\/\/pm4ngos.org\/pt-br\/wp-json\/wp\/v2\/media?parent=987515543"}],"wp:term":[{"taxonomy":"dipi_cpt_category","embeddable":true,"href":"https:\/\/pm4ngos.org\/pt-br\/wp-json\/wp\/v2\/dipi_cpt_category?post=987515543"}],"curies":[{"name":"wp","href":"https:\/\/api.w.org\/{rel}","templated":true}]}}