{"id":987515558,"date":"2023-02-21T11:32:42","date_gmt":"2023-02-21T16:32:42","guid":{"rendered":"https:\/\/pm4ngos.org\/apoie-doe\/"},"modified":"2024-05-16T22:48:08","modified_gmt":"2024-05-17T02:48:08","slug":"apoie-doe","status":"publish","type":"page","link":"https:\/\/pm4ngos.org\/pt-br\/apoie-doe\/","title":{"rendered":"Apoie \/ Doe"},"content":{"rendered":"<p>[et_pb_section fb_built=&#8221;1&#8243; _builder_version=&#8221;4.20.2&#8243; _module_preset=&#8221;default&#8221; global_colors_info=&#8221;{}&#8221;][et_pb_row _builder_version=&#8221;4.20.2&#8243; _module_preset=&#8221;default&#8221; global_colors_info=&#8221;{}&#8221;][et_pb_column type=&#8221;4_4&#8243; _builder_version=&#8221;4.20.2&#8243; _module_preset=&#8221;default&#8221; global_colors_info=&#8221;{}&#8221;][et_pb_text _builder_version=&#8221;4.23.4&#8243; text_font=&#8221;Poppins||||||||&#8221; text_text_color=&#8221;#F8961E&#8221; text_font_size=&#8221;18px&#8221; text_line_height=&#8221;1.8em&#8221; header_font=&#8221;Poppins|600|||||||&#8221; header_text_color=&#8221;#ffffff&#8221; header_font_size=&#8221;48px&#8221; header_line_height=&#8221;1.4em&#8221; header_3_font=&#8221;Poppins|600|||||||&#8221; header_3_font_size=&#8221;36px&#8221; header_3_line_height=&#8221;1.4em&#8221; background_layout=&#8221;dark&#8221; max_width=&#8221;1080px&#8221; module_alignment=&#8221;left&#8221; custom_margin=&#8221;|-427px||||&#8221; custom_padding=&#8221;|0px||||&#8221; hover_enabled=&#8221;0&#8243; locked=&#8221;off&#8221; global_colors_info=&#8221;{}&#8221; sticky_enabled=&#8221;0&#8243;]<\/p>\n<h3 class=\"hs-main-title\" style=\"text-align: center;\"><strong><span style=\"color: #f8961e;\">Apoie Gestores de Projetos em todo o mundo<\/span><\/strong><\/h3>\n<nav role=\"navigation\" aria-label=\"Breadcrumbs\" class=\"breadcrumb-trail breadcrumbs\" itemprop=\"breadcrumb\"><\/nav>\n<p>[\/et_pb_text][dipi_text_highlighter text_highlighter_prefix=&#8221;Apoie&#8221; text_highlighter_text=&#8221;gestores de projeto ao redor do mundo&#8221; text_highlighter_suffix=&#8221;a entregar resultados efetivos e transparentes \u00e0s comunidades e aos benefici\u00e1rios.&#8221; _builder_version=&#8221;4.20.4&#8243; _module_preset=&#8221;default&#8221; all_text_text_align=&#8221;center&#8221; all_text_line_height=&#8221;1.2em&#8221; global_colors_info=&#8221;{}&#8221;][\/dipi_text_highlighter][\/et_pb_column][\/et_pb_row][et_pb_row column_structure=&#8221;1_2,1_2&#8243; make_equal=&#8221;on&#8221; _builder_version=&#8221;4.20.4&#8243; _module_preset=&#8221;default&#8221; custom_padding=&#8221;||0px|||&#8221; global_colors_info=&#8221;{}&#8221;][et_pb_column type=&#8221;1_2&#8243; _builder_version=&#8221;4.20.2&#8243; _module_preset=&#8221;default&#8221; global_colors_info=&#8221;{}&#8221;][dipi_flip_box front_title=&#8221;Sua contribui\u00e7\u00e3o ajudar\u00e1 o PM4NGOs a garantir que os gerentes de projeto e as equipes continuem a acessar nossos guias e metodologias gratuitamente. &#8221; back_title=&#8221;Voc\u00ea pode fazer a diferen\u00e7a!&#8221; use_dynamic_height=&#8221;on&#8221; _builder_version=&#8221;4.20.4&#8243; _module_preset=&#8221;default&#8221; back_title_level=&#8221;h3&#8243; back_title_text_color=&#8221;#F8961E&#8221; height=&#8221;200px&#8221; max_height=&#8221;200px&#8221; custom_padding=&#8221;0px||51px|||&#8221; box_shadow_style_back_icon_image=&#8221;preset1&#8243; global_colors_info=&#8221;{}&#8221;][\/dipi_flip_box][\/et_pb_column][et_pb_column type=&#8221;1_2&#8243; _builder_version=&#8221;4.20.2&#8243; _module_preset=&#8221;default&#8221; global_colors_info=&#8221;{}&#8221;][et_pb_code _builder_version=&#8221;4.22.1&#8243; _module_preset=&#8221;default&#8221; global_colors_info=&#8221;{}&#8221;]<\/p>\n<div align=\"center\" id=\"donate-button-container\"><!-- [et_pb_line_break_holder] --><\/p>\n<div id=\"donate-button\"><\/div>\n<p><!-- [et_pb_line_break_holder] --><script src=\"https:\/\/www.paypalobjects.com\/donate\/sdk\/donate-sdk.js\" charset=\"UTF-8\"><\/script><!-- [et_pb_line_break_holder] --><script><!-- [et_pb_line_break_holder] -->PayPal.Donation.Button({<!-- [et_pb_line_break_holder] -->env:'production',<!-- [et_pb_line_break_holder] -->hosted_button_id:'7LJEH7LKZYQJE',<!-- [et_pb_line_break_holder] -->image: {<!-- [et_pb_line_break_holder] -->src:'https:\/\/pics.paypal.com\/00\/s\/NWFjYzRlZTItN2EyZS00NGRhLTkwNWMtMmRiNTgzYTIzMzhj\/file.PNG',<!-- [et_pb_line_break_holder] -->alt:'Donate with PayPal button',<!-- [et_pb_line_break_holder] -->title:'PayPal - The safer, easier way to pay online!',<!-- [et_pb_line_break_holder] -->}<!-- [et_pb_line_break_holder] -->}).render('#donate-button');<!-- [et_pb_line_break_holder] --><\/script><!-- [et_pb_line_break_holder] --><\/div>\n<p><!-- [et_pb_line_break_holder] -->[\/et_pb_code][et_pb_image src=&#8221;https:\/\/pm4ngos.org\/wp-content\/uploads\/2023\/09\/Sem-nome-400-x-150-px.png&#8221; alt=&#8221;Cart\u00f5es: Visa, Maestro, Mastercard e American Express&#8221; title_text=&#8221;Cart\u00f5es: Visa, Maestro, Mastercard e American Express&#8221; align=&#8221;center&#8221; _builder_version=&#8221;4.22.1&#8243; _module_preset=&#8221;default&#8221; global_colors_info=&#8221;{}&#8221;][\/et_pb_image][\/et_pb_column][\/et_pb_row][et_pb_row column_structure=&#8221;1_3,2_3&#8243; _builder_version=&#8221;4.20.4&#8243; _module_preset=&#8221;default&#8221; min_height=&#8221;440.4px&#8221; custom_padding=&#8221;13px|||||&#8221; global_colors_info=&#8221;{}&#8221;][et_pb_column type=&#8221;1_3&#8243; _builder_version=&#8221;4.20.4&#8243; _module_preset=&#8221;default&#8221; global_colors_info=&#8221;{}&#8221;][et_pb_image src=&#8221;https:\/\/pm4ngos.org\/wp-content\/uploads\/2023\/05\/Design-sem-nome-1.png&#8221; alt=&#8221;Doar \/ Apoiar: Apoiar Gerentes de Projetos em todo o mundo&#8221; title_text=&#8221;Doar \/ Apoiar: Apoiar Gerentes de Projetos em todo o mundo&#8221; _builder_version=&#8221;4.20.4&#8243; _module_preset=&#8221;default&#8221; global_colors_info=&#8221;{}&#8221;][\/et_pb_image][\/et_pb_column][et_pb_column type=&#8221;2_3&#8243; _builder_version=&#8221;4.20.4&#8243; _module_preset=&#8221;default&#8221; global_colors_info=&#8221;{}&#8221;][et_pb_text _builder_version=&#8221;4.20.4&#8243; _module_preset=&#8221;default&#8221; global_colors_info=&#8221;{}&#8221;]<\/p>\n<p>O<span> <\/span>Project DPro (PMD Pro)<span> <\/span>\u2013 Gest\u00e3o de Projetos para Profissionais de Desenvolvimento \u2013 \u00e9 um corpo de conhecimento e certifica\u00e7\u00e3o desenvolvido pelo setor, para o setor e de propriedade do setor, que fornece aos gerentes de projetos as habilidades necess\u00e1rias para entregar resultados efetivos e transparentes aos doadores e comunidades.<\/p>\n<p>Nos \u00faltimos 10 anos, estamos orgulhosos de que o Projeto DPro tenha alcan\u00e7ado mais de 31.000 profissionais do setor de desenvolvimento e humanit\u00e1rio em todo o mundo. O fato \u00e9 que existem centenas de milhares a mais. Muitos deles trabalham para pequenas organiza\u00e7\u00f5es locais em suas pr\u00f3prias comunidades. Muitos deles s\u00e3o volunt\u00e1rios. Todos os quais poderiam se beneficiar de aprender mais sobre gerenciamento de projetos para melhor servir suas comunidades. Por exemplo, um grupo comunit\u00e1rio de mulheres que trabalha em uma favela pode ser capaz de melhorar sua presta\u00e7\u00e3o de servi\u00e7os por meio da estrutura l\u00f3gica e da an\u00e1lise de risco. Uma cooperativa de agricultores pode se beneficiar de uma melhor compreens\u00e3o das partes interessadas e da compreens\u00e3o de como medir o progresso de suas iniciativas.<\/p>\n<p>Queremos alcan\u00e7ar o maior n\u00famero poss\u00edvel de pessoas, equipes e organiza\u00e7\u00f5es para ajud\u00e1-las a colher os benef\u00edcios de melhores pr\u00e1ticas de gerenciamento de projetos. Desenvolvemos materiais did\u00e1ticos e disponibilizamos gratuitamente o Guia do Projeto DPro.<\/p>\n<p><strong>Voc\u00ea<\/strong> pode ajudar, <strong>voc\u00ea<\/strong> pode fazer a diferen\u00e7a para um gerente de projetos florescente no mundo em desenvolvimento.<\/p>\n<p>Uma pequena contribui\u00e7\u00e3o ajudar\u00e1 o PM4NGOs a garantir que os gerentes de projeto e as equipes continuem a acessar nossos guias e metodologias gratuitamente.<\/p>\n<p><span style=\"text-decoration: underline;\"><strong>Obrigado por considerar se juntar a n\u00f3s no movimento para tornar o trabalho melhor, um projeto de cada vez.<\/strong><\/span><\/p>\n<p>[\/et_pb_text][\/et_pb_column][\/et_pb_row][et_pb_row _builder_version=&#8221;4.20.4&#8243; _module_preset=&#8221;default&#8221; global_colors_info=&#8221;{}&#8221;][et_pb_column type=&#8221;4_4&#8243; _builder_version=&#8221;4.20.4&#8243; _module_preset=&#8221;default&#8221; global_colors_info=&#8221;{}&#8221;][et_pb_image src=&#8221;https:\/\/pm4ngos.org\/wp-content\/uploads\/2023\/05\/Donate-button-e1683562971202.webp&#8221; title_text=&#8221;Bot\u00e3o Doar&#8221; url=&#8221;https:\/\/www.paypal.com\/donate\/?hosted_button_id=7LJEH7LKZYQJE&#8221; align=&#8221;center&#8221; _builder_version=&#8221;4.20.4&#8243; _module_preset=&#8221;default&#8221; global_colors_info=&#8221;{}&#8221;][\/et_pb_image][et_pb_image src=&#8221;https:\/\/pm4ngos.org\/wp-content\/uploads\/2023\/05\/cards.webp&#8221; title_text=&#8221;cards&#8221; align=&#8221;center&#8221; _builder_version=&#8221;4.20.4&#8243; _module_preset=&#8221;default&#8221; global_colors_info=&#8221;{}&#8221;][\/et_pb_image][\/et_pb_column][\/et_pb_row][et_pb_row _builder_version=&#8221;4.20.4&#8243; _module_preset=&#8221;default&#8221; global_colors_info=&#8221;{}&#8221;][et_pb_column type=&#8221;4_4&#8243; _builder_version=&#8221;4.20.4&#8243; _module_preset=&#8221;default&#8221; global_colors_info=&#8221;{}&#8221;][et_pb_video_slider _builder_version=&#8221;4.20.4&#8243; _module_preset=&#8221;default&#8221; global_colors_info=&#8221;{}&#8221;][et_pb_video_slider_item src=&#8221;https:\/\/youtu.be\/XH15EycNSb8&#8243; _builder_version=&#8221;4.20.4&#8243; _module_preset=&#8221;default&#8221; global_colors_info=&#8221;{}&#8221; show_image_overlay=&#8221;off&#8221;][\/et_pb_video_slider_item][\/et_pb_video_slider][\/et_pb_column][\/et_pb_row][et_pb_row _builder_version=&#8221;4.20.4&#8243; _module_preset=&#8221;default&#8221; global_colors_info=&#8221;{}&#8221;][et_pb_column type=&#8221;4_4&#8243; _builder_version=&#8221;4.20.4&#8243; _module_preset=&#8221;default&#8221; global_colors_info=&#8221;{}&#8221;][et_pb_image src=&#8221;https:\/\/pm4ngos.org\/wp-content\/uploads\/2023\/05\/Donate-button-e1683562971202.webp&#8221; title_text=&#8221;Bot\u00e3o Doar&#8221; url=&#8221;https:\/\/www.paypal.com\/donate\/?hosted_button_id=7LJEH7LKZYQJE&#8221; align=&#8221;center&#8221; _builder_version=&#8221;4.20.4&#8243; _module_preset=&#8221;default&#8221; global_colors_info=&#8221;{}&#8221;][\/et_pb_image][et_pb_image src=&#8221;https:\/\/pm4ngos.org\/wp-content\/uploads\/2023\/05\/cards.webp&#8221; title_text=&#8221;cards&#8221; align=&#8221;center&#8221; _builder_version=&#8221;4.20.4&#8243; _module_preset=&#8221;default&#8221; global_colors_info=&#8221;{}&#8221;][\/et_pb_image][\/et_pb_column][\/et_pb_row][et_pb_row _builder_version=&#8221;4.20.4&#8243; _module_preset=&#8221;default&#8221; global_colors_info=&#8221;{}&#8221;][et_pb_column type=&#8221;4_4&#8243; _builder_version=&#8221;4.20.4&#8243; _module_preset=&#8221;default&#8221; global_colors_info=&#8221;{}&#8221;][\/et_pb_column][\/et_pb_row][\/et_pb_section][et_pb_section fb_built=&#8221;1&#8243; admin_label=&#8221;Top Gradient&#8221; _builder_version=&#8221;4.21.0&#8243; _module_preset=&#8221;default&#8221; use_background_color_gradient=&#8221;on&#8221; background_color_gradient_stops=&#8221;#1bb3eb 0%|#ffffff 38%&#8221; positioning=&#8221;absolute&#8221; position_origin_a=&#8221;top_center&#8221; position_origin_f=&#8221;center_center&#8221; z_index=&#8221;1&#8243; locked=&#8221;off&#8221; collapsed=&#8221;on&#8221; global_colors_info=&#8221;{}&#8221;][et_pb_row _builder_version=&#8221;4.21.0&#8243; _module_preset=&#8221;default&#8221; global_colors_info=&#8221;{}&#8221;][et_pb_column type=&#8221;4_4&#8243; _builder_version=&#8221;4.21.0&#8243; _module_preset=&#8221;default&#8221; global_colors_info=&#8221;{}&#8221;][et_pb_text _builder_version=&#8221;4.20.4&#8243; _module_preset=&#8221;default&#8221; global_colors_info=&#8221;{}&#8221;][\/et_pb_text][\/et_pb_column][\/et_pb_row][\/et_pb_section]<\/p>\n","protected":false},"excerpt":{"rendered":"<p>Apoie Gestores de Projetos em todo o mundo <div class=\"et_pb_module dipi_text_highlighter dipi_text_highlighter_0\">\n\t\t\t\t\n\t\t\t\t\n\t\t\t\t\n\t\t\t\t\n\t\t\t\t\n\t\t\t\t\n\t\t\t\t<div class=\"et_pb_module_inner\">\n\t\t\t\t\t<h2 class=\"dipi-highlight-text-wrapper\" data-config=\"{&quot;animation_start&quot;:&quot;in_a_viewport&quot;,&quot;animation_start_viewport&quot;:&quot;75%&quot;,&quot;animation_delay&quot;:&quot;0ms&quot;,&quot;animation_duration&quot;:&quot;800ms&quot;,&quot;delay_after_animation&quot;:&quot;3000ms&quot;,&quot;repeat_mode&quot;:&quot;infinite&quot;,&quot;count_mode&quot;:&quot;everytime_in_viewport&quot;,&quot;animation_repeat_counts&quot;:&quot;3&quot;,&quot;reverse_animation&quot;:&quot;off&quot;,&quot;id&quot;:&quot;dipi_text_highlighter_0_wrapper&quot;}\">\n\t\t\t\t\t<span class=\"dipi-highlight-prefix-text dipi-text-affixes\">Apoie<\/span><span class=\"dipi-text-highlight-wrapper {&quot;animation_start&quot;:&quot;in_a_viewport&quot;,&quot;animation_start_viewport&quot;:&quot;75%&quot;,&quot;animation_delay&quot;:&quot;0ms&quot;,&quot;animation_duration&quot;:&quot;800ms&quot;,&quot;delay_after_animation&quot;:&quot;3000ms&quot;,&quot;repeat_mode&quot;:&quot;infinite&quot;,&quot;count_mode&quot;:&quot;everytime_in_viewport&quot;,&quot;animation_repeat_counts&quot;:&quot;3&quot;,&quot;reverse_animation&quot;:&quot;off&quot;,&quot;id&quot;:&quot;dipi_text_highlighter_0_wrapper&quot;}\"><span class=\"dipi-text-highlight-text dipi-text-highlight-text\">gestores de projeto ao redor do mundo<\/span><span class=\"dipi-text-highlight-svg\"><svg xmlns=\"http:\/\/www.w3.org\/2000\/svg\" viewBox=\"0 0 500 150\" preserveAspectRatio=\"none\"><path d=\"M7.7,145.6C109,125,299.9,116.2,401,121.3c42.1,2.2,87.6,11.8,87.3,25.7\"><\/path><\/svg><\/span><\/span><span class=\"dipi-highlight-suffix-text dipi-text-affixes\">a entregar resultados efetivos e transparentes \u00e0s comunidades e aos benefici\u00e1rios.<\/span>\n\t\t\t<\/h2>\n\t\t\t\t<\/div>\n\t\t\t<\/div><div class=\"et_pb_module dipi_flip_box dipi_flip_box_0\">\n\t\t\t\t\n\t\t\t\t\n\t\t\t\t\n\t\t\t\t\n\t\t\t\t\n\t\t\t\t\n\t\t\t\t<div class=\"et_pb_module_inner\">\n\t\t\t\t\t<div class=\"dipi-flip-box-container\" data-dynamic_height=\"off\" data-force_square=\"off\">\n                <div class=\"dipi-flip-box-inner dipi-flip-left-right \">\n                    <div class=\"dipi-flip-box-inner-wrapper\">\n                        <div class=\"dipi-flip-box-front-side\">\n                <div class=\"dipi-flip-box-front-side-wrapper\">\n                    \n                    <div class=\"dipi-flip-box-front-side-innner\">\n                        \n                        <div class=\"dipi-text\">\n                    <h2 class=\"dipi-flip-box-heading\">&#8221;Sua<\/h2>\n                    \n                    \n                <\/div>\n                    <\/div>\n                <\/div>\n            <\/div>\n            \n                        <div class=\"dipi-flip-box-back-side\">\n                <div class=\"dipi-flip-box-back-side-wrapper\">\n                    \n                    <div class=\"dipi-flip-box-back-side-innner\">\n                        \n                        \n                    <\/div>\n                <\/div>\n            <\/div>\n                        \n                    <\/div>\n                <\/div>\n           <\/div>\n\t\t\t\t<\/div>\n\t\t\t<\/div><\/p>\n","protected":false},"author":3,"featured_media":987517342,"parent":0,"menu_order":0,"comment_status":"closed","ping_status":"closed","template":"","meta":{"_et_pb_use_builder":"on","_et_pb_old_content":"","_et_gb_content_width":"","om_disable_all_campaigns":false,"_monsterinsights_skip_tracking":false,"_monsterinsights_sitenote_active":false,"_monsterinsights_sitenote_note":"","_monsterinsights_sitenote_category":0,"_uf_show_specific_survey":0,"_uf_disable_surveys":false,"footnotes":""},"dipi_cpt_category":[],"class_list":["post-987515558","page","type-page","status-publish","has-post-thumbnail","hentry"],"aioseo_notices":[],"_links":{"self":[{"href":"https:\/\/pm4ngos.org\/pt-br\/wp-json\/wp\/v2\/pages\/987515558","targetHints":{"allow":["GET"]}}],"collection":[{"href":"https:\/\/pm4ngos.org\/pt-br\/wp-json\/wp\/v2\/pages"}],"about":[{"href":"https:\/\/pm4ngos.org\/pt-br\/wp-json\/wp\/v2\/types\/page"}],"author":[{"embeddable":true,"href":"https:\/\/pm4ngos.org\/pt-br\/wp-json\/wp\/v2\/users\/3"}],"replies":[{"embeddable":true,"href":"https:\/\/pm4ngos.org\/pt-br\/wp-json\/wp\/v2\/comments?post=987515558"}],"version-history":[{"count":0,"href":"https:\/\/pm4ngos.org\/pt-br\/wp-json\/wp\/v2\/pages\/987515558\/revisions"}],"wp:featuredmedia":[{"embeddable":true,"href":"https:\/\/pm4ngos.org\/pt-br\/wp-json\/wp\/v2\/media\/987517342"}],"wp:attachment":[{"href":"https:\/\/pm4ngos.org\/pt-br\/wp-json\/wp\/v2\/media?parent=987515558"}],"wp:term":[{"taxonomy":"dipi_cpt_category","embeddable":true,"href":"https:\/\/pm4ngos.org\/pt-br\/wp-json\/wp\/v2\/dipi_cpt_category?post=987515558"}],"curies":[{"name":"wp","href":"https:\/\/api.w.org\/{rel}","templated":true}]}}