{"id":987515561,"date":"2023-11-10T01:24:04","date_gmt":"2023-11-10T06:24:04","guid":{"rendered":"https:\/\/pm4ngos.org\/premio-alan-harpham\/"},"modified":"2024-05-16T23:02:01","modified_gmt":"2024-05-17T03:02:01","slug":"premio-alan-harpham","status":"publish","type":"page","link":"https:\/\/pm4ngos.org\/pt-br\/premio-alan-harpham\/","title":{"rendered":"Pr\u00eamio Alan Harpham"},"content":{"rendered":"<p>[et_pb_section fb_built=&#8221;1&#8243; admin_label=&#8221;Hero Section&#8221; _builder_version=&#8221;4.22.1&#8243; use_background_color_gradient=&#8221;on&#8221; background_color_gradient_direction=&#8221;72deg&#8221; background_color_gradient_stops=&#8221;#25aae2 0%|#364aa0 100%&#8221; background_color_gradient_start=&#8221;#1bb3eb&#8221; background_color_gradient_end=&#8221;#25efcb&#8221; custom_margin=&#8221;||-98px|||&#8221; custom_padding=&#8221;22px|0px|110px|0px||&#8221; global_colors_info=&#8221;{}&#8221;][et_pb_row column_structure=&#8221;1_2,1_2&#8243; _builder_version=&#8221;4.16&#8243; background_size=&#8221;initial&#8221; background_position=&#8221;top_left&#8221; background_repeat=&#8221;repeat&#8221; min_height=&#8221;574.4px&#8221; custom_padding=&#8221;31px||74px|||&#8221; locked=&#8221;off&#8221; global_colors_info=&#8221;{}&#8221; custom_margin=&#8221;|auto|-47px|auto||&#8221;][et_pb_column type=&#8221;1_2&#8243; _builder_version=&#8221;4.16&#8243; custom_padding=&#8221;60px|||&#8221; global_colors_info=&#8221;{}&#8221; custom_padding__hover=&#8221;|||&#8221;][et_pb_image src=&#8221;https:\/\/pm4ngos.org\/wp-content\/uploads\/2023\/11\/Alan-Harpham-Award-logo-01.png&#8221; title_text=&#8221;Pr\u00eamio Alan Harpham logo-01&#8243; align=&#8221;center&#8221; _builder_version=&#8221;4.22.1&#8243; _module_preset=&#8221;default&#8221; width=&#8221;67%&#8221; global_colors_info=&#8221;{}&#8221;][\/et_pb_image][et_pb_text _builder_version=&#8221;4.16&#8243; text_font=&#8221;||||||||&#8221; header_font=&#8221;||||||||&#8221; header_3_font=&#8221;Poppins|600|||||||&#8221; header_3_font_size=&#8221;36px&#8221; header_3_line_height=&#8221;1.4em&#8221; background_layout=&#8221;dark&#8221; global_colors_info=&#8221;{}&#8221; custom_padding=&#8221;0px|||||&#8221;]<\/p>\n<h3>Pr\u00eamio Alan Harpham<strong><\/strong><\/h3>\n<p>[\/et_pb_text][et_pb_text _builder_version=&#8221;4.22.1&#8243; text_font=&#8221;Open Sans||||||||&#8221; text_font_size=&#8221;15px&#8221; text_line_height=&#8221;1.8em&#8221; header_font=&#8221;||||||||&#8221; background_layout=&#8221;dark&#8221; global_colors_info=&#8221;{}&#8221;]<\/p>\n<p>O Pr\u00eamio Alan Harpham reconhece indiv\u00edduos que t\u00eam um desempenho excepcional usando ferramentas e metodologias PM4NGOs (como o Guia de Gest\u00e3o de Projetos para Profissionais de Desenvolvimento ou o Guia de Gest\u00e3o de Programas para Profissionais de Desenvolvimento) para promover a profissionaliza\u00e7\u00e3o do gerenciamento de projetos e programas no setor de desenvolvimento internacional.<\/p>\n<p>O pr\u00eamio \u00e9 nomeado em homenagem a Alan Harpham, um cidad\u00e3o global dedicado a tornar seu setor e comunidade um lugar melhor. Originalmente um engenheiro civil, a experi\u00eancia profissional de Alan variou de grandes projetos de constru\u00e7\u00e3o e petroqu\u00edmica do Mar do Norte a presidente do Grupo APM. Al\u00e9m da carreira profissional, Alan se dedicou a servir sua comunidade e conseguiu<br \/>contribuir para a disciplina de gerenciamento de projetos e comunidade, escrevendo v\u00e1rios livros e artigos importantes. Ele apreciava as opini\u00f5es de outras pessoas e tinha uma maneira de encontrar um terreno comum quando essas opini\u00f5es eram opostas. Sua capacidade de abra\u00e7ar a diversidade de pensamento atuou como um catalisador para a melhoria e a mudan\u00e7a.<\/p>\n<p>O pr\u00eamio foi criado para homenagear pessoas com a\u00e7\u00f5es de destaque na promo\u00e7\u00e3o da profissionaliza\u00e7\u00e3o da gest\u00e3o de projetos e, assim, incentivar outras pessoas da comunidade do setor de desenvolvimento. O ganhador do Pr\u00eamio Alan Harpham receber\u00e1 um <strong>certificado reconhecendo o premiado, uma associa\u00e7\u00e3o honor\u00e1ria vital\u00edcia \u00e0 comunidade PM4NGOs e reconhecimento e publica\u00e7\u00e3o de seu trabalho nas redes sociais do PM4NGOs.<\/strong><\/p>\n<p>[\/et_pb_text][\/et_pb_column][et_pb_column type=&#8221;1_2&#8243; _builder_version=&#8221;4.16&#8243; custom_padding=&#8221;|||&#8221; global_colors_info=&#8221;{}&#8221; custom_padding__hover=&#8221;|||&#8221;][et_pb_image src=&#8221;https:\/\/pm4ngos.org\/wp-content\/uploads\/2023\/11\/alan-harpham-chairman-of-apmg-international.jpg&#8221; title_text=&#8221;Alan-Harpham-Presidente-da-APMG-International&#8221; align_tablet=&#8221;center&#8221; align_phone=&#8221;&#8221; align_last_edited=&#8221;on|desktop&#8221; _builder_version=&#8221;4.22.1&#8243; custom_padding=&#8221;0px||||false|false&#8221; animation_style=&#8221;zoom&#8221; border_radii=&#8221;on|30px|30px|30px|30px&#8221; box_shadow_style=&#8221;preset1&#8243; global_colors_info=&#8221;{}&#8221;][\/et_pb_image][et_pb_text _builder_version=&#8221;4.22.1&#8243; _module_preset=&#8221;default&#8221; global_colors_info=&#8221;{}&#8221;]<\/p>\n<p style=\"text-align: center;\"><span style=\"color: #ffffff;\"><em>Alan Harpham atuou no Board <br \/>do PM4NGOs<\/em><\/span><span style=\"color: #ffffff;\"><em>desde a sua cria\u00e7\u00e3o at\u00e9 o seu falecimento em 2014.<\/em><\/span><\/p>\n<p>[\/et_pb_text][et_pb_button button_text=&#8221;Indique um indiv\u00edduo para o Pr\u00eamio Alan Harpham 2022-2023&#8243; button_alignment=&#8221;center&#8221; _builder_version=&#8221;4.22.1&#8243; _module_preset=&#8221;default&#8221; custom_button=&#8221;on&#8221; button_text_size=&#8221;20px&#8221; button_text_color=&#8221;#374AA1&#8243; button_bg_color=&#8221;#FFFFFF&#8221; button_border_width=&#8221;0px&#8221; button_border_radius=&#8221;30px&#8221; background_layout=&#8221;dark&#8221; hover_enabled=&#8221;0&#8243; box_shadow_style=&#8221;preset2&#8243; global_colors_info=&#8221;{}&#8221; button_font=&#8221;|700|||||||&#8221; sticky_enabled=&#8221;0&#8243; locked=&#8221;off&#8221; button_url=&#8221;https:\/\/pm4ngos.org\/pm4ngos-awards\/&#8221; url_new_window=&#8221;on&#8221;][\/et_pb_button][\/et_pb_column][\/et_pb_row][\/et_pb_section][et_pb_section fb_built=&#8221;1&#8243; admin_label=&#8221;About Us Section&#8221; _builder_version=&#8221;4.16&#8243; custom_margin=&#8221;-9px||-78px|||&#8221; custom_padding=&#8221;66px|0px|114px|0px||&#8221; global_colors_info=&#8221;{}&#8221;][et_pb_row _builder_version=&#8221;4.16&#8243; global_colors_info=&#8221;{}&#8221; locked=&#8221;off&#8221;][et_pb_column type=&#8221;4_4&#8243; _builder_version=&#8221;4.16&#8243; custom_padding=&#8221;|||&#8221; global_colors_info=&#8221;{}&#8221; custom_padding__hover=&#8221;|||&#8221;][et_pb_text _builder_version=&#8221;4.22.1&#8243; text_font=&#8221;||||||||&#8221; header_font=&#8221;||||||||&#8221; header_text_align=&#8221;center&#8221; header_3_font=&#8221;Poppins|600|||||||&#8221; header_3_text_color=&#8221;#44d89e&#8221; header_3_font_size=&#8221;36px&#8221; header_3_line_height=&#8221;1.4em&#8221; text_orientation=&#8221;center&#8221; global_colors_info=&#8221;{}&#8221;]<\/p>\n<h3><span style=\"color: #333399;\">Premiados Anteriores<\/span><\/h3>\n<p>[\/et_pb_text][\/et_pb_column][\/et_pb_row][et_pb_row column_structure=&#8221;1_2,1_2&#8243; _builder_version=&#8221;4.22.1&#8243; _module_preset=&#8221;default&#8221; global_colors_info=&#8221;{}&#8221; locked=&#8221;off&#8221;][et_pb_column type=&#8221;1_2&#8243; _builder_version=&#8221;4.22.1&#8243; _module_preset=&#8221;default&#8221; global_colors_info=&#8221;{}&#8221;][et_pb_text _builder_version=&#8221;4.22.1&#8243; _module_preset=&#8221;default&#8221; global_colors_info=&#8221;{}&#8221;]<\/p>\n<h3 style=\"text-align: center;\"><span style=\"color: #808080;\"><strong>V\u00eddeo do Premiado da \u00daltima Edi\u00e7\u00e3o<\/strong><\/span><\/h3>\n<p>[\/et_pb_text][et_pb_video src=&#8221;https:\/\/youtube.com\/shorts\/Iv_vbPqrcNM?feature=share&#8221; _builder_version=&#8221;4.22.1&#8243; _module_preset=&#8221;default&#8221; global_colors_info=&#8221;{}&#8221;][\/et_pb_video][\/et_pb_column][et_pb_column type=&#8221;1_2&#8243; _builder_version=&#8221;4.22.1&#8243; _module_preset=&#8221;default&#8221; global_colors_info=&#8221;{}&#8221;][et_pb_image src=&#8221;https:\/\/pm4ngos.org\/wp-content\/uploads\/2023\/11\/new-site-alan-harpham-award-timeline-1.png&#8221; title_text=&#8221;novo-site-alan-harpham-award-timeline (1)&#8221; align=&#8221;center&#8221; _builder_version=&#8221;4.22.1&#8243; _module_preset=&#8221;default&#8221; width=&#8221;70%&#8221; global_colors_info=&#8221;{}&#8221;][\/et_pb_image][\/et_pb_column][\/et_pb_row][\/et_pb_section]<\/p>\n","protected":false},"excerpt":{"rendered":"<p>Pr\u00eamio Alan HarphamO Pr\u00eamio Alan Harpham reconhece indiv\u00edduos que t\u00eam um desempenho excepcional usando ferramentas e metodologias PM4NGOs (como o Guia de Gest\u00e3o de Projetos para Profissionais de Desenvolvimento ou o Guia de Gest\u00e3o de Programas para Profissionais de Desenvolvimento) para promover a profissionaliza\u00e7\u00e3o do gerenciamento de projetos e programas no setor de desenvolvimento internacional. [&hellip;]<\/p>\n","protected":false},"author":1,"featured_media":987517384,"parent":0,"menu_order":0,"comment_status":"closed","ping_status":"closed","template":"","meta":{"_et_pb_use_builder":"on","_et_pb_old_content":"","_et_gb_content_width":"","om_disable_all_campaigns":false,"_monsterinsights_skip_tracking":false,"_monsterinsights_sitenote_active":false,"_monsterinsights_sitenote_note":"","_monsterinsights_sitenote_category":0,"_uf_show_specific_survey":0,"_uf_disable_surveys":false,"footnotes":""},"dipi_cpt_category":[],"class_list":["post-987515561","page","type-page","status-publish","has-post-thumbnail","hentry"],"aioseo_notices":[],"_links":{"self":[{"href":"https:\/\/pm4ngos.org\/pt-br\/wp-json\/wp\/v2\/pages\/987515561","targetHints":{"allow":["GET"]}}],"collection":[{"href":"https:\/\/pm4ngos.org\/pt-br\/wp-json\/wp\/v2\/pages"}],"about":[{"href":"https:\/\/pm4ngos.org\/pt-br\/wp-json\/wp\/v2\/types\/page"}],"author":[{"embeddable":true,"href":"https:\/\/pm4ngos.org\/pt-br\/wp-json\/wp\/v2\/users\/1"}],"replies":[{"embeddable":true,"href":"https:\/\/pm4ngos.org\/pt-br\/wp-json\/wp\/v2\/comments?post=987515561"}],"version-history":[{"count":0,"href":"https:\/\/pm4ngos.org\/pt-br\/wp-json\/wp\/v2\/pages\/987515561\/revisions"}],"wp:featuredmedia":[{"embeddable":true,"href":"https:\/\/pm4ngos.org\/pt-br\/wp-json\/wp\/v2\/media\/987517384"}],"wp:attachment":[{"href":"https:\/\/pm4ngos.org\/pt-br\/wp-json\/wp\/v2\/media?parent=987515561"}],"wp:term":[{"taxonomy":"dipi_cpt_category","embeddable":true,"href":"https:\/\/pm4ngos.org\/pt-br\/wp-json\/wp\/v2\/dipi_cpt_category?post=987515561"}],"curies":[{"name":"wp","href":"https:\/\/api.w.org\/{rel}","templated":true}]}}