{"id":987515581,"date":"2023-11-06T11:59:57","date_gmt":"2023-11-06T16:59:57","guid":{"rendered":"https:\/\/pm4ngos.org\/premios-pm4ngos\/"},"modified":"2024-05-16T23:42:19","modified_gmt":"2024-05-17T03:42:19","slug":"premios-pm4ngos","status":"publish","type":"page","link":"https:\/\/pm4ngos.org\/pt-br\/premios-pm4ngos\/","title":{"rendered":"Pr\u00eamios PM4NGOs"},"content":{"rendered":"<p>[et_pb_section fb_built=&#8221;1&#8243; admin_label=&#8221;Hero Section&#8221; _builder_version=&#8221;4.22.1&#8243; use_background_color_gradient=&#8221;on&#8221; background_color_gradient_direction=&#8221;72deg&#8221; background_color_gradient_stops=&#8221;#25aae2 0%|#364aa0 100%&#8221; background_color_gradient_start=&#8221;#1bb3eb&#8221; background_color_gradient_end=&#8221;#25efcb&#8221; custom_margin=&#8221;||-98px|||&#8221; custom_padding=&#8221;22px|0px|110px|0px||&#8221; global_colors_info=&#8221;{}&#8221;][et_pb_row _builder_version=&#8221;4.22.1&#8243; _module_preset=&#8221;default&#8221; min_height=&#8221;73.8px&#8221; global_colors_info=&#8221;{}&#8221;][et_pb_column type=&#8221;4_4&#8243; _builder_version=&#8221;4.22.1&#8243; _module_preset=&#8221;default&#8221; global_colors_info=&#8221;{}&#8221;][et_pb_text _builder_version=&#8221;4.22.1&#8243; text_font=&#8221;||||||||&#8221; header_font=&#8221;Poppins||||||||&#8221; header_text_color=&#8221;#ffffff&#8221; header_font_size=&#8221;56px&#8221; header_line_height=&#8221;1.3em&#8221; min_height=&#8221;75px&#8221; custom_margin=&#8221;-6px||0px|||&#8221; global_colors_info=&#8221;{}&#8221;]<\/p>\n<h1 style=\"text-align: center;\">Pr\u00eamios PM4NGOs<\/h1>\n<p>[\/et_pb_text][\/et_pb_column][\/et_pb_row][et_pb_row column_structure=&#8221;1_2,1_2&#8243; _builder_version=&#8221;4.22.1&#8243; _module_preset=&#8221;default&#8221; global_colors_info=&#8221;{}&#8221;][et_pb_column type=&#8221;1_2&#8243; _builder_version=&#8221;4.22.1&#8243; _module_preset=&#8221;default&#8221; global_colors_info=&#8221;{}&#8221;][et_pb_image src=&#8221;https:\/\/pm4ngos.org\/wp-content\/uploads\/2023\/11\/PM4NGOs-Awards-Logos-NEGATIVO-04.png&#8221; title_text=&#8221;Logotipos do Pr\u00eamio PM4NGOs &#8211; NEGATIVO-04&#8243; align=&#8221;center&#8221; _builder_version=&#8221;4.22.1&#8243; _module_preset=&#8221;default&#8221; width=&#8221;100%&#8221; animation_style=&#8221;fade&#8221; global_colors_info=&#8221;{}&#8221;][\/et_pb_image][et_pb_text _builder_version=&#8221;4.22.1&#8243; _module_preset=&#8221;default&#8221; global_colors_info=&#8221;{}&#8221;]<\/p>\n<p style=\"text-align: center;\"><span style=\"color: #ffffff;\">O Pr\u00eamio Alan Harpham homenageia e reconhece<strong> <\/strong><span style=\"text-decoration: underline;\"><strong>indiv\u00edduos<\/strong><\/span> com a\u00e7\u00f5es de destaque na promo\u00e7\u00e3o da profissionaliza\u00e7\u00e3o da gest\u00e3o de projetos nos setores humanit\u00e1rio e de desenvolvimento internacional.<\/span><\/p>\n<p style=\"text-align: center;\"><span style=\"text-decoration: underline;\"><strong><a href=\"https:\/\/pm4ngos.org\/pt-br\/premio-alan-harpham\/\"><span style=\"color: #ffffff; text-decoration: underline;\">Clique aqui para ler sobre a hist\u00f3ria do Pr\u00eamio Alan Harpham.<\/span><\/a><\/strong><\/span><\/p>\n<p>[\/et_pb_text][\/et_pb_column][et_pb_column type=&#8221;1_2&#8243; _builder_version=&#8221;4.22.1&#8243; _module_preset=&#8221;default&#8221; global_colors_info=&#8221;{}&#8221;][et_pb_image src=&#8221;https:\/\/pm4ngos.org\/wp-content\/uploads\/2023\/11\/PM4NGOs-Awards-Logos-NEGATIVO-05.png&#8221; title_text=&#8221;Logotipos do Pr\u00eamio PM4NGOs &#8211; NEGATIVO-05&#8243; align=&#8221;center&#8221; _builder_version=&#8221;4.22.1&#8243; _module_preset=&#8221;default&#8221; width=&#8221;100%&#8221; animation_style=&#8221;fade&#8221; global_colors_info=&#8221;{}&#8221;][\/et_pb_image][et_pb_text _builder_version=&#8221;4.22.1&#8243; _module_preset=&#8221;default&#8221; global_colors_info=&#8221;{}&#8221;]<\/p>\n<p style=\"text-align: center;\"><span style=\"color: #ffffff;\">O Award of Excellence reconhece <\/span><span style=\"color: #ffffff;\"><span style=\"text-decoration: underline;\"><strong>organiza\u00e7\u00f5es<\/strong><\/span> com projetos,<\/span><span style=\"color: #ffffff;\">programas ou iniciativas de destaque na promo\u00e7\u00e3o <\/span><span style=\"color: #ffffff;\">da profissionaliza\u00e7\u00e3o da gest\u00e3o de projetos nos <\/span> setores <span style=\"color: #ffffff;\">humanit\u00e1rio e de desenvolvimento internacional<\/span><span style=\"color: #ffffff;\">.<\/span><\/p>\n<p>[\/et_pb_text][\/et_pb_column][\/et_pb_row][et_pb_row _builder_version=&#8221;4.22.1&#8243; _module_preset=&#8221;default&#8221; global_colors_info=&#8221;{}&#8221;][et_pb_column type=&#8221;4_4&#8243; _builder_version=&#8221;4.22.1&#8243; _module_preset=&#8221;default&#8221; global_colors_info=&#8221;{}&#8221;][dipi_text_highlighter stroke_color=&#8221;#374AA1&#8243; _builder_version=&#8221;4.23.4&#8243; _module_preset=&#8221;default&#8221; all_text_text_align=&#8221;center&#8221; all_text_text_color=&#8221;#FFFFFF&#8221; hover_enabled=&#8221;0&#8243; global_colors_info=&#8221;{}&#8221; text_highlighter_prefix=&#8221;O prazo para inscri\u00e7\u00f5es j\u00e1 est\u00e1 finalizado. Anunciaremos os vencedores em breve.&#8221; sticky_enabled=&#8221;0&#8243;][\/dipi_text_highlighter][\/et_pb_column][\/et_pb_row][\/et_pb_section][et_pb_section fb_built=&#8221;1&#8243; admin_label=&#8221;About Us Section&#8221; _builder_version=&#8221;4.16&#8243; custom_margin=&#8221;-9px||-78px|||&#8221; custom_padding=&#8221;66px|0px|114px|0px||&#8221; global_colors_info=&#8221;{}&#8221;][et_pb_row _builder_version=&#8221;4.22.1&#8243; _module_preset=&#8221;default&#8221; global_colors_info=&#8221;{}&#8221;][et_pb_column type=&#8221;4_4&#8243; _builder_version=&#8221;4.22.1&#8243; _module_preset=&#8221;default&#8221; global_colors_info=&#8221;{}&#8221;][et_pb_text _builder_version=&#8221;4.23.4&#8243; _module_preset=&#8221;default&#8221; global_colors_info=&#8221;{}&#8221;]<\/p>\n<p style=\"text-align: center;\"><span style=\"font-weight: 400;\">O indicado dever\u00e1 atender <strong>a um ou mais dos seguintes crit\u00e9rios<\/strong>:<\/span><\/p>\n<p>[\/et_pb_text][\/et_pb_column][\/et_pb_row][et_pb_row column_structure=&#8221;1_3,1_3,1_3&#8243; _builder_version=&#8221;4.22.1&#8243; _module_preset=&#8221;default&#8221; min_height=&#8221;420.6px&#8221; custom_padding=&#8221;3px|||||&#8221; global_colors_info=&#8221;{}&#8221;][et_pb_column type=&#8221;1_3&#8243; _builder_version=&#8221;4.22.1&#8243; _module_preset=&#8221;default&#8221; global_colors_info=&#8221;{}&#8221;][et_pb_image src=&#8221;https:\/\/pm4ngos.org\/wp-content\/uploads\/2023\/11\/Icones-Site-PM4NGOs-Awards_Prancheta-1.png&#8221; title_text=&#8221;Site \u00cdcones PM4NGOs Awards_Prancheta 1&#8243; align=&#8221;center&#8221; _builder_version=&#8221;4.22.1&#8243; _module_preset=&#8221;default&#8221; width=&#8221;50%&#8221; animation_style=&#8221;fade&#8221; global_colors_info=&#8221;{}&#8221;][\/et_pb_image][et_pb_text _builder_version=&#8221;4.22.1&#8243; _module_preset=&#8221;default&#8221; animation_style=&#8221;fade&#8221; global_colors_info=&#8221;{}&#8221;]<\/p>\n<h3 style=\"text-align: center;\"><span style=\"color: #000080;\"><b>Inova\u00e7\u00e3o<\/b><\/span><\/h3>\n<p>[\/et_pb_text][et_pb_text _builder_version=&#8221;4.22.1&#8243; _module_preset=&#8221;default&#8221; global_colors_info=&#8221;{}&#8221;]<\/p>\n<p style=\"text-align: center;\"><span style=\"font-weight: 400;\">Como o indicado demonstrou<strong> criatividade e inova\u00e7\u00e3o<\/strong> na implementa\u00e7\u00e3o bem-sucedida das ferramentas e princ\u00edpios do Projeto DPro (PMD Pro)?<\/span><\/p>\n<p>[\/et_pb_text][\/et_pb_column][et_pb_column type=&#8221;1_3&#8243; _builder_version=&#8221;4.22.1&#8243; _module_preset=&#8221;default&#8221; global_colors_info=&#8221;{}&#8221;][et_pb_image src=&#8221;https:\/\/pm4ngos.org\/wp-content\/uploads\/2023\/11\/Icones-Site-PM4NGOs-Awards-02.png&#8221; title_text=&#8221;Site \u00cdcones PM4NGOs Pr\u00eamios-02&#8243; align=&#8221;center&#8221; _builder_version=&#8221;4.22.1&#8243; _module_preset=&#8221;default&#8221; width=&#8221;50%&#8221; animation_style=&#8221;fade&#8221; global_colors_info=&#8221;{}&#8221;][\/et_pb_image][et_pb_text _builder_version=&#8221;4.22.1&#8243; _module_preset=&#8221;default&#8221; animation_style=&#8221;fade&#8221; global_colors_info=&#8221;{}&#8221;]<\/p>\n<h3 style=\"text-align: center;\"><span style=\"color: #000080;\"><b>Impacto<\/b><\/span><\/h3>\n<p>[\/et_pb_text][et_pb_text _builder_version=&#8221;4.22.1&#8243; _module_preset=&#8221;default&#8221; global_colors_info=&#8221;{}&#8221;]<\/p>\n<p style=\"text-align: center;\">Quais s\u00e3o algumas medidas qualitativas e\/ou <strong>quantitativas do impacto do trabalho do candidato<\/strong> na gest\u00e3o de projetos para o setor de desenvolvimento e\/ou humanit\u00e1rio por meio do Projeto DPro (PMD Pro)?<\/p>\n<p>[\/et_pb_text][\/et_pb_column][et_pb_column type=&#8221;1_3&#8243; _builder_version=&#8221;4.22.1&#8243; _module_preset=&#8221;default&#8221; global_colors_info=&#8221;{}&#8221;][et_pb_image src=&#8221;https:\/\/pm4ngos.org\/wp-content\/uploads\/2023\/11\/Icones-Site-PM4NGOs-Awards-03.png&#8221; title_text=&#8221;Site \u00cdcones PM4NGOs Pr\u00eamios-03&#8243; align=&#8221;center&#8221; _builder_version=&#8221;4.22.1&#8243; _module_preset=&#8221;default&#8221; width=&#8221;50%&#8221; animation_style=&#8221;fade&#8221; global_colors_info=&#8221;{}&#8221;][\/et_pb_image][et_pb_text _builder_version=&#8221;4.22.1&#8243; _module_preset=&#8221;default&#8221; animation_style=&#8221;fade&#8221; global_colors_info=&#8221;{}&#8221;]<\/p>\n<h3 style=\"text-align: center;\"><span style=\"color: #000080;\"><b>Promovendo o acesso<\/b><\/span><\/h3>\n<p>[\/et_pb_text][et_pb_text _builder_version=&#8221;4.22.1&#8243; _module_preset=&#8221;default&#8221; global_colors_info=&#8221;{}&#8221;]<\/p>\n<p style=\"text-align: center;\">Como as a\u00e7\u00f5es do indicado est\u00e3o focadas em <strong>promover o acesso ao Projeto DPro<\/strong> (PMD Pro) para uma s\u00e9rie de stakeholders do setor<span style=\"font-size: 14px;\">?<\/span><\/p>\n<p>[\/et_pb_text][\/et_pb_column][\/et_pb_row][\/et_pb_section][et_pb_section fb_built=&#8221;1&#8243; admin_label=&#8221;Why Choose Us Section&#8221; _builder_version=&#8221;4.22.1&#8243; use_background_color_gradient=&#8221;on&#8221; background_color_gradient_direction=&#8221;234deg&#8221; background_color_gradient_stops=&#8221;#25aae2 0%|#364aa0 100%&#8221; background_color_gradient_start=&#8221;#fbab7e&#8221; background_color_gradient_end=&#8221;#f7ce68&#8243; min_height=&#8221;760.4px&#8221; custom_margin=&#8221;-88px||-128px|||&#8221; custom_padding=&#8221;65px|0px|110px|0px||&#8221; global_colors_info=&#8221;{}&#8221;][et_pb_row _builder_version=&#8221;4.22.1&#8243; _module_preset=&#8221;default&#8221; global_colors_info=&#8221;{}&#8221;][et_pb_column type=&#8221;4_4&#8243; _builder_version=&#8221;4.22.1&#8243; _module_preset=&#8221;default&#8221; global_colors_info=&#8221;{}&#8221;][et_pb_text _builder_version=&#8221;4.22.1&#8243; text_font=&#8221;||||||||&#8221; header_font=&#8221;||||||||&#8221; header_3_font=&#8221;Poppins|600|||||||&#8221; header_3_font_size=&#8221;36px&#8221; header_3_line_height=&#8221;1.4em&#8221; background_layout=&#8221;dark&#8221; global_colors_info=&#8221;{}&#8221;]<\/p>\n<h3 style=\"text-align: center;\">Pr\u00eamios PM4NGOs 2023<strong><\/strong><\/h3>\n<p>[\/et_pb_text][\/et_pb_column][\/et_pb_row][et_pb_row column_structure=&#8221;1_2,1_2&#8243; _builder_version=&#8221;4.22.1&#8243; _module_preset=&#8221;default&#8221; custom_padding=&#8221;||0px|||&#8221; global_colors_info=&#8221;{}&#8221;][et_pb_column type=&#8221;1_2&#8243; _builder_version=&#8221;4.22.1&#8243; _module_preset=&#8221;default&#8221; global_colors_info=&#8221;{}&#8221;][et_pb_text _builder_version=&#8221;4.22.1&#8243; _module_preset=&#8221;default&#8221; locked=&#8221;off&#8221; global_colors_info=&#8221;{}&#8221;]<\/p>\n<h1 style=\"text-align: left;\"><span style=\"color: #ffffff;\"><strong>O Alan Harpham consiste em:<\/strong><\/span><\/h1>\n<p>[\/et_pb_text][et_pb_text _builder_version=&#8221;4.22.1&#8243; _module_preset=&#8221;default&#8221; text_text_color=&#8221;#FFFFFF&#8221; custom_padding=&#8221;||2px|||&#8221; global_colors_info=&#8221;{}&#8221;]<\/p>\n<ul>\n<li><strong><span style=\"color: #ffffff;\">10 exames DPro Foundation* para o ganhador;<\/span><\/strong><\/li>\n<li><strong><span style=\"color: #ffffff;\">10 exames da Funda\u00e7\u00e3o DPro* para o Indicador;<\/span><\/strong><\/li>\n<li><span style=\"font-weight: 400; color: #ffffff;\">Certificado digital e badge de reconhecimento ao premiado;<\/span><\/li>\n<li><span style=\"font-weight: 400; color: #ffffff;\">Certificado impresso a ser enviado ao premiado;<\/span><\/li>\n<li><span style=\"font-weight: 400; color: #ffffff;\">O premiado ser\u00e1 convidado a integrar o Advisory Group do PM4NGOs<\/span><\/li>\n<li><span style=\"font-weight: 400; color: #ffffff;\">O premiado ter\u00e1 participa\u00e7\u00e3o gratuita em eventos do PM4NGOs (online e presencial);<\/span><\/li>\n<li><span style=\"font-weight: 400; color: #ffffff;\">O ganhador do pr\u00eamio ter\u00e1 uma associa\u00e7\u00e3o honor\u00e1ria vital\u00edcia \u00e0 comunidade PM4NGOs;<\/span><\/li>\n<li><span style=\"font-weight: 400; color: #ffffff;\">Reconhecimento e publica\u00e7\u00e3o do trabalho do benefici\u00e1rio no site da PM4NGOs, m\u00eddias sociais e comunidade.<\/span>\n<ul>\n<li><em><span style=\"font-weight: 400; color: #ffffff;\">As informa\u00e7\u00f5es fornecidas pelo destinat\u00e1rio ser\u00e3o postadas como artigo de blog ou v\u00eddeo no site da PM4NGOs ap\u00f3s a revis\u00e3o da PM4NGOs.<\/span><\/em><\/li>\n<\/ul>\n<\/li>\n<\/ul>\n<p>[\/et_pb_text][\/et_pb_column][et_pb_column type=&#8221;1_2&#8243; _builder_version=&#8221;4.22.1&#8243; _module_preset=&#8221;default&#8221; global_colors_info=&#8221;{}&#8221;][et_pb_text _builder_version=&#8221;4.22.1&#8243; _module_preset=&#8221;default&#8221; locked=&#8221;off&#8221; global_colors_info=&#8221;{}&#8221;]<\/p>\n<h1 style=\"text-align: left;\"><strong><span style=\"color: #ffffff;\">O Award of Excellence consistem em:<\/span><\/strong><\/h1>\n<p>[\/et_pb_text][et_pb_text _builder_version=&#8221;4.22.1&#8243; _module_preset=&#8221;default&#8221; text_text_color=&#8221;#FFFFFF&#8221; global_colors_info=&#8221;{}&#8221;]<\/p>\n<ul>\n<li><span style=\"color: #ffffff;\"><strong>10 exames da DPro Foundation* para o ganhador;<\/strong><\/span><\/li>\n<li><span style=\"color: #ffffff;\"><strong>10 exames da Funda\u00e7\u00e3o DPro* para o Indicador;<\/strong><\/span><\/li>\n<li><span style=\"color: #ffffff;\">Certificado digital e badge de reconhecimento ao premiado;<\/span><\/li>\n<li><span style=\"color: #ffffff;\">Um certificado impresso a ser enviado \u00e0 organiza\u00e7\u00e3o;<\/span><\/li>\n<li><span style=\"color: #ffffff;\">Reconhecimento e publica\u00e7\u00e3o do trabalho premiado no site da PM4NGOs, m\u00eddias sociais e comunidade.<\/span>\n<ul>\n<li><em><span style=\"color: #ffffff;\">As informa\u00e7\u00f5es fornecidas pelo destinat\u00e1rio ser\u00e3o postadas como um artigo de blog ou v\u00eddeo no site da PM4NGOs ap\u00f3s a revis\u00e3o da PM4NGOs.<\/span><\/em><\/li>\n<\/ul>\n<\/li>\n<\/ul>\n<p>[\/et_pb_text][\/et_pb_column][\/et_pb_row][et_pb_row _builder_version=&#8221;4.22.1&#8243; _module_preset=&#8221;default&#8221; custom_margin=&#8221;24px|auto||auto||&#8221; global_colors_info=&#8221;{}&#8221;][et_pb_column type=&#8221;4_4&#8243; _builder_version=&#8221;4.22.1&#8243; _module_preset=&#8221;default&#8221; global_colors_info=&#8221;{}&#8221;][et_pb_text _builder_version=&#8221;4.22.1&#8243; _module_preset=&#8221;default&#8221; global_colors_info=&#8221;{}&#8221;]<\/p>\n<p><span style=\"color: #ffffff;\"><em>*Os vouchers dos exames DPro ter\u00e3o validade de um ano.<\/em><\/span><\/p>\n<p>[\/et_pb_text][\/et_pb_column][\/et_pb_row][\/et_pb_section][et_pb_section fb_built=&#8221;1&#8243; admin_label=&#8221;Our Classes Section&#8221; _builder_version=&#8221;4.16&#8243; background_color=&#8221;#fafbfc&#8221; min_height=&#8221;802.4px&#8221; custom_padding=&#8221;39px|0px|110px|0px||&#8221; global_colors_info=&#8221;{}&#8221;][et_pb_row _builder_version=&#8221;4.16&#8243; global_colors_info=&#8221;{}&#8221;][et_pb_column type=&#8221;4_4&#8243; _builder_version=&#8221;4.16&#8243; custom_padding=&#8221;|||&#8221; global_colors_info=&#8221;{}&#8221; custom_padding__hover=&#8221;|||&#8221;][et_pb_text _builder_version=&#8221;4.22.1&#8243; text_font=&#8221;||||||||&#8221; header_font=&#8221;||||||||&#8221; header_text_align=&#8221;center&#8221; header_3_font=&#8221;Poppins|600|||||||&#8221; header_3_text_color=&#8221;#44d89e&#8221; header_3_font_size=&#8221;36px&#8221; header_3_line_height=&#8221;1.4em&#8221; text_orientation=&#8221;center&#8221; global_colors_info=&#8221;{}&#8221;]<\/p>\n<h3><span style=\"color: #333399;\">Premiados Anteriores<\/span><\/h3>\n<p>[\/et_pb_text][\/et_pb_column][\/et_pb_row][et_pb_row column_structure=&#8221;1_2,1_2&#8243; _builder_version=&#8221;4.22.1&#8243; _module_preset=&#8221;default&#8221; global_colors_info=&#8221;{}&#8221;][et_pb_column type=&#8221;1_2&#8243; _builder_version=&#8221;4.22.1&#8243; _module_preset=&#8221;default&#8221; global_colors_info=&#8221;{}&#8221;][et_pb_text _builder_version=&#8221;4.22.1&#8243; _module_preset=&#8221;default&#8221; global_colors_info=&#8221;{}&#8221;]<\/p>\n<h3 style=\"text-align: center;\"><span style=\"color: #808080;\"><strong>2020-2021<br \/>Vitor Vannucchi Ungari (Brasil)<\/strong><\/span><\/h3>\n<p>[\/et_pb_text][et_pb_video src=&#8221;https:\/\/youtube.com\/shorts\/Iv_vbPqrcNM?feature=share&#8221; _builder_version=&#8221;4.22.1&#8243; _module_preset=&#8221;default&#8221; global_colors_info=&#8221;{}&#8221;][\/et_pb_video][\/et_pb_column][et_pb_column type=&#8221;1_2&#8243; _builder_version=&#8221;4.22.1&#8243; _module_preset=&#8221;default&#8221; global_colors_info=&#8221;{}&#8221;][et_pb_image src=&#8221;https:\/\/pm4ngos.org\/wp-content\/uploads\/2023\/11\/new-site-alan-harpham-award-timeline-1.png&#8221; title_text=&#8221;novo-site-alan-harpham-award-timeline (1)&#8221; align=&#8221;center&#8221; _builder_version=&#8221;4.22.1&#8243; _module_preset=&#8221;default&#8221; width=&#8221;70%&#8221; global_colors_info=&#8221;{}&#8221;][\/et_pb_image][\/et_pb_column][\/et_pb_row][et_pb_row column_structure=&#8221;1_4,1_2,1_4&#8243; _builder_version=&#8221;4.22.1&#8243; _module_preset=&#8221;default&#8221; global_colors_info=&#8221;{}&#8221;][et_pb_column type=&#8221;1_4&#8243; _builder_version=&#8221;4.22.1&#8243; _module_preset=&#8221;default&#8221; global_colors_info=&#8221;{}&#8221;][et_pb_image src=&#8221;https:\/\/pm4ngos.org\/wp-content\/uploads\/2023\/11\/Sem-titulo-1-04.png&#8221; title_text=&#8221;Perguntas &#8211; Pr\u00eamio Alan Harpham&#8221; align=&#8221;center&#8221; _builder_version=&#8221;4.22.1&#8243; _module_preset=&#8221;default&#8221; width=&#8221;52%&#8221; global_colors_info=&#8221;{}&#8221;][\/et_pb_image][\/et_pb_column][et_pb_column type=&#8221;1_2&#8243; _builder_version=&#8221;4.22.1&#8243; _module_preset=&#8221;default&#8221; global_colors_info=&#8221;{}&#8221;][et_pb_text _builder_version=&#8221;4.22.1&#8243; _module_preset=&#8221;default&#8221; custom_margin=&#8221;42px|||-94px||&#8221; global_colors_info=&#8221;{}&#8221;]<\/p>\n<p style=\"text-align: center;\"><em>Se voc\u00ea tiver alguma d\u00favida, por favor, n\u00e3o hesite em entrar em contato com nossa equipe: communications@pm4ngos.org<\/em><\/p>\n<p>[\/et_pb_text][\/et_pb_column][et_pb_column type=&#8221;1_4&#8243; _builder_version=&#8221;4.22.1&#8243; _module_preset=&#8221;default&#8221; global_colors_info=&#8221;{}&#8221;][\/et_pb_column][\/et_pb_row][\/et_pb_section]<\/p>\n","protected":false},"excerpt":{"rendered":"<p>Pr\u00eamios PM4NGOsO Pr\u00eamio Alan Harpham homenageia e reconhece indiv\u00edduos com a\u00e7\u00f5es de destaque na promo\u00e7\u00e3o da profissionaliza\u00e7\u00e3o da gest\u00e3o de projetos nos setores humanit\u00e1rio e de desenvolvimento internacional. Clique aqui para ler sobre a hist\u00f3ria do Pr\u00eamio Alan Harpham.O Award of Excellence reconhece organiza\u00e7\u00f5es com projetos,programas ou iniciativas de destaque na promo\u00e7\u00e3o da profissionaliza\u00e7\u00e3o da [&hellip;]<\/p>\n","protected":false},"author":1,"featured_media":987517390,"parent":0,"menu_order":0,"comment_status":"closed","ping_status":"closed","template":"","meta":{"_et_pb_use_builder":"on","_et_pb_old_content":"","_et_gb_content_width":"","om_disable_all_campaigns":false,"_monsterinsights_skip_tracking":false,"_monsterinsights_sitenote_active":false,"_monsterinsights_sitenote_note":"","_monsterinsights_sitenote_category":0,"_uf_show_specific_survey":0,"_uf_disable_surveys":false,"footnotes":""},"dipi_cpt_category":[],"class_list":["post-987515581","page","type-page","status-publish","has-post-thumbnail","hentry"],"aioseo_notices":[],"_links":{"self":[{"href":"https:\/\/pm4ngos.org\/pt-br\/wp-json\/wp\/v2\/pages\/987515581","targetHints":{"allow":["GET"]}}],"collection":[{"href":"https:\/\/pm4ngos.org\/pt-br\/wp-json\/wp\/v2\/pages"}],"about":[{"href":"https:\/\/pm4ngos.org\/pt-br\/wp-json\/wp\/v2\/types\/page"}],"author":[{"embeddable":true,"href":"https:\/\/pm4ngos.org\/pt-br\/wp-json\/wp\/v2\/users\/1"}],"replies":[{"embeddable":true,"href":"https:\/\/pm4ngos.org\/pt-br\/wp-json\/wp\/v2\/comments?post=987515581"}],"version-history":[{"count":0,"href":"https:\/\/pm4ngos.org\/pt-br\/wp-json\/wp\/v2\/pages\/987515581\/revisions"}],"wp:featuredmedia":[{"embeddable":true,"href":"https:\/\/pm4ngos.org\/pt-br\/wp-json\/wp\/v2\/media\/987517390"}],"wp:attachment":[{"href":"https:\/\/pm4ngos.org\/pt-br\/wp-json\/wp\/v2\/media?parent=987515581"}],"wp:term":[{"taxonomy":"dipi_cpt_category","embeddable":true,"href":"https:\/\/pm4ngos.org\/pt-br\/wp-json\/wp\/v2\/dipi_cpt_category?post=987515581"}],"curies":[{"name":"wp","href":"https:\/\/api.w.org\/{rel}","templated":true}]}}